{"id":7923,"date":"2025-05-15T09:41:06","date_gmt":"2025-05-15T09:41:06","guid":{"rendered":"https:\/\/sonkaya.magneroagency.com\/?post_type=product&#038;p=7923"},"modified":"2025-08-04T12:54:25","modified_gmt":"2025-08-04T12:54:25","slug":"smds1000c-1000ml-cift-nozullu-sivi-dolum-makinasi","status":"publish","type":"product","link":"https:\/\/sonkaya.magneroagency.com\/ru\/smds1000c-1000ml-cift-nozullu-sivi-dolum-makinasi\/","title":{"rendered":"DOLAY 2S1 \u0414\u0432\u043e\u0439\u043d\u0430\u044f \u043c\u0430\u0448\u0438\u043d\u0430 \u0434\u043b\u044f \u0440\u043e\u0437\u043b\u0438\u0432\u0430 \u0436\u0438\u0434\u043a\u043e\u0441\u0442\u0435\u0439 1000 \u043c\u043b"},"content":{"rendered":"<h2 class=\"\"><b>\u0414\u0432\u043e\u0439\u043d\u0430\u044f \u043c\u0430\u0448\u0438\u043d\u0430 \u0434\u043b\u044f \u0440\u043e\u0437\u043b\u0438\u0432\u0430 \u0436\u0438\u0434\u043a\u043e\u0441\u0442\u0438 Sonkaya Dolay 2S1: \u0432\u044b\u0441\u043e\u043a\u0430\u044f \u0442\u043e\u0447\u043d\u043e\u0441\u0442\u044c \u0438 \u0434\u0432\u043e\u0439\u043d\u0430\u044f \u044d\u0444\u0444\u0435\u043a\u0442\u0438\u0432\u043d\u043e\u0441\u0442\u044c<\/b><\/h2>\n<p><strong>\u00a0<\/strong><\/p>\n<p>\u041c\u0430\u0448\u0438\u043d\u0430 \u0434\u043b\u044f \u0440\u043e\u0437\u043b\u0438\u0432\u0430 \u0436\u0438\u0434\u043a\u043e\u0441\u0442\u0438 Sonkaya Dolay 2S1 \u0440\u0430\u0437\u043b\u0438\u0432\u0430\u0435\u0442 \u0436\u0438\u0434\u043a\u0438\u0435 \u043f\u0440\u043e\u0434\u0443\u043a\u0442\u044b \u043e\u0431\u044a\u0435\u043c\u043e\u043c \u043e\u0442 100 \u0434\u043e 1000 \u043c\u043b \u0441 \u0442\u043e\u0447\u043d\u043e\u0441\u0442\u044c\u044e %1 \u0438 \u0443\u0434\u0432\u0430\u0438\u0432\u0430\u0435\u0442 \u043f\u0440\u043e\u0438\u0437\u0432\u043e\u0434\u0438\u0442\u0435\u043b\u044c\u043d\u043e\u0441\u0442\u044c \u0431\u043b\u0430\u0433\u043e\u0434\u0430\u0440\u044f \u0434\u0432\u043e\u0439\u043d\u043e\u043c\u0443 \u0437\u0430\u0433\u0440\u0443\u0437\u043e\u0447\u043d\u043e\u043c\u0443 \u043f\u0430\u0442\u0440\u0443\u0431\u043a\u0443. \u042d\u0442\u0430 \u0432\u044b\u0441\u043e\u043a\u043e\u043f\u0440\u043e\u0438\u0437\u0432\u043e\u0434\u0438\u0442\u0435\u043b\u044c\u043d\u0430\u044f \u043c\u0430\u0448\u0438\u043d\u0430 \u0434\u043b\u044f \u0440\u043e\u0437\u043b\u0438\u0432\u0430 \u043f\u0440\u0435\u0434\u043b\u0430\u0433\u0430\u0435\u0442 \u0438\u0434\u0435\u0430\u043b\u044c\u043d\u043e\u0435 \u0440\u0435\u0448\u0435\u043d\u0438\u0435 \u0434\u043b\u044f \u0440\u0430\u0437\u043b\u0438\u0447\u043d\u044b\u0445 \u043f\u0440\u043e\u043c\u044b\u0448\u043b\u0435\u043d\u043d\u044b\u0445 \u0438 \u043f\u0438\u0449\u0435\u0432\u044b\u0445 \u043f\u0440\u0438\u043c\u0435\u043d\u0435\u043d\u0438\u0439.<\/p>\n<p>&nbsp;<\/p>\n<h3 class=\"\">\u041e\u0441\u043e\u0431\u0435\u043d\u043d\u043e\u0441\u0442\u0438:<\/h3>\n<p>&nbsp;<\/p>\n<ul>\n<li><strong>\u0428\u0438\u0440\u043e\u043a\u0438\u0439 \u0434\u0438\u0430\u043f\u0430\u0437\u043e\u043d \u043d\u0430\u043f\u043e\u043b\u043d\u0435\u043d\u0438\u044f<\/strong>: \u0413\u0438\u0431\u043a\u0430\u044f \u0435\u043c\u043a\u043e\u0441\u0442\u044c \u043e\u0442 100 \u043c\u043b \u0434\u043e 1000 \u043c\u043b \u043e\u0431\u0435\u0441\u043f\u0435\u0447\u0438\u0432\u0430\u0435\u0442 \u0438\u0434\u0435\u0430\u043b\u044c\u043d\u044b\u0439 \u0432\u044b\u0431\u043e\u0440 \u0434\u043b\u044f \u0440\u0430\u0437\u043b\u0438\u0447\u043d\u044b\u0445 \u043e\u0431\u044a\u0435\u043c\u043e\u0432 \u043f\u0440\u043e\u0434\u0443\u043a\u0442\u0430.<\/li>\n<li><strong>\u0412\u044b\u0441\u043e\u043a\u0430\u044f \u0447\u0443\u0432\u0441\u0442\u0432\u0438\u0442\u0435\u043b\u044c\u043d\u043e\u0441\u0442\u044c<\/strong>: %1 \u043e\u0431\u0435\u0441\u043f\u0435\u0447\u0438\u0432\u0430\u0435\u0442 \u0442\u043e\u0447\u043d\u043e\u0435 \u0438 \u0441\u0442\u0430\u0431\u0438\u043b\u044c\u043d\u043e\u0435 \u043d\u0430\u043f\u043e\u043b\u043d\u0435\u043d\u0438\u0435, \u043f\u043e\u044d\u0442\u043e\u043c\u0443 \u0432\u044b \u043f\u043e\u043b\u0443\u0447\u0430\u0435\u0442\u0435 \u043d\u0430\u0434\u0435\u0436\u043d\u044b\u0435 \u0440\u0435\u0437\u0443\u043b\u044c\u0442\u0430\u0442\u044b \u043f\u0440\u0438 \u043a\u0430\u0436\u0434\u043e\u043c \u043d\u0430\u043f\u043e\u043b\u043d\u0435\u043d\u0438\u0438.<\/li>\n<li><strong>\u0414\u0432\u043e\u0439\u043d\u043e\u0439 \u0437\u0430\u043f\u0440\u0430\u0432\u043e\u0447\u043d\u044b\u0439 \u043a\u0440\u0430\u043d<\/strong>: \u0411\u043b\u0430\u0433\u043e\u0434\u0430\u0440\u044f \u0434\u0432\u0443\u043c \u0437\u0430\u0433\u0440\u0443\u0437\u043e\u0447\u043d\u044b\u043c \u043a\u0440\u0430\u043d\u0430\u043c \u043e\u043d \u0443\u0434\u0432\u0430\u0438\u0432\u0430\u0435\u0442 \u0441\u043a\u043e\u0440\u043e\u0441\u0442\u044c \u043f\u0440\u043e\u0438\u0437\u0432\u043e\u0434\u0441\u0442\u0432\u0430, \u043f\u043e\u0432\u044b\u0448\u0430\u044f \u044d\u0444\u0444\u0435\u043a\u0442\u0438\u0432\u043d\u043e\u0441\u0442\u044c \u0440\u0430\u0431\u043e\u0442\u044b \u0438 \u044d\u043a\u043e\u043d\u043e\u043c\u044f \u0432\u0440\u0435\u043c\u044f.<\/li>\n<li><strong>\u041f\u0440\u043e\u0441\u0442\u043e\u0442\u0430 \u0438\u0441\u043f\u043e\u043b\u044c\u0437\u043e\u0432\u0430\u043d\u0438\u044f<\/strong>: \u0411\u043b\u0430\u0433\u043e\u0434\u0430\u0440\u044f \u043f\u0440\u043e\u0441\u0442\u043e\u043c\u0443 \u0438 \u044d\u0440\u0433\u043e\u043d\u043e\u043c\u0438\u0447\u043d\u043e\u043c\u0443 \u0434\u0438\u0437\u0430\u0439\u043d\u0443 \u043c\u0430\u0448\u0438\u043d\u0443 \u043e\u0447\u0435\u043d\u044c \u043b\u0435\u0433\u043a\u043e \u0438\u0441\u043f\u043e\u043b\u044c\u0437\u043e\u0432\u0430\u0442\u044c \u0438 \u0447\u0438\u0441\u0442\u0438\u0442\u044c.<\/li>\n<li><strong>\u041f\u0440\u043e\u0447\u043d\u044b\u0439 \u043c\u0430\u0442\u0435\u0440\u0438\u0430\u043b<\/strong>: \u0418\u0437\u0433\u043e\u0442\u043e\u0432\u043b\u0435\u043d \u0438\u0437 \u0434\u043e\u043b\u0433\u043e\u0432\u0435\u0447\u043d\u044b\u0445 \u0438 \u043f\u0440\u043e\u0447\u043d\u044b\u0445 \u043c\u0430\u0442\u0435\u0440\u0438\u0430\u043b\u043e\u0432, \u0447\u0442\u043e \u043e\u0431\u0435\u0441\u043f\u0435\u0447\u0438\u0432\u0430\u0435\u0442 \u0432\u044b\u0441\u043e\u043a\u0443\u044e \u043f\u0440\u043e\u0438\u0437\u0432\u043e\u0434\u0438\u0442\u0435\u043b\u044c\u043d\u043e\u0441\u0442\u044c \u0438 \u043d\u0430\u0434\u0435\u0436\u043d\u043e\u0441\u0442\u044c.<\/li>\n<\/ul>\n<p>\u041c\u0430\u0448\u0438\u043d\u0430 \u0434\u043b\u044f \u0440\u043e\u0437\u043b\u0438\u0432\u0430 \u0436\u0438\u0434\u043a\u043e\u0441\u0442\u0435\u0439 Sonkaya Dolay 2S1 \u0443\u0441\u043a\u043e\u0440\u044f\u0435\u0442 \u043f\u0440\u043e\u0438\u0437\u0432\u043e\u0434\u0441\u0442\u0432\u0435\u043d\u043d\u044b\u0435 \u043f\u0440\u043e\u0446\u0435\u0441\u0441\u044b \u0438 \u043f\u043e\u0432\u044b\u0448\u0430\u0435\u0442 \u043f\u0440\u043e\u0438\u0437\u0432\u043e\u0434\u0438\u0442\u0435\u043b\u044c\u043d\u043e\u0441\u0442\u044c \u0431\u043b\u0430\u0433\u043e\u0434\u0430\u0440\u044f \u0432\u044b\u0441\u043e\u043a\u043e\u0439 \u0442\u043e\u0447\u043d\u043e\u0441\u0442\u0438 \u0438 \u0444\u0443\u043d\u043a\u0446\u0438\u0438 \u0434\u0432\u043e\u0439\u043d\u043e\u0433\u043e \u0440\u043e\u0437\u043b\u0438\u0432\u0430. \u042d\u0442\u043e \u043e\u0442\u043b\u0438\u0447\u043d\u044b\u0439 \u0432\u044b\u0431\u043e\u0440 \u0434\u043b\u044f \u043f\u0438\u0449\u0435\u0432\u043e\u0439, \u0445\u0438\u043c\u0438\u0447\u0435\u0441\u043a\u043e\u0439 \u0438 \u0434\u0440\u0443\u0433\u0438\u0445 \u043e\u0442\u0440\u0430\u0441\u043b\u0435\u0439 \u043f\u0440\u043e\u043c\u044b\u0448\u043b\u0435\u043d\u043d\u043e\u0441\u0442\u0438.<\/p>\n<p>&nbsp;<\/p>\n<p>\u041f\u0440\u0435\u0436\u043d\u0438\u0439 \u043a\u043e\u0434 \u043f\u0440\u043e\u0434\u0443\u043a\u0442\u0430:SMDS1000C<\/p>","protected":false},"excerpt":{"rendered":"<p>Sonkaya Dolay 2S1 \u0130kili S\u0131v\u0131 Dolum Makinas\u0131: Y\u00fcksek Hassasiyet ve \u00c7ift Verimlilik \u00a0 Sonkaya Dolay 2S1 S\u0131v\u0131 Dolum Makinas\u0131, 100ml ile 1000ml aras\u0131ndaki ak\u0131\u015fkan \u00fcr\u00fcnleri %1 hassasiyetle doldurur ve \u00e7ift dolum muslu\u011fu sayesinde \u00fcretim kapasitenizi iki kat\u0131na \u00e7\u0131kar\u0131r. Bu y\u00fcksek performansl\u0131 dolum makinesi, \u00e7e\u015fitli end\u00fcstriyel ve g\u0131da uygulamalar\u0131nda m\u00fckemmel bir \u00e7\u00f6z\u00fcm sunar. &nbsp; \u00d6zellikler: &nbsp; [&hellip;]<\/p>","protected":false},"featured_media":7961,"comment_status":"open","ping_status":"closed","template":"","meta":[],"product_brand":[82],"product_cat":[129,111],"product_tag":[],"class_list":{"0":"post-7923","1":"product","2":"type-product","3":"status-publish","4":"has-post-thumbnail","6":"product_brand-sonkaya","7":"product_cat-akiskan-sivi-dolum-makinalari","8":"product_cat-tum-urunlerimiz","10":"first","11":"instock","12":"shipping-taxable","13":"product-type-simple"},"_links":{"self":[{"href":"https:\/\/sonkaya.magneroagency.com\/ru\/wp-json\/wp\/v2\/product\/7923","targetHints":{"allow":["GET"]}}],"collection":[{"href":"https:\/\/sonkaya.magneroagency.com\/ru\/wp-json\/wp\/v2\/product"}],"about":[{"href":"https:\/\/sonkaya.magneroagency.com\/ru\/wp-json\/wp\/v2\/types\/product"}],"replies":[{"embeddable":true,"href":"https:\/\/sonkaya.magneroagency.com\/ru\/wp-json\/wp\/v2\/comments?post=7923"}],"wp:featuredmedia":[{"embeddable":true,"href":"https:\/\/sonkaya.magneroagency.com\/ru\/wp-json\/wp\/v2\/media\/7961"}],"wp:attachment":[{"href":"https:\/\/sonkaya.magneroagency.com\/ru\/wp-json\/wp\/v2\/media?parent=7923"}],"wp:term":[{"taxonomy":"product_brand","embeddable":true,"href":"https:\/\/sonkaya.magneroagency.com\/ru\/wp-json\/wp\/v2\/product_brand?post=7923"},{"taxonomy":"product_cat","embeddable":true,"href":"https:\/\/sonkaya.magneroagency.com\/ru\/wp-json\/wp\/v2\/product_cat?post=7923"},{"taxonomy":"product_tag","embeddable":true,"href":"https:\/\/sonkaya.magneroagency.com\/ru\/wp-json\/wp\/v2\/product_tag?post=7923"}],"curies":[{"name":"wp","href":"https:\/\/api.w.org\/{rel}","templated":true}]}}