{"id":8147,"date":"2025-05-15T10:07:55","date_gmt":"2025-05-15T10:07:55","guid":{"rendered":"https:\/\/sonkaya.magneroagency.com\/?post_type=product&#038;p=8147"},"modified":"2025-08-04T12:09:57","modified_gmt":"2025-08-04T12:09:57","slug":"torcap-vagas-nitrogen-fill-air-suction-bag-sealing-machine","status":"publish","type":"product","link":"https:\/\/sonkaya.magneroagency.com\/en\/torcap-vagas-nitrogen-fill-air-suction-bag-sealing-machine\/","title":{"rendered":"Torcap VAGAS Nitrogen fill and Air Suction Automatic Bag Sealing Machine"},"content":{"rendered":"<h2 class=\"\"><strong>Torcap VAGAS Nitrogen Gas Blown Vacuum Coding Bag Sealing Machine<\/strong><\/h2>\n<p><strong>\u00a0<\/strong><\/p>\n<p><strong>Sonkaya Torcap VAGAS<\/strong>is an automatic sealing machine that increases the shelf life of your product by filling the bags with nitrogen gas or by sucking the air inside the bag. It has the ability to make date coding at the same time while closing the mouths of bags such as nuts and chips quickly and effectively.<\/p>\n<p>&nbsp;<\/p>\n<h3 class=\"\"><strong>Highlights:<\/strong><\/h3>\n<p><strong>\u00a0<\/strong><\/p>\n<ul>\n<li><strong>Semi-Automatic Shutdown:<\/strong> Quickly seals heat sealable bags and pouches, increasing your work efficiency.<\/li>\n<li><strong>Date Coding Feature:<\/strong> It automatically encodes the desired date information on the bags, so you don't need a separate date encoding machine.<\/li>\n<li><strong>Material:<\/strong> Made of durable steel, long lasting and easy to clean.<\/li>\n<li><strong>Modes of Use:<\/strong>\u00a0There are gas pressing and shutdown or vacuuming and shutdown modes.<\/li>\n<\/ul>\n<p>&nbsp;<\/p>\n<p><strong>Sonkaya Torcap VAGAS facilitates your business processes by date coding while sealing your bags quickly, efficiently and reliably. It is a perfect packaging solution with its robust structure and useful features.<\/strong><\/p>\n<p><strong>\u00a0<\/strong><\/p>\n<table class=\"MsoNormalTable\" border=\"1\" width=\"501\" cellspacing=\"0\" cellpadding=\"0\">\n<tbody>\n<tr>\n<td width=\"382\">\n<p class=\"MsoNormal\"><b><span style=\"color: black;\">MODEL<\/span><\/b><\/p>\n<\/td>\n<td width=\"118\">\n<p class=\"MsoNormal\"><span style=\"color: #000000;\"><b>Torcap VAGAS<\/b><\/span><\/p>\n<\/td>\n<\/tr>\n<tr>\n<td width=\"382\">\n<p class=\"MsoNormal\"><b><span style=\"color: black;\">Voltage (V)<\/span><\/b><\/p>\n<\/td>\n<td width=\"118\">\n<p class=\"MsoNormal\"><span style=\"color: black;\">AC 220<\/span><\/p>\n<\/td>\n<\/tr>\n<tr>\n<td width=\"382\">\n<p class=\"MsoNormal\"><b><span style=\"color: black;\">Motor Power(W)<\/span><\/b><\/p>\n<\/td>\n<td width=\"118\">\n<p class=\"MsoNormal\"><span style=\"color: black;\">50<\/span><\/p>\n<\/td>\n<\/tr>\n<tr>\n<td width=\"382\">\n<p class=\"MsoNormal\"><b><span style=\"color: black;\">Suction Pump Power(W)<\/span><\/b><\/p>\n<\/td>\n<td width=\"118\">\n<p class=\"MsoNormal\"><span style=\"color: black;\">750<\/span><\/p>\n<\/td>\n<\/tr>\n<tr>\n<td width=\"382\">\n<p class=\"MsoNormal\"><b><span style=\"color: black;\">Shutdown Power (W)<\/span><\/b><\/p>\n<\/td>\n<td width=\"118\">\n<p class=\"MsoNormal\"><span style=\"color: black;\">300*2<\/span><\/p>\n<\/td>\n<\/tr>\n<tr>\n<td width=\"382\">\n<p class=\"MsoNormal\"><b><span style=\"color: black;\">Date Encoding Power (W)<\/span><\/b><\/p>\n<\/td>\n<td width=\"118\">\n<p class=\"MsoNormal\"><span style=\"color: black;\">40\u00d72<\/span><\/p>\n<\/td>\n<\/tr>\n<tr>\n<td width=\"382\">\n<p class=\"MsoNormal\"><b><span style=\"color: black;\">Closing Speed (m\/min)<\/span><\/b><\/p>\n<\/td>\n<td width=\"118\">\n<p class=\"MsoNormal\"><span style=\"color: black;\">0-12<\/span><\/p>\n<\/td>\n<\/tr>\n<tr>\n<td width=\"382\">\n<p class=\"MsoNormal\"><b><span style=\"color: black;\">Closing Width(mm)<\/span><\/b><\/p>\n<\/td>\n<td width=\"118\">\n<p class=\"MsoNormal\"><span style=\"color: black;\">10<\/span><\/p>\n<\/td>\n<\/tr>\n<tr>\n<td width=\"382\">\n<p class=\"MsoNormal\"><b><span style=\"color: black;\">Temperature Adjustment (<\/span><\/b><b><span style=\"color: black;\">\u2103<\/span><span style=\"color: black;\">)<\/span><\/b><\/p>\n<\/td>\n<td width=\"118\">\n<p class=\"MsoNormal\"><span style=\"color: black;\">0-300<\/span><\/p>\n<\/td>\n<\/tr>\n<tr>\n<td width=\"382\">\n<p class=\"MsoNormal\"><b><span style=\"color: black;\">Ink Type<\/span><\/b><\/p>\n<\/td>\n<td width=\"118\">\n<p class=\"MsoNormal\"><span style=\"color: black;\">Solid Ink<\/span><\/p>\n<\/td>\n<\/tr>\n<tr>\n<td width=\"382\">\n<p class=\"MsoNormal\"><b><span style=\"color: black;\">Conveyor Distance from Gluing Jaw Center (mm)<\/span><\/b><\/p>\n<\/td>\n<td width=\"118\">\n<p class=\"MsoNormal\"><span style=\"color: black;\">10-40<\/span><\/p>\n<\/td>\n<\/tr>\n<tr>\n<td width=\"382\">\n<p class=\"MsoNormal\"><b><span style=\"color: black;\">Distance between Floor and Conveyor (mm)<\/span><\/b><\/p>\n<\/td>\n<td width=\"118\">\n<p class=\"MsoNormal\"><span style=\"color: black;\">68-85<\/span><\/p>\n<\/td>\n<\/tr>\n<tr>\n<td width=\"382\">\n<p class=\"MsoNormal\"><b><span style=\"color: black;\">Conveyor Dimensions (L\u00d7W) (mm)<\/span><\/b><\/p>\n<\/td>\n<td width=\"118\">\n<p class=\"MsoNormal\"><span style=\"color: black;\">1054\u00d7203<\/span><\/p>\n<\/td>\n<\/tr>\n<tr>\n<td width=\"382\">\n<p class=\"MsoNormal\"><b><span style=\"color: black;\">Total Conveyor Conveying Capacity (kg)<\/span><\/b><\/p>\n<\/td>\n<td width=\"118\">\n<p class=\"MsoNormal\"><span style=\"color: black;\">\u226410<\/span><\/p>\n<\/td>\n<\/tr>\n<tr>\n<td width=\"382\">\n<p class=\"MsoNormal\"><b><span style=\"color: black;\">Wooden Box Dimensions (E\u00d7W\u00d7H) (mm)<\/span><\/b><\/p>\n<\/td>\n<td width=\"118\">\n<p class=\"MsoNormal\"><span style=\"color: black;\">1050\u00d7550\u00d7900<\/span><\/p>\n<\/td>\n<\/tr>\n<tr>\n<td width=\"382\">\n<p class=\"MsoNormal\"><b><span style=\"color: black;\">Net Weight(kg)<\/span><\/b><\/p>\n<\/td>\n<td width=\"118\">\n<p class=\"MsoNormal\"><span style=\"color: black;\">67<\/span><\/p>\n<\/td>\n<\/tr>\n<tr>\n<td width=\"382\">\n<p class=\"MsoNormal\"><b><span style=\"color: black;\">Nitrogen Gas Inlet Diameter<\/span><\/b><\/p>\n<\/td>\n<td width=\"118\">\n<p class=\"MsoNormal\"><span style=\"color: black;\">8mm<\/span><\/p>\n<\/td>\n<\/tr>\n<\/tbody>\n<\/table>","protected":false},"excerpt":{"rendered":"<p>Torcap VAGAS Nitrojen Gaz \u00dcflemeli Vakumlu Kodlamal\u0131 Po\u015fet Kapatma Makinas\u0131 \u00a0 Sonkaya Torcap VAGAS, po\u015fetlere azot gaz\u0131 doldurarak yada po\u015fet i\u00e7indeki havay\u0131 emerek \u00fcr\u00fcn\u00fcn\u00fcz\u00fcn raf \u00f6mr\u00fcn\u00fc artt\u0131ran otomatik bir kapatma makinesidir. \u00d6zellikle kuruyemi\u015f, cips gibi po\u015fetlerin a\u011f\u0131zlar\u0131n\u0131 h\u0131zl\u0131 ve etkili bir \u015fekilde kapat\u0131rken, ayn\u0131 zamanda tarih kodlamas\u0131 yapma yetene\u011fine sahiptir. &nbsp; \u00d6ne \u00c7\u0131kan \u00d6zellikler: \u00a0 [&hellip;]<\/p>","protected":false},"featured_media":8176,"comment_status":"open","ping_status":"closed","template":"","meta":[],"product_brand":[82],"product_cat":[114,118,111],"product_tag":[],"class_list":{"0":"post-8147","1":"product","2":"type-product","3":"status-publish","4":"has-post-thumbnail","6":"product_brand-sonkaya","7":"product_cat-kapatma-makinalari","8":"product_cat-poset-agzi-kapatma-makinalari","9":"product_cat-tum-urunlerimiz","11":"first","12":"instock","13":"shipping-taxable","14":"product-type-simple"},"_links":{"self":[{"href":"https:\/\/sonkaya.magneroagency.com\/en\/wp-json\/wp\/v2\/product\/8147","targetHints":{"allow":["GET"]}}],"collection":[{"href":"https:\/\/sonkaya.magneroagency.com\/en\/wp-json\/wp\/v2\/product"}],"about":[{"href":"https:\/\/sonkaya.magneroagency.com\/en\/wp-json\/wp\/v2\/types\/product"}],"replies":[{"embeddable":true,"href":"https:\/\/sonkaya.magneroagency.com\/en\/wp-json\/wp\/v2\/comments?post=8147"}],"wp:featuredmedia":[{"embeddable":true,"href":"https:\/\/sonkaya.magneroagency.com\/en\/wp-json\/wp\/v2\/media\/8176"}],"wp:attachment":[{"href":"https:\/\/sonkaya.magneroagency.com\/en\/wp-json\/wp\/v2\/media?parent=8147"}],"wp:term":[{"taxonomy":"product_brand","embeddable":true,"href":"https:\/\/sonkaya.magneroagency.com\/en\/wp-json\/wp\/v2\/product_brand?post=8147"},{"taxonomy":"product_cat","embeddable":true,"href":"https:\/\/sonkaya.magneroagency.com\/en\/wp-json\/wp\/v2\/product_cat?post=8147"},{"taxonomy":"product_tag","embeddable":true,"href":"https:\/\/sonkaya.magneroagency.com\/en\/wp-json\/wp\/v2\/product_tag?post=8147"}],"curies":[{"name":"wp","href":"https:\/\/api.w.org\/{rel}","templated":true}]}}