{"id":8139,"date":"2025-05-15T10:08:47","date_gmt":"2025-05-15T10:08:47","guid":{"rendered":"https:\/\/sonkaya.magneroagency.com\/?post_type=product&#038;p=8139"},"modified":"2025-08-04T12:07:30","modified_gmt":"2025-08-04T12:07:30","slug":"etitech-de-fully-automatic-flat-surface-labeling-machine","status":"publish","type":"product","link":"https:\/\/sonkaya.magneroagency.com\/en\/etitech-de-fully-automatic-flat-surface-labeling-machine\/","title":{"rendered":"Etitech DE Fully Automatic Flat Surface Labeling Machine"},"content":{"rendered":"<h2 class=\"\">Etitech DE Tam<b>\u00a0Automatic Flat Surface Labeling Machine<\/b><\/h2>\n<p><strong>\u00a0<\/strong><\/p>\n<p>Sonkaya Etitech DE is designed for fully automated labeling of flat surfaces such as jar lids, honeycomb honey packs, box tops, etc. by adding them to your production line.<\/p>\n<p>&nbsp;<\/p>\n<h3 class=\"\">Features:<\/h3>\n<p>&nbsp;<\/p>\n<ul>\n<li><strong>Ease of Use<\/strong>: Thanks to the touch screen, the machine is very simple to operate and allows you to quickly manage the operation processes.<\/li>\n<li><strong>Label Type<\/strong>: Suitable for opaque or transparent labels. Please specify your label type during the purchasing process.<\/li>\n<li><strong>Optional Accessories<\/strong>: By adding a date coding module to our machine, you can quickly solve both labeling and coding.<\/li>\n<\/ul>","protected":false},"excerpt":{"rendered":"<p>Etitech DE Tam\u00a0Otomatik D\u00fcz Y\u00fczey Etiketleme Makinas\u0131 \u00a0 Sonkaya Etitech DE, kavanoz kapa\u011f\u0131, petek bal paketi, kutu \u00fcst y\u00fczeyi gibi d\u00fcz y\u00fczeylerin etiketleme i\u015flemini \u00fcretim hatt\u0131n\u0131za ekleyerek tamamen otomatik olarak uygulamak i\u00e7in tasarland\u0131. &nbsp; \u00d6zellikler: &nbsp; Kullan\u0131m Kolayl\u0131\u011f\u0131: Dokunmatik ekran sayesinde makinenin kullan\u0131m\u0131 olduk\u00e7a basittir ve i\u015flem s\u00fcre\u00e7lerini h\u0131zl\u0131ca y\u00f6netmenizi sa\u011flar. Etiket T\u00fcr\u00fc: Opak veya [&hellip;]<\/p>","protected":false},"featured_media":8162,"comment_status":"open","ping_status":"closed","template":"","meta":[],"product_brand":[82],"product_cat":[121,111],"product_tag":[],"class_list":{"0":"post-8139","1":"product","2":"type-product","3":"status-publish","4":"has-post-thumbnail","6":"product_brand-sonkaya","7":"product_cat-etiketleme-makinalari","8":"product_cat-tum-urunlerimiz","10":"first","11":"instock","12":"shipping-taxable","13":"product-type-simple"},"_links":{"self":[{"href":"https:\/\/sonkaya.magneroagency.com\/en\/wp-json\/wp\/v2\/product\/8139","targetHints":{"allow":["GET"]}}],"collection":[{"href":"https:\/\/sonkaya.magneroagency.com\/en\/wp-json\/wp\/v2\/product"}],"about":[{"href":"https:\/\/sonkaya.magneroagency.com\/en\/wp-json\/wp\/v2\/types\/product"}],"replies":[{"embeddable":true,"href":"https:\/\/sonkaya.magneroagency.com\/en\/wp-json\/wp\/v2\/comments?post=8139"}],"wp:featuredmedia":[{"embeddable":true,"href":"https:\/\/sonkaya.magneroagency.com\/en\/wp-json\/wp\/v2\/media\/8162"}],"wp:attachment":[{"href":"https:\/\/sonkaya.magneroagency.com\/en\/wp-json\/wp\/v2\/media?parent=8139"}],"wp:term":[{"taxonomy":"product_brand","embeddable":true,"href":"https:\/\/sonkaya.magneroagency.com\/en\/wp-json\/wp\/v2\/product_brand?post=8139"},{"taxonomy":"product_cat","embeddable":true,"href":"https:\/\/sonkaya.magneroagency.com\/en\/wp-json\/wp\/v2\/product_cat?post=8139"},{"taxonomy":"product_tag","embeddable":true,"href":"https:\/\/sonkaya.magneroagency.com\/en\/wp-json\/wp\/v2\/product_tag?post=8139"}],"curies":[{"name":"wp","href":"https:\/\/api.w.org\/{rel}","templated":true}]}}