{"id":8138,"date":"2025-05-15T10:09:46","date_gmt":"2025-05-15T10:09:46","guid":{"rendered":"https:\/\/sonkaya.magneroagency.com\/?post_type=product&#038;p=8138"},"modified":"2025-08-04T12:04:30","modified_gmt":"2025-08-04T12:04:30","slug":"etitech-se-fully-automatic-cylindrical-product-labeling-machine","status":"publish","type":"product","link":"https:\/\/sonkaya.magneroagency.com\/en\/etitech-se-fully-automatic-cylindrical-product-labeling-machine\/","title":{"rendered":"Etitech SE Fully Automatic Cylindrical Bottle Labeling Machine"},"content":{"rendered":"<div style=\"position: relative; padding-bottom: 56.25%; height: 0; overflow: hidden; background: #000;\"><iframe style=\"position: absolute; top: 0; left: 0; width: 100%; height: 100%;\" title=\"YouTube video player\" src=\"https:\/\/www.youtube.com\/embed\/6eahRtPYm_0\" frameborder=\"0\" allowfullscreen=\"allowfullscreen\"><\/iframe><\/div>\n<h2 class=\"\"><\/h2>\n<h2 class=\"\"><span style=\"font-weight: normal;\"><b>Etitech SE Fully Automatic Cylindrical Bottle Labeling Machine<\/b><\/span><\/h2>\n<p><strong>\u00a0<\/strong><\/p>\n<p>Sonkaya Etitech SE is designed to add cylindrical labeling of bottles, jars, vials, etc. to your production line and implement it fully automatically.<\/p>\n<p>&nbsp;<\/p>\n<h3 class=\"\">Features:<\/h3>\n<p>&nbsp;<\/p>\n<ul>\n<li><strong>Ease of Use<\/strong>: Thanks to the touch screen, the machine is very simple to operate and allows you to quickly manage the operation processes.<\/li>\n<li><strong>Label Type<\/strong>: Suitable for opaque or transparent labels. Please specify your label type during the purchasing process.<\/li>\n<li><strong>Optional Accessories<\/strong>: By adding Etitech TB feeding tray and Etitech TT picking tray to your production line, you can speed up your manufacturing process. Reduce your production cost.<\/li>\n<\/ul>","protected":false},"excerpt":{"rendered":"<p>Etitech SE Tam Otomatik Silindirik \u015ei\u015fe Etiketleme Makinas\u0131 \u00a0 Sonkaya Etitech SE, \u015fi\u015fe, kavanoz, flakon gibi silindirik etiketleme i\u015flemini \u00fcretim hatt\u0131n\u0131za ekleyerek tamamen otomatik olarak uygulamak i\u00e7in tasarland\u0131. &nbsp; \u00d6zellikler: &nbsp; Kullan\u0131m Kolayl\u0131\u011f\u0131: Dokunmatik ekran sayesinde makinenin kullan\u0131m\u0131 olduk\u00e7a basittir ve i\u015flem s\u00fcre\u00e7lerini h\u0131zl\u0131ca y\u00f6netmenizi sa\u011flar. Etiket T\u00fcr\u00fc: Opak veya \u015feffaf etiketlere uygundur. Sat\u0131n alma [&hellip;]<\/p>","protected":false},"featured_media":8161,"comment_status":"open","ping_status":"closed","template":"","meta":[],"product_brand":[82],"product_cat":[121,111],"product_tag":[],"class_list":{"0":"post-8138","1":"product","2":"type-product","3":"status-publish","4":"has-post-thumbnail","6":"product_brand-sonkaya","7":"product_cat-etiketleme-makinalari","8":"product_cat-tum-urunlerimiz","10":"first","11":"instock","12":"shipping-taxable","13":"product-type-simple"},"_links":{"self":[{"href":"https:\/\/sonkaya.magneroagency.com\/en\/wp-json\/wp\/v2\/product\/8138","targetHints":{"allow":["GET"]}}],"collection":[{"href":"https:\/\/sonkaya.magneroagency.com\/en\/wp-json\/wp\/v2\/product"}],"about":[{"href":"https:\/\/sonkaya.magneroagency.com\/en\/wp-json\/wp\/v2\/types\/product"}],"replies":[{"embeddable":true,"href":"https:\/\/sonkaya.magneroagency.com\/en\/wp-json\/wp\/v2\/comments?post=8138"}],"wp:featuredmedia":[{"embeddable":true,"href":"https:\/\/sonkaya.magneroagency.com\/en\/wp-json\/wp\/v2\/media\/8161"}],"wp:attachment":[{"href":"https:\/\/sonkaya.magneroagency.com\/en\/wp-json\/wp\/v2\/media?parent=8138"}],"wp:term":[{"taxonomy":"product_brand","embeddable":true,"href":"https:\/\/sonkaya.magneroagency.com\/en\/wp-json\/wp\/v2\/product_brand?post=8138"},{"taxonomy":"product_cat","embeddable":true,"href":"https:\/\/sonkaya.magneroagency.com\/en\/wp-json\/wp\/v2\/product_cat?post=8138"},{"taxonomy":"product_tag","embeddable":true,"href":"https:\/\/sonkaya.magneroagency.com\/en\/wp-json\/wp\/v2\/product_tag?post=8138"}],"curies":[{"name":"wp","href":"https:\/\/api.w.org\/{rel}","templated":true}]}}