{"id":7983,"date":"2025-05-15T10:10:47","date_gmt":"2025-05-15T10:10:47","guid":{"rendered":"https:\/\/sonkaya.magneroagency.com\/?post_type=product&#038;p=7983"},"modified":"2025-08-04T11:59:48","modified_gmt":"2025-08-04T11:59:48","slug":"smkb3-box-sealing-machine-50x60cm","status":"publish","type":"product","link":"https:\/\/sonkaya.magneroagency.com\/en\/smkb3-box-sealing-machine-50x60cm\/","title":{"rendered":"SMKB3 Carton Sealing Machine 50x60cm"},"content":{"rendered":"<h2 class=\"\"><strong>KOBA 3 Parcel Taping Machine - 50x60cm<\/strong><\/h2>\n<p>&nbsp;<\/p>\n<p>Sonkaya KOBA 3 Parcel Taping Machine quickly seals your parcels with a maximum width and height of 50\u00d760 cm and a maximum weight of 30 kg with duct tape on both sides at the same time. This efficient machine facilitates your packaging processes and saves time.<\/p>","protected":false},"excerpt":{"rendered":"<p>KOBA 3 Koli Bantlama Makinas\u0131 &#8211; 50x60cm &nbsp; Sonkaya KOBA 3 Koli Bantlama Makinas\u0131, geni\u015fli\u011fi ve y\u00fcksekli\u011fi en fazla 50&#215;60 cm olan, maksimum 30 kg a\u011f\u0131rl\u0131\u011f\u0131ndaki kolilerinizi iki taraf\u0131n\u0131 da ayn\u0131 anda h\u0131zl\u0131ca koli bant\u0131yla yap\u0131\u015ft\u0131r\u0131r. Bu verimli makine, paketleme i\u015flemlerinizi kolayla\u015ft\u0131r\u0131r ve zaman tasarrufu sa\u011flar.<\/p>","protected":false},"featured_media":8029,"comment_status":"open","ping_status":"closed","template":"","meta":[],"product_brand":[82],"product_cat":[114,125,111],"product_tag":[],"class_list":{"0":"post-7983","1":"product","2":"type-product","3":"status-publish","4":"has-post-thumbnail","6":"product_brand-sonkaya","7":"product_cat-kapatma-makinalari","8":"product_cat-koli-bantlama-makinalari","9":"product_cat-tum-urunlerimiz","11":"first","12":"instock","13":"shipping-taxable","14":"product-type-simple"},"_links":{"self":[{"href":"https:\/\/sonkaya.magneroagency.com\/en\/wp-json\/wp\/v2\/product\/7983","targetHints":{"allow":["GET"]}}],"collection":[{"href":"https:\/\/sonkaya.magneroagency.com\/en\/wp-json\/wp\/v2\/product"}],"about":[{"href":"https:\/\/sonkaya.magneroagency.com\/en\/wp-json\/wp\/v2\/types\/product"}],"replies":[{"embeddable":true,"href":"https:\/\/sonkaya.magneroagency.com\/en\/wp-json\/wp\/v2\/comments?post=7983"}],"wp:featuredmedia":[{"embeddable":true,"href":"https:\/\/sonkaya.magneroagency.com\/en\/wp-json\/wp\/v2\/media\/8029"}],"wp:attachment":[{"href":"https:\/\/sonkaya.magneroagency.com\/en\/wp-json\/wp\/v2\/media?parent=7983"}],"wp:term":[{"taxonomy":"product_brand","embeddable":true,"href":"https:\/\/sonkaya.magneroagency.com\/en\/wp-json\/wp\/v2\/product_brand?post=7983"},{"taxonomy":"product_cat","embeddable":true,"href":"https:\/\/sonkaya.magneroagency.com\/en\/wp-json\/wp\/v2\/product_cat?post=7983"},{"taxonomy":"product_tag","embeddable":true,"href":"https:\/\/sonkaya.magneroagency.com\/en\/wp-json\/wp\/v2\/product_tag?post=7983"}],"curies":[{"name":"wp","href":"https:\/\/api.w.org\/{rel}","templated":true}]}}