{"id":7974,"date":"2025-05-15T09:50:23","date_gmt":"2025-05-15T09:50:23","guid":{"rendered":"https:\/\/sonkaya.magneroagency.com\/?post_type=product&#038;p=7974"},"modified":"2025-08-04T12:33:05","modified_gmt":"2025-08-04T12:33:05","slug":"sms-pm120-heat-tunnel-l-cutting-shrink-machine-50x40cm","status":"publish","type":"product","link":"https:\/\/sonkaya.magneroagency.com\/en\/sms-pm120-heat-tunnel-l-cutting-shrink-machine-50x40cm\/","title":{"rendered":"SMSPM120 L-Cutting Shrink Packaging Machine with Heat Tunnel 50x40cm"},"content":{"rendered":"<h2 class=\"\"><strong>SMSPM120 L-Cutting Shrink Packaging Machine with Heat Tunnel 50x40cm<\/strong><\/h2>\n<p><strong>\u00a0<\/strong><\/p>\n<p><strong>CAPLA LB L Cut Shrink Machine with Heat Tunnel<\/strong>effectively packs your products up to 450x350x200mm in size. It protects your products from external factors and increases their safety during transportation by wrapping them with various films such as POF, PVC and PP.<\/p>\n<p>&nbsp;<\/p>\n<h3 class=\"\"><strong>Highlights:<\/strong><\/h3>\n<p><strong>\u00a0<\/strong><\/p>\n<ul>\n<li><strong>Large Packing Space:<\/strong> With its 50x40cm L-cut design, it easily packs products of 450x350x200mm in size.<\/li>\n<li><strong>Movie Options:<\/strong> POF offers solutions for various packaging needs with its PVC and PP films.<\/li>\n<li><strong>Heat Tunnel<\/strong> By passing the product through the heat tunnel, it perfectly realizes the film coating and ensures a tight wrapping of the package.<\/li>\n<li><strong>Retrieval Feature:<\/strong> Passing the product through the heat tunnel and back increases process efficiency and guarantees the quality of the film coating.<\/li>\n<\/ul>\n<p><strong>Areas of Use:<\/strong><\/p>\n<ul>\n<li>Product protection and packaging<\/li>\n<li>Retail and industrial product packaging<\/li>\n<li>Bottle and jar packaging<\/li>\n<\/ul>\n<p><strong>Capla LB Heat Tunnel L Cut Shrink Machine<\/strong>packs your products securely and protects them from external factors. Thanks to its heat tunnel process, it provides a perfect film coating and increases operational efficiency.<\/p>","protected":false},"excerpt":{"rendered":"<p>CAPLA LB Is\u0131 T\u00fcnelli L Kesim Shrink Makinas\u0131 50x40cm \u00a0 CAPLA LB Is\u0131 T\u00fcnelli L Kesim Shrink Makinas\u0131, 450x350x200mm ebat\u0131na kadar \u00fcr\u00fcnlerinizi etkili bir \u015fekilde ambalajlar. POF, PVC ve PP gibi \u00e7e\u015fitli filmlerle \u00fcr\u00fcnlerinizi sararak d\u0131\u015f etkenlerden korur ve ta\u015f\u0131ma s\u0131ras\u0131nda g\u00fcvenli\u011fini art\u0131r\u0131r. &nbsp; \u00d6ne \u00c7\u0131kan \u00d6zellikler: \u00a0 Geni\u015f Paketleme Alan\u0131: 50x40cm L kesim tasar\u0131m\u0131 [&hellip;]<\/p>","protected":false},"featured_media":8022,"comment_status":"open","ping_status":"closed","template":"","meta":[],"product_brand":[82],"product_cat":[130,111],"product_tag":[],"class_list":{"0":"post-7974","1":"product","2":"type-product","3":"status-publish","4":"has-post-thumbnail","6":"product_brand-sonkaya","7":"product_cat-shrink-ambalaj-makinalari","8":"product_cat-tum-urunlerimiz","10":"first","11":"instock","12":"shipping-taxable","13":"product-type-simple"},"_links":{"self":[{"href":"https:\/\/sonkaya.magneroagency.com\/en\/wp-json\/wp\/v2\/product\/7974","targetHints":{"allow":["GET"]}}],"collection":[{"href":"https:\/\/sonkaya.magneroagency.com\/en\/wp-json\/wp\/v2\/product"}],"about":[{"href":"https:\/\/sonkaya.magneroagency.com\/en\/wp-json\/wp\/v2\/types\/product"}],"replies":[{"embeddable":true,"href":"https:\/\/sonkaya.magneroagency.com\/en\/wp-json\/wp\/v2\/comments?post=7974"}],"wp:featuredmedia":[{"embeddable":true,"href":"https:\/\/sonkaya.magneroagency.com\/en\/wp-json\/wp\/v2\/media\/8022"}],"wp:attachment":[{"href":"https:\/\/sonkaya.magneroagency.com\/en\/wp-json\/wp\/v2\/media?parent=7974"}],"wp:term":[{"taxonomy":"product_brand","embeddable":true,"href":"https:\/\/sonkaya.magneroagency.com\/en\/wp-json\/wp\/v2\/product_brand?post=7974"},{"taxonomy":"product_cat","embeddable":true,"href":"https:\/\/sonkaya.magneroagency.com\/en\/wp-json\/wp\/v2\/product_cat?post=7974"},{"taxonomy":"product_tag","embeddable":true,"href":"https:\/\/sonkaya.magneroagency.com\/en\/wp-json\/wp\/v2\/product_tag?post=7974"}],"curies":[{"name":"wp","href":"https:\/\/api.w.org\/{rel}","templated":true}]}}