{"id":7973,"date":"2025-05-15T10:09:21","date_gmt":"2025-05-15T10:09:21","guid":{"rendered":"https:\/\/sonkaya.magneroagency.com\/?post_type=product&#038;p=7973"},"modified":"2025-08-04T12:05:25","modified_gmt":"2025-08-04T12:05:25","slug":"smapy300g-wide-conveyor-bag-sealing-machine","status":"publish","type":"product","link":"https:\/\/sonkaya.magneroagency.com\/en\/smapy300g-wide-conveyor-bag-sealing-machine\/","title":{"rendered":"SMAPY300G Automatic Continuous Wide Bag Sealing Machine"},"content":{"rendered":"<h2 class=\"\"><img decoding=\"async\" style=\"width: 828px;\" src=\"https:\/\/cdn.myikas.com\/images\/29cda3ed-e0be-4a8c-bcaf-7670e06cb6c9\/828d4076-14a7-40c9-adec-6f0a1fbeb26e\/image_1080.webp\" alt=\"\" title=\"\"><img decoding=\"async\" style=\"width: 829px;\" src=\"https:\/\/cdn.myikas.com\/images\/29cda3ed-e0be-4a8c-bcaf-7670e06cb6c9\/7fe04568-f7c8-4aa7-84b3-7c829a9fdb87\/image_1080.webp\" alt=\"\" title=\"\"><img decoding=\"async\" style=\"width: 829px;\" src=\"https:\/\/cdn.myikas.com\/images\/29cda3ed-e0be-4a8c-bcaf-7670e06cb6c9\/c2517674-8f4d-447c-85c4-f608d9cb2c48\/image_1080.webp\" alt=\"\" title=\"\"><strong><br \/>\n<\/strong><\/h2>\n<h2 class=\"\"><\/h2>\n<h2 class=\"\"><strong>Torcap Eko G Automatic Bag Sealing Machine with Wide Walking Belt<\/strong><\/h2>\n<p><strong>\u00a0<\/strong><\/p>\n<p>Sonkaya's <strong>Torcap Eko G Wide Automatic Bag Sealing Machine<\/strong>is characterized by its wide conveyor especially designed for horizontal and long bags. It is the perfect solution for fast and reliable sealing of different types of bags such as phyllo bags, gusseted long coffee bags, etc.<\/p>\n<p>&nbsp;<\/p>\n<h3 class=\"\"><strong>Highlights:<\/strong><\/h3>\n<p><strong>\u00a0<\/strong><\/p>\n<ul>\n<li><strong>Wide Conveyor<\/strong> It easily handles all kinds of bags with its wide conveyor design for sealing long and horizontal bags.<\/li>\n<li><strong>Three Stage Closure Process:<\/strong>\n<ul>\n<li><strong>Heating<\/strong> When the bag is picked up from the right side of the conveyor, it is sealed at a high temperature adjustable up to 300 degrees with 12 mm wide heating jaws at the top and bottom. <a style=\"font-style: normal; font-weight: 400; font-size: 14px;\" href=\"https:\/\/sonkaya.com.tr\/teflo-otomatik-poset-kapatma-makinasi-teflon-banti\" rel=\"nofollow noopener\" target=\"_blank\">Teflon tapes<\/a><span style=\"font-style: normal; font-weight: 400; font-size: 14px;\">,<\/span>\u00a0prevents heating jaws from damaging the bag.<\/li>\n<li><strong>Cooling<\/strong> After heating, top and bottom cooling blocks provide instant cooling.<\/li>\n<li><strong>Pressing:<\/strong> The cooled bag passes between the metal ball and rubber rollers, ensuring full adhesion.<\/li>\n<\/ul>\n<\/li>\n<li><strong>Fast and Automated Processing:<\/strong> All this happens automatically in just a second or two, depending on the conveyor speed, with no manual intervention required.<\/li>\n<\/ul>\n<p><strong>Application Areas:<\/strong>Torcap Eko G can seal various types of pouches, including<\/p>\n<p>&nbsp;<\/p>\n<ul>\n<li>Autoclave bags (sterilization bags)<\/li>\n<li>Metalized bags<\/li>\n<li>Nylon bags<\/li>\n<li>Aluminum bags<\/li>\n<li>Side gusseted bags<\/li>\n<li>Sitting bags (doypack bags)<\/li>\n<li>Ziplock bags (zip lock bags)<\/li>\n<li>Kraft bags<\/li>\n<\/ul>\n<p><strong>Consumables<\/strong>In stock\u00a0<span style=\", inter, sans-serif;font-size: 14px; font-style: normal; font-weight: 400;\">continuous\u00a0<\/span><a style=\"font-style: normal; font-weight: 400; font-size: 14px;\" href=\"https:\/\/sonkaya.com.tr\/teflo-otomatik-poset-kapatma-makinasi-teflon-banti\" rel=\"nofollow noopener\" target=\"_blank\">teflon tape<\/a><span style=\", inter, sans-serif;font-size: 14px; font-style: normal; font-weight: 400;\">toothed belt,\u00a0<\/span><a style=\"font-style: normal; font-weight: 400; font-size: 14px;\" href=\"https:\/\/sonkaya.com.tr\/murto-16-poset-kapatma-makinasi-kati-murekkep-topu-36x16mm\" rel=\"nofollow noopener\" target=\"_blank\">ink balls<\/a><span style=\", inter, sans-serif;font-size: 14px; font-style: normal; font-weight: 400;\">,<\/span>\u00a0consumables such as heater resistances are available.<\/p>\n<p>&nbsp;<\/p>\n<p><strong>Seal your bags quickly, effectively and reliably with Sonkaya Torcap Eko G. Achieve perfect results with the wide conveyor design and three-stage sealing process!<\/strong><\/p>\n<p><strong>\u00a0<\/strong><\/p>\n<h3 class=\"\"><strong>Technical Specifications Table:<\/strong><\/h3>\n<h3 class=\"\"><\/h3>\n<p>&nbsp;<\/p>\n<table border=\"1\">\n<thead>\n<tr>\n<th><b>Feature<\/b><\/th>\n<th><b>Value<\/b><\/th>\n<\/tr>\n<\/thead>\n<tbody>\n<tr>\n<td style=\"border: 1px solid #dee2e6; padding: 0.75rem; vertical-align: top;\">Brand<\/td>\n<td style=\"border: 1px solid #dee2e6; padding: 0.75rem; vertical-align: top;\">SONKAYA<\/td>\n<\/tr>\n<tr>\n<td style=\"border: 1px solid #dee2e6; padding: 0.75rem; vertical-align: top;\">Model<\/td>\n<td style=\"border: 1px solid #dee2e6; padding: 0.75rem; vertical-align: top;\">Torcap Eco G<\/td>\n<\/tr>\n<tr>\n<td style=\"border: 1px solid #dee2e6; padding: 0.75rem; vertical-align: top;\">Closing Width<\/td>\n<td style=\"border: 1px solid #dee2e6; padding: 0.75rem; vertical-align: top;\">6mm - 12mm<\/td>\n<\/tr>\n<tr>\n<td style=\"border: 1px solid #dee2e6; padding: 0.75rem; vertical-align: top;\">Bag Thickness<\/td>\n<td style=\"border: 1px solid #dee2e6; padding: 0.75rem; vertical-align: top;\">300 - 800 microns<\/td>\n<\/tr>\n<tr>\n<td style=\"border: 1px solid #dee2e6; padding: 0.75rem; vertical-align: top;\">Bag Types<\/td>\n<td style=\"border: 1px solid #dee2e6; padding: 0.75rem; vertical-align: top;\">Nylon (PP\/PE), metalized, zip lock, ziplock, gusseted, aluminum bags, sterilization bags, autoclave bags<\/td>\n<\/tr>\n<tr>\n<td style=\"border: 1px solid #dee2e6; padding: 0.75rem; vertical-align: top;\">Conveyor Speed<\/td>\n<td style=\"border: 1px solid #dee2e6; padding: 0.75rem; vertical-align: top;\">Up to 12 meters\/minute<\/td>\n<\/tr>\n<tr>\n<td style=\"border: 1px solid #dee2e6; padding: 0.75rem; vertical-align: top;\">Transportation Capacity<\/td>\n<td style=\"border: 1px solid #dee2e6; padding: 0.75rem; vertical-align: top;\">Maximum 5 kilos<\/td>\n<\/tr>\n<tr>\n<td style=\"border: 1px solid #dee2e6; padding: 0.75rem; vertical-align: top;\">Material<\/td>\n<td style=\"border: 1px solid #dee2e6; padding: 0.75rem; vertical-align: top;\">Gluing jaws brass, casing stainless chrome material<\/td>\n<\/tr>\n<tr>\n<td style=\"border: 1px solid #dee2e6; padding: 0.75rem; vertical-align: top;\">Operating Voltage<\/td>\n<td style=\"border: 1px solid #dee2e6; padding: 0.75rem; vertical-align: top;\">220V \/ 50Hz<\/td>\n<\/tr>\n<tr>\n<td style=\"border: 1px solid #dee2e6; padding: 0.75rem; vertical-align: top;\">Power<\/td>\n<td style=\"border: 1px solid #dee2e6; padding: 0.75rem; vertical-align: top;\">650 Watt<\/td>\n<\/tr>\n<tr>\n<td style=\"border: 1px solid #dee2e6; padding: 0.75rem; vertical-align: top;\">Dimensions (W\/Length\/Load.)<\/td>\n<td style=\"border: 1px solid #dee2e6; padding: 0.75rem; vertical-align: top;\">90*39*30 cm<\/td>\n<\/tr>\n<tr>\n<td style=\"border: 1px solid #dee2e6; padding: 0.75rem; vertical-align: top;\">Weight<\/td>\n<td style=\"border: 1px solid #dee2e6; padding: 0.75rem; vertical-align: top;\">30 Kg<\/td>\n<\/tr>\n<\/tbody>\n<\/table>","protected":false},"excerpt":{"rendered":"<p>Torcap Eko G Geni\u015f Y\u00fcr\u00fcyen Bantl\u0131 Otomatik Po\u015fet Yap\u0131\u015ft\u0131rma Makinas\u0131 \u00a0 Sonkaya&#8217;n\u0131n Torcap Eko G Geni\u015f Otomatik Po\u015fet Yap\u0131\u015ft\u0131rma Makinas\u0131, \u00f6zellikle yatay ve uzun po\u015fetler i\u00e7in tasarlanm\u0131\u015f geni\u015f konvey\u00f6r\u00fc ile \u00f6ne \u00e7\u0131kar. Yufka po\u015fetleri, k\u00f6r\u00fckl\u00fc uzun kahve po\u015fetleri gibi farkl\u0131 po\u015fet t\u00fcrlerini h\u0131zl\u0131 ve g\u00fcvenilir bir \u015fekilde kapatmak i\u00e7in m\u00fckemmel bir \u00e7\u00f6z\u00fcmd\u00fcr. &nbsp; \u00d6ne \u00c7\u0131kan [&hellip;]<\/p>","protected":false},"featured_media":8020,"comment_status":"open","ping_status":"closed","template":"","meta":[],"product_brand":[82],"product_cat":[114,118,111],"product_tag":[],"class_list":{"0":"post-7973","1":"product","2":"type-product","3":"status-publish","4":"has-post-thumbnail","6":"product_brand-sonkaya","7":"product_cat-kapatma-makinalari","8":"product_cat-poset-agzi-kapatma-makinalari","9":"product_cat-tum-urunlerimiz","11":"first","12":"instock","13":"shipping-taxable","14":"product-type-simple"},"_links":{"self":[{"href":"https:\/\/sonkaya.magneroagency.com\/en\/wp-json\/wp\/v2\/product\/7973","targetHints":{"allow":["GET"]}}],"collection":[{"href":"https:\/\/sonkaya.magneroagency.com\/en\/wp-json\/wp\/v2\/product"}],"about":[{"href":"https:\/\/sonkaya.magneroagency.com\/en\/wp-json\/wp\/v2\/types\/product"}],"replies":[{"embeddable":true,"href":"https:\/\/sonkaya.magneroagency.com\/en\/wp-json\/wp\/v2\/comments?post=7973"}],"wp:featuredmedia":[{"embeddable":true,"href":"https:\/\/sonkaya.magneroagency.com\/en\/wp-json\/wp\/v2\/media\/8020"}],"wp:attachment":[{"href":"https:\/\/sonkaya.magneroagency.com\/en\/wp-json\/wp\/v2\/media?parent=7973"}],"wp:term":[{"taxonomy":"product_brand","embeddable":true,"href":"https:\/\/sonkaya.magneroagency.com\/en\/wp-json\/wp\/v2\/product_brand?post=7973"},{"taxonomy":"product_cat","embeddable":true,"href":"https:\/\/sonkaya.magneroagency.com\/en\/wp-json\/wp\/v2\/product_cat?post=7973"},{"taxonomy":"product_tag","embeddable":true,"href":"https:\/\/sonkaya.magneroagency.com\/en\/wp-json\/wp\/v2\/product_tag?post=7973"}],"curies":[{"name":"wp","href":"https:\/\/api.w.org\/{rel}","templated":true}]}}