{"id":7923,"date":"2025-05-15T09:41:06","date_gmt":"2025-05-15T09:41:06","guid":{"rendered":"https:\/\/sonkaya.magneroagency.com\/?post_type=product&#038;p=7923"},"modified":"2025-08-04T12:54:25","modified_gmt":"2025-08-04T12:54:25","slug":"smds1000c-1000ml-double-nozzle-liquid-filler-214","status":"publish","type":"product","link":"https:\/\/sonkaya.magneroagency.com\/en\/smds1000c-1000ml-double-nozzle-liquid-filler-214\/","title":{"rendered":"SMDS1000C 100-1000ml Double Nozzle Liquid Filling Machine"},"content":{"rendered":"<h2 class=\"\"><b>Sonkaya Dolay 2S1 Dual Liquid Filling Machine: High Precision and Double Efficiency<\/b><\/h2>\n<p><strong>\u00a0<\/strong><\/p>\n<p>Sonkaya Dolay 2S1 Liquid Filling Machine fills liquid products between 100ml and 1000ml with %1 precision and doubles your production capacity thanks to its double filling spout. This high-performance filling machine offers the perfect solution in a variety of industrial and food applications.<\/p>\n<p>&nbsp;<\/p>\n<h3 class=\"\">Features:<\/h3>\n<p>&nbsp;<\/p>\n<ul>\n<li><strong>Wide Filling Range<\/strong>: Flexible filling capacity from 100ml to 1000ml provides the ideal choice for different product quantities.<\/li>\n<li><strong>High Sensitivity<\/strong>: The %1 delivers precisely accurate and consistent filling, so you get reliable results with every fill.<\/li>\n<li><strong>Double Filling Spout<\/strong>: Thanks to two filling taps, it doubles your production speed, increasing your operational efficiency and saving time.<\/li>\n<li><strong>Ease of Use<\/strong>: Thanks to its simple and ergonomic design, the machine is extremely easy to operate and clean.<\/li>\n<li><strong>Durable Material<\/strong>: Manufactured using long-lasting and durable materials, thus offering high performance and reliability.<\/li>\n<\/ul>\n<p>Sonkaya Dolay 2S1 Liquid Filling Machine speeds up your production processes and increases your productivity with its high precision and double filling feature. It is an excellent choice for food, chemical or other industrial applications.<\/p>\n<p>&nbsp;<\/p>\n<p>Former product code:SMDS1000C<\/p>","protected":false},"excerpt":{"rendered":"<p>Sonkaya Dolay 2S1 \u0130kili S\u0131v\u0131 Dolum Makinas\u0131: Y\u00fcksek Hassasiyet ve \u00c7ift Verimlilik \u00a0 Sonkaya Dolay 2S1 S\u0131v\u0131 Dolum Makinas\u0131, 100ml ile 1000ml aras\u0131ndaki ak\u0131\u015fkan \u00fcr\u00fcnleri %1 hassasiyetle doldurur ve \u00e7ift dolum muslu\u011fu sayesinde \u00fcretim kapasitenizi iki kat\u0131na \u00e7\u0131kar\u0131r. Bu y\u00fcksek performansl\u0131 dolum makinesi, \u00e7e\u015fitli end\u00fcstriyel ve g\u0131da uygulamalar\u0131nda m\u00fckemmel bir \u00e7\u00f6z\u00fcm sunar. &nbsp; \u00d6zellikler: &nbsp; [&hellip;]<\/p>","protected":false},"featured_media":7961,"comment_status":"open","ping_status":"closed","template":"","meta":[],"product_brand":[82],"product_cat":[129,111],"product_tag":[],"class_list":{"0":"post-7923","1":"product","2":"type-product","3":"status-publish","4":"has-post-thumbnail","6":"product_brand-sonkaya","7":"product_cat-akiskan-sivi-dolum-makinalari","8":"product_cat-tum-urunlerimiz","10":"first","11":"instock","12":"shipping-taxable","13":"product-type-simple"},"_links":{"self":[{"href":"https:\/\/sonkaya.magneroagency.com\/en\/wp-json\/wp\/v2\/product\/7923","targetHints":{"allow":["GET"]}}],"collection":[{"href":"https:\/\/sonkaya.magneroagency.com\/en\/wp-json\/wp\/v2\/product"}],"about":[{"href":"https:\/\/sonkaya.magneroagency.com\/en\/wp-json\/wp\/v2\/types\/product"}],"replies":[{"embeddable":true,"href":"https:\/\/sonkaya.magneroagency.com\/en\/wp-json\/wp\/v2\/comments?post=7923"}],"wp:featuredmedia":[{"embeddable":true,"href":"https:\/\/sonkaya.magneroagency.com\/en\/wp-json\/wp\/v2\/media\/7961"}],"wp:attachment":[{"href":"https:\/\/sonkaya.magneroagency.com\/en\/wp-json\/wp\/v2\/media?parent=7923"}],"wp:term":[{"taxonomy":"product_brand","embeddable":true,"href":"https:\/\/sonkaya.magneroagency.com\/en\/wp-json\/wp\/v2\/product_brand?post=7923"},{"taxonomy":"product_cat","embeddable":true,"href":"https:\/\/sonkaya.magneroagency.com\/en\/wp-json\/wp\/v2\/product_cat?post=7923"},{"taxonomy":"product_tag","embeddable":true,"href":"https:\/\/sonkaya.magneroagency.com\/en\/wp-json\/wp\/v2\/product_tag?post=7923"}],"curies":[{"name":"wp","href":"https:\/\/api.w.org\/{rel}","templated":true}]}}