{"id":7907,"date":"2025-05-15T10:04:01","date_gmt":"2025-05-15T10:04:01","guid":{"rendered":"https:\/\/sonkaya.magneroagency.com\/?post_type=product&#038;p=7907"},"modified":"2025-08-04T12:19:36","modified_gmt":"2025-08-04T12:19:36","slug":"smend230-50-130mm-manual-induction-safety-band-film-bottle-sealing-adhesive-machine","status":"publish","type":"product","link":"https:\/\/sonkaya.magneroagency.com\/en\/smend230-50-130mm-manual-induction-safety-band-film-bottle-sealing-adhesive-machine\/","title":{"rendered":"SMEND230 50-130mm Manual Induction Foil Bottle Lid Sealing Machine"},"content":{"rendered":"<h2 class=\"\"><span style=\"font-weight: bolder;\">Folca M13 50-130mm Manual Induction Safety Tape Foil Bottle Capping Sealing Machine<\/span><\/h2>\n<p style=\"font-style: normal; font-variant-ligatures: normal; font-variant-caps: normal; font-weight: 400; font-size: 14px; font-family: 'Twemoji Country Flags', Inter, sans-serif;\"><span style=\"font-weight: bolder;\">\u00a0<\/span><\/p>\n<p style=\"font-style: normal; font-variant-ligatures: normal; font-variant-caps: normal; font-weight: 400; font-size: 14px; font-family: 'Twemoji Country Flags', Inter, sans-serif;\">Sonkaya Folca M13 is a manual induction foil sealing machine that effectively seals the mouth of bottles and jars. This machine seals aluminum safety foil in a short time and offers a high strength closure.<\/p>\n<p style=\"font-style: normal; font-variant-ligatures: normal; font-variant-caps: normal; font-weight: 400; font-size: 14px; font-family: 'Twemoji Country Flags', Inter, sans-serif;\">\n<h3 class=\"\"><span style=\"font-weight: bolder;\">Highlights:<\/span><\/h3>\n<ul style=\"font-style: normal; font-variant-ligatures: normal; font-variant-caps: normal; font-weight: 400; font-size: 14px; font-family: 'Twemoji Country Flags', Inter, sans-serif;\">\n<li><span style=\"font-weight: bolder;\">Ensuring Tightness:<\/span>\u00a0The aluminum laminated foil adheres to the opening of plastic or glass lids in 1 second for a perfect seal.<\/li>\n<li><span style=\"font-weight: bolder;\">Implementation:<\/span>\u00a0Provides sealing by sealing the aluminum safety foil inside the lid in a fast and practical way.<\/li>\n<li><span style=\"font-weight: bolder;\">Diameter Range:<\/span>\u00a0Foil diameters can be adjusted from 50 mm to 130 mm, thus adapting to various lid sizes.<\/li>\n<li><span style=\"font-weight: bolder;\">Closure Feature:<\/span>\u00a0Under-cap sealing systems create a barrier against oxygen and moisture, preserving the freshness and properties of products for a long time.<\/li>\n<li><span style=\"font-weight: bolder;\">Areas of Use:<\/span>\u00a0Provides high protection for solid, liquid, powder and granular products in food, pharmaceutical and industrial sectors. Designed to be compatible with plastic and glass containers.<\/li>\n<\/ul>\n<p style=\"font-style: normal; font-variant-ligatures: normal; font-variant-caps: normal; font-weight: 400; font-size: 14px; font-family: 'Twemoji Country Flags', Inter, sans-serif;\">Sonkaya Folca M13 provides quality and safety in various sectors with its practical use and reliable closing feature.<\/p>\n<p style=\"font-style: normal; font-variant-ligatures: normal; font-variant-caps: normal; font-weight: 400; font-size: 14px; font-family: 'Twemoji Country Flags', Inter, sans-serif;\">\n<h3 class=\"\" style=\"font-weight: bold; font-size: 1.625rem; color: #3d3d3d;\">How to Perform Manual Induction Lid Closing?<\/h3>\n<p style=\"font-style: normal; font-variant-ligatures: normal; font-variant-caps: normal; font-weight: 400; font-size: 15px; font-family: 'Twemoji Country Flags', Inter, sans-serif; color: #5d5d5d;\"><span style=\"color: rgba(0, 0, 0, 0.88);\">Induction capping ensures that products are sealed securely and leak-proof. Here's how you can do it step by step:<\/span><\/p>\n<p style=\"font-style: normal; font-variant-ligatures: normal; font-variant-caps: normal; font-weight: 400; font-size: 15px; font-family: 'Twemoji Country Flags', Inter, sans-serif; color: #5d5d5d;\"><span style=\"color: rgba(0, 0, 0, 0.88);\">\u00a0<\/span><\/p>\n<p style=\"font-style: normal; font-variant-ligatures: normal; font-variant-caps: normal; font-weight: 400; font-size: 15px; font-family: 'Twemoji Country Flags', Inter, sans-serif; color: #5d5d5d;\"><span style=\"font-weight: bolder;\"><span style=\"color: rgba(0, 0, 0, 0.88);\">1.\u00a0<\/span><span style=\"color: rgba(0, 0, 0, 0.88);\">Cap Selection:<\/span><span style=\"color: rgba(0, 0, 0, 0.88);\"><br \/>\n<\/span><\/span><\/p>\n<p style=\"font-style: normal; font-variant-ligatures: normal; font-variant-caps: normal; font-weight: 400; font-size: 15px; font-family: 'Twemoji Country Flags', Inter, sans-serif; color: #5d5d5d;\"><span style=\"font-weight: bolder;\"><span style=\"color: rgba(0, 0, 0, 0.88);\">\u00a0<\/span><\/span><\/p>\n<h2 class=\"\"><img decoding=\"async\" src=\"https:\/\/cdn.myikas.com\/images\/29cda3ed-e0be-4a8c-bcaf-7670e06cb6c9\/9094a3a8-7915-4b54-8e39-2ebbf405c59e\/image_1080.webp\" alt=\"\" title=\"\"><\/h2>\n<p style=\"font-style: normal; font-variant-ligatures: normal; font-variant-caps: normal; font-weight: 400; font-size: 15px; font-family: 'Twemoji Country Flags', Inter, sans-serif; color: #5d5d5d;\">\n<ul style=\"font-style: normal; font-variant-ligatures: normal; font-variant-caps: normal; font-weight: 400; font-size: 14px; font-family: 'Twemoji Country Flags', Inter, sans-serif;\">\n<li>For induction sealing, your containers should have a mouth diameter between 20 mm and 80 mm.<\/li>\n<li>Container height is not important for manual applications; any container of any height can be used.<\/li>\n<li>Plastic and glass containers are suitable for induction, metal packaging is not.<\/li>\n<\/ul>\n<p style=\"font-style: normal; font-variant-ligatures: normal; font-variant-caps: normal; font-weight: 400; font-size: 15px; font-family: 'Twemoji Country Flags', Inter, sans-serif; color: #5d5d5d;\"><span style=\"font-weight: bolder;\"><span style=\"color: rgba(0, 0, 0, 0.88);\">2.\u00a0<\/span><span style=\"color: rgba(0, 0, 0, 0.88);\">Cover Selection:<\/span><\/span><\/p>\n<p style=\"font-style: normal; font-variant-ligatures: normal; font-variant-caps: normal; font-weight: 400; font-size: 15px; font-family: 'Twemoji Country Flags', Inter, sans-serif; color: #5d5d5d;\"><span style=\"font-weight: bolder;\"><span style=\"color: rgba(0, 0, 0, 0.88);\">\u00a0<\/span><\/span><\/p>\n<h2 class=\"\"><\/h2>\n<h2 class=\"\"><\/h2>\n<h2 class=\"\"><img decoding=\"async\" src=\"https:\/\/cdn.myikas.com\/images\/29cda3ed-e0be-4a8c-bcaf-7670e06cb6c9\/c4744051-2783-4f12-9be3-c5eec0b55b4a\/image_1080.webp\" alt=\"\" title=\"\"><\/h2>\n<ul style=\"font-style: normal; font-variant-ligatures: normal; font-variant-caps: normal; font-weight: 400; font-size: 14px; font-family: 'Twemoji Country Flags', Inter, sans-serif;\">\n<li style=\"font-weight: 400; font-size: 14px;\">Non-metal, screw-on lids, i.e. lids that can be closed by twisting, should be preferred.<\/li>\n<li style=\"font-weight: 400; font-size: 14px;\">Most manufacturers produce ready-made aluminum foil inside the lids, so you don't need to insert the foil separately.<\/li>\n<li style=\"font-weight: 400; font-size: 14px;\">If you need to supply the foil separately, you should choose the foil suitable for the container material: There are different types of aluminum safety tape for PE, PET &amp; PVC, PP, or glass materials.<\/li>\n<li style=\"font-weight: 400; font-size: 14px;\">Foil types offer options that can be easily removed without leaving traces or punctured and torn. There are also foils with valves that maintain constant in-vessel air pressure.<\/li>\n<\/ul>\n<p style=\"font-style: normal; font-variant-ligatures: normal; font-variant-caps: normal; font-weight: 400; font-size: 15px; font-family: 'Twemoji Country Flags', Inter, sans-serif; color: #5d5d5d;\"><span style=\"font-weight: bolder;\"><span style=\"color: rgba(0, 0, 0, 0.88);\">3.\u00a0<\/span>Product Filling and Capping<span style=\"color: rgba(0, 0, 0, 0.88);\">:<\/span><\/span><span style=\"color: rgba(0, 0, 0, 0.88);\"><br \/>\n<\/span><\/p>\n<p style=\"font-style: normal; font-variant-ligatures: normal; font-variant-caps: normal; font-weight: 400; font-size: 15px; font-family: 'Twemoji Country Flags', Inter, sans-serif; color: #5d5d5d;\"><span style=\"color: rgba(0, 0, 0, 0.88);\">\u00a0<\/span><\/p>\n<h2 class=\"\"><img decoding=\"async\" src=\"https:\/\/cdn.myikas.com\/images\/29cda3ed-e0be-4a8c-bcaf-7670e06cb6c9\/2fa86aa1-6b5e-4532-8147-c91bd73c511e\/image_1080.webp\" alt=\"\" title=\"\"><\/h2>\n<p style=\"font-style: normal; font-variant-ligatures: normal; font-variant-caps: normal; font-weight: 400; font-size: 15px; font-family: 'Twemoji Country Flags', Inter, sans-serif; color: #5d5d5d;\"><span style=\"color: rgba(0, 0, 0, 0.88);\">\u00a0<\/span><\/p>\n<ul style=\"font-style: normal; font-variant-ligatures: normal; font-variant-caps: normal; font-weight: 400; font-size: 14px; font-family: 'Twemoji Country Flags', Inter, sans-serif;\">\n<li style=\"font-size: 15px; color: #5d5d5d;\"><span style=\"color: rgba(0, 0, 0, 0.88);\">After filling the product, the aluminum surface of the foil in the lid should be placed on the container opening and the cardboard or foam part on the inside of the lid.<\/span><span style=\"color: rgba(0, 0, 0, 0.88);\"><br \/>\n<\/span><\/li>\n<li style=\"font-size: 15px; color: #5d5d5d;\"><span style=\"color: rgba(0, 0, 0, 0.88);\">The lid must be tightly closed.<\/span><\/li>\n<\/ul>\n<p style=\"font-style: normal; font-variant-ligatures: normal; font-variant-caps: normal; font-weight: 400; font-size: 15px; font-family: 'Twemoji Country Flags', Inter, sans-serif; color: #5d5d5d;\"><span style=\"font-weight: bolder;\"><span style=\"color: rgba(0, 0, 0, 0.88);\">4. Device Setup:<\/span><\/span><\/p>\n<p style=\"font-style: normal; font-variant-ligatures: normal; font-variant-caps: normal; font-weight: 400; font-size: 15px; font-family: 'Twemoji Country Flags', Inter, sans-serif; color: #5d5d5d;\"><span style=\"font-size: 15px; color: rgba(0, 0, 0, 0.88);\">\u00a0<\/span><\/p>\n<ul style=\"font-style: normal; font-variant-ligatures: normal; font-variant-caps: normal; font-weight: 400; font-size: 14px; font-family: 'Twemoji Country Flags', Inter, sans-serif;\">\n<li style=\"font-weight: 400; font-size: 15px; color: #5d5d5d;\"><span style=\"font-size: 15px; color: rgba(0, 0, 0, 0.88);\">You should adjust the induction time according to the foil diameter and the container material.<\/span>\n<ul>\n<li><span style=\"font-size: 15px;\">The smaller the diameter, the smaller the area exposed to the electromagnetic induction current, so you have to increase the duration; the larger the diameter, the smaller the duration.<\/span><\/li>\n<li><span style=\"font-size: 15px;\">Usually 0.5 to 1.5 seconds is sufficient.<\/span><\/li>\n<\/ul>\n<\/li>\n<\/ul>\n<p style=\"font-style: normal; font-variant-ligatures: normal; font-variant-caps: normal; font-weight: 400; font-size: 15px; font-family: 'Twemoji Country Flags', Inter, sans-serif; color: #5d5d5d;\"><span style=\"font-weight: bolder;\"><span style=\"color: rgba(0, 0, 0, 0.88);\">5. Implementation:<\/span><\/span><span style=\"font-size: 15px; color: rgba(0, 0, 0, 0.88);\"><br \/>\n<\/span><\/p>\n<p style=\"font-style: normal; font-variant-ligatures: normal; font-variant-caps: normal; font-weight: 400; font-size: 15px; font-family: 'Twemoji Country Flags', Inter, sans-serif; color: #5d5d5d;\">\n<h2 class=\"\"><img decoding=\"async\" src=\"https:\/\/cdn.myikas.com\/images\/29cda3ed-e0be-4a8c-bcaf-7670e06cb6c9\/70a06345-c5d0-4a9b-9704-4e39cc95793d\/image_1080.webp\" alt=\"\" title=\"\"><\/h2>\n<p style=\"font-style: normal; font-variant-ligatures: normal; font-variant-caps: normal; font-weight: 400; font-size: 15px; font-family: 'Twemoji Country Flags', Inter, sans-serif; color: #5d5d5d;\">\n<ul style=\"font-style: normal; font-variant-ligatures: normal; font-variant-caps: normal; font-weight: 400; font-size: 14px; font-family: 'Twemoji Country Flags', Inter, sans-serif;\">\n<li><span style=\"color: #5d5d5d;\"><span style=\"font-size: 15px;\">The lid is brought under the induction head.<\/span><\/span><\/li>\n<li><span style=\"color: #5d5d5d;\"><span style=\"font-size: 15px;\">Press and pull the button and the machine's display starts counting down.<\/span><\/span><\/li>\n<li><span style=\"color: #5d5d5d;\"><span style=\"font-size: 15px;\">A beep sounds when gluing is finished.<\/span><\/span><\/li>\n<li><span style=\"color: #5d5d5d;\"><span style=\"font-size: 15px;\">The electromagnetic induction current only acts on the aluminum foil, so there is no need to press the head against the cap. The cap provides the necessary pressure after filling.<\/span><\/span><\/li>\n<\/ul>\n<p style=\"font-style: normal; font-variant-ligatures: normal; font-variant-caps: normal; font-weight: 400; font-size: 14px; font-family: 'Twemoji Country Flags', Inter, sans-serif;\"><span style=\"font-weight: bold; font-size: 15px;\">6. Control:<\/span><span style=\"color: #5d5d5d;\"><span style=\"font-size: 15px;\"><br \/>\n<\/span><\/span><\/p>\n<p style=\"font-style: normal; font-variant-ligatures: normal; font-variant-caps: normal; font-weight: 400; font-size: 14px; font-family: 'Twemoji Country Flags', Inter, sans-serif;\"><span style=\"color: #5d5d5d;\"><span style=\"font-size: 15px;\">\u00a0<\/span><\/span><\/p>\n<h2 class=\"\"><img decoding=\"async\" src=\"https:\/\/cdn.myikas.com\/images\/29cda3ed-e0be-4a8c-bcaf-7670e06cb6c9\/44f9104b-d02c-4a40-be58-16d49103d4ed\/image_1080.webp\" alt=\"\" title=\"\"><\/h2>\n<p style=\"font-style: normal; font-variant-ligatures: normal; font-variant-caps: normal; font-weight: 400; font-size: 14px; font-family: 'Twemoji Country Flags', Inter, sans-serif;\"><span style=\"font-size: 15px;\">\u00a0<\/span><\/p>\n<ul style=\"font-style: normal; font-variant-ligatures: normal; font-variant-caps: normal; font-weight: 400; font-size: 14px; font-family: 'Twemoji Country Flags', Inter, sans-serif;\">\n<li><span style=\"font-size: 15px;\">Open the lid and check whether the foil is adhered correctly.<\/span><\/li>\n<li><span style=\"font-size: 15px;\">When opening the lid, the cardboard\/foam part of the foil should remain on the lid and the aluminum layer on the container mouth.<\/span><\/li>\n<li><span style=\"font-size: 15px;\">If the aluminum layer darkens, the time should be reduced.<\/span><\/li>\n<li><span style=\"font-size: 15px;\">If the foil is not fully adhered, the ideal time can be found by increasing the time by 0.2 seconds.<\/span><\/li>\n<li><span style=\"font-size: 15px;\">Turn the container upside down and apply pressure to ensure that it does not leak.<\/span><\/li>\n<\/ul>\n<p style=\"font-style: normal; font-variant-ligatures: normal; font-variant-caps: normal; font-weight: 400; font-size: 14px; font-family: 'Twemoji Country Flags', Inter, sans-serif;\"><span style=\"font-size: 15px;\">By following these steps, you can effectively perform manual induction lid closing.<\/span><\/p>\n<p style=\"font-style: normal; font-variant-ligatures: normal; font-variant-caps: normal; font-weight: 400; font-family: 'Twemoji Country Flags', Inter, sans-serif;\"><span style=\"font-size: 15px;\">Old product code: SMEND230<\/span><\/p>\n<p style=\"font-style: normal; font-variant-ligatures: normal; font-variant-caps: normal; font-weight: 400; font-size: 14px; font-family: 'Twemoji Country Flags', Inter, sans-serif;\"><span style=\"font-size: 15px;\">\u00a0<\/span><\/p>\n<h3 class=\"\">Technical Specifications Table:<\/h3>\n<p style=\"font-style: normal; font-variant-ligatures: normal; font-variant-caps: normal; font-weight: 400; font-size: 14px; font-family: 'Twemoji Country Flags', Inter, sans-serif;\">\n<p style=\"font-style: normal; font-variant-ligatures: normal; font-variant-caps: normal; font-weight: 400; font-size: 14px; font-family: 'Twemoji Country Flags', Inter, sans-serif;\"><span style=\"font-weight: bolder;\">Note\u00a0<\/span>In the induction process application, the cover must be insulating (plastic derivative or glass), conductive (metal or derivative) covers can damage the induction machine by reflecting during the induction process.<\/p>\n<p style=\"font-style: normal; font-variant-ligatures: normal; font-variant-caps: normal; font-weight: 400; font-size: 14px; font-family: 'Twemoji Country Flags', Inter, sans-serif;\">\n<p style=\"font-style: normal; font-variant-ligatures: normal; font-variant-caps: normal; font-weight: 400; font-size: 14px; font-family: 'Twemoji Country Flags', Inter, sans-serif;\">\n<p>&nbsp;<\/p>\n<table border=\"1\">\n<thead>\n<tr>\n<th><b>Feature<\/b><\/th>\n<th><b>Value<\/b><\/th>\n<\/tr>\n<\/thead>\n<tbody>\n<tr>\n<td style=\"border: 1px solid #dee2e6; padding: 0.75rem; vertical-align: top;\">Brand<\/td>\n<td style=\"border: 1px solid #dee2e6; padding: 0.75rem; vertical-align: top;\">SONKAYA<\/td>\n<\/tr>\n<tr>\n<td style=\"border: 1px solid #dee2e6; padding: 0.75rem; vertical-align: top;\">Model<\/td>\n<td style=\"border: 1px solid #dee2e6; padding: 0.75rem; vertical-align: top;\">Folca M13<\/td>\n<\/tr>\n<tr>\n<td style=\"border: 1px solid #dee2e6; padding: 0.75rem; vertical-align: top;\">Foil Diameter Range<\/td>\n<td style=\"border: 1px solid #dee2e6; padding: 0.75rem; vertical-align: top;\">50mm - 130mm<\/td>\n<\/tr>\n<tr>\n<td style=\"border: 1px solid #dee2e6; padding: 0.75rem; vertical-align: top;\">Bottle\/Jar Types<\/td>\n<td style=\"border: 1px solid #dee2e6; padding: 0.75rem; vertical-align: top;\">Non-metal glass or plastic products: ABS, PE (HDPE, LDPE), PET, PP, PS, PVC<\/td>\n<\/tr>\n<tr>\n<td style=\"border: 1px solid #dee2e6; padding: 0.75rem; vertical-align: top;\">Capacity<\/td>\n<td style=\"border: 1px solid #dee2e6; padding: 0.75rem; vertical-align: top;\">20-50 pieces per minute (depending on foil diameter\/type)<\/td>\n<\/tr>\n<tr>\n<td style=\"border: 1px solid #dee2e6; padding: 0.75rem; vertical-align: top;\">Foil\/Gasket Type<\/td>\n<td style=\"border: 1px solid #dee2e6; padding: 0.75rem; vertical-align: top;\">Cardboard or Teflon aluminum laminated foil inside the cover<\/td>\n<\/tr>\n<tr>\n<td style=\"border: 1px solid #dee2e6; padding: 0.75rem; vertical-align: top;\">Power<\/td>\n<td style=\"border: 1px solid #dee2e6; padding: 0.75rem; vertical-align: top;\">600W<\/td>\n<\/tr>\n<tr>\n<td style=\"border: 1px solid #dee2e6; padding: 0.75rem; vertical-align: top;\">Operating Voltage<\/td>\n<td style=\"border: 1px solid #dee2e6; padding: 0.75rem; vertical-align: top;\">220V \/ 50Hz<\/td>\n<\/tr>\n<tr>\n<td style=\"border: 1px solid #dee2e6; padding: 0.75rem; vertical-align: top;\">Operating Frequency<\/td>\n<td style=\"border: 1px solid #dee2e6; padding: 0.75rem; vertical-align: top;\">100KHz \u00b15%<\/td>\n<\/tr>\n<tr>\n<td style=\"border: 1px solid #dee2e6; padding: 0.75rem; vertical-align: top;\">Width\/Length\/Height<\/td>\n<td style=\"border: 1px solid #dee2e6; padding: 0.75rem; vertical-align: top;\">28*34*6.6 cm<\/td>\n<\/tr>\n<tr>\n<td style=\"border: 1px solid #dee2e6; padding: 0.75rem; vertical-align: top;\">Weight<\/td>\n<td style=\"border: 1px solid #dee2e6; padding: 0.75rem; vertical-align: top;\">3.2 Kg<\/td>\n<\/tr>\n<\/tbody>\n<\/table>","protected":false},"excerpt":{"rendered":"<p>Folca M13 50-130mm Manuel \u0130nd\u00fcksiyon Emniyet Band\u0131 Folyosu \u015ei\u015fe Kapatma Yap\u0131\u015ft\u0131rma Makinas\u0131 \u00a0 Sonkaya Folca M13, \u015fi\u015fe ve kavanozlar\u0131n a\u011fz\u0131n\u0131 etkili bir \u015fekilde kapatan manuel bir ind\u00fcksiyon folyo kapatma makinesidir. Bu makine, al\u00fcminyum emniyet folyosunu k\u0131sa s\u00fcrede yap\u0131\u015ft\u0131rarak s\u0131zd\u0131rmazl\u0131k sa\u011flar ve y\u00fcksek dayan\u0131ml\u0131 bir kapama sunar. \u00d6ne \u00c7\u0131kan \u00d6zellikler: S\u0131zd\u0131rmazl\u0131k Sa\u011flama:\u00a0Al\u00fcminyum lamine folyo, plastik veya [&hellip;]<\/p>","protected":false},"featured_media":7949,"comment_status":"open","ping_status":"closed","template":"","meta":[],"product_brand":[82],"product_cat":[131,111],"product_tag":[],"class_list":{"0":"post-7907","1":"product","2":"type-product","3":"status-publish","4":"has-post-thumbnail","6":"product_brand-sonkaya","7":"product_cat-folyo-kapatma-makinalari","8":"product_cat-tum-urunlerimiz","10":"first","11":"instock","12":"shipping-taxable","13":"product-type-simple"},"_links":{"self":[{"href":"https:\/\/sonkaya.magneroagency.com\/en\/wp-json\/wp\/v2\/product\/7907","targetHints":{"allow":["GET"]}}],"collection":[{"href":"https:\/\/sonkaya.magneroagency.com\/en\/wp-json\/wp\/v2\/product"}],"about":[{"href":"https:\/\/sonkaya.magneroagency.com\/en\/wp-json\/wp\/v2\/types\/product"}],"replies":[{"embeddable":true,"href":"https:\/\/sonkaya.magneroagency.com\/en\/wp-json\/wp\/v2\/comments?post=7907"}],"wp:featuredmedia":[{"embeddable":true,"href":"https:\/\/sonkaya.magneroagency.com\/en\/wp-json\/wp\/v2\/media\/7949"}],"wp:attachment":[{"href":"https:\/\/sonkaya.magneroagency.com\/en\/wp-json\/wp\/v2\/media?parent=7907"}],"wp:term":[{"taxonomy":"product_brand","embeddable":true,"href":"https:\/\/sonkaya.magneroagency.com\/en\/wp-json\/wp\/v2\/product_brand?post=7907"},{"taxonomy":"product_cat","embeddable":true,"href":"https:\/\/sonkaya.magneroagency.com\/en\/wp-json\/wp\/v2\/product_cat?post=7907"},{"taxonomy":"product_tag","embeddable":true,"href":"https:\/\/sonkaya.magneroagency.com\/en\/wp-json\/wp\/v2\/product_tag?post=7907"}],"curies":[{"name":"wp","href":"https:\/\/api.w.org\/{rel}","templated":true}]}}