{"id":7906,"date":"2025-05-15T10:10:00","date_gmt":"2025-05-15T10:10:00","guid":{"rendered":"https:\/\/sonkaya.magneroagency.com\/?post_type=product&#038;p=7906"},"modified":"2025-08-04T12:00:46","modified_gmt":"2025-08-04T12:00:46","slug":"smapy310g-date-coding-wide-conveyorized-bag-sealing-machine","status":"publish","type":"product","link":"https:\/\/sonkaya.magneroagency.com\/en\/smapy310g-date-coding-wide-conveyorized-bag-sealing-machine\/","title":{"rendered":"SMAPY310G Automatic Continuous Wide Bag Sealing Machine With Date Coder"},"content":{"rendered":"<p><img decoding=\"async\" style=\"width: 828px;\" src=\"https:\/\/cdn.myikas.com\/images\/29cda3ed-e0be-4a8c-bcaf-7670e06cb6c9\/0a609755-83e0-48e1-8c86-cedca745aaa6\/image_1080.webp\" alt=\"\" title=\"\"><img decoding=\"async\" style=\"width: 829px;\" src=\"https:\/\/cdn.myikas.com\/images\/29cda3ed-e0be-4a8c-bcaf-7670e06cb6c9\/0c733c6e-27c0-4459-949f-110632508af4\/image_1080.webp\" alt=\"\" title=\"\"><img decoding=\"async\" style=\"width: 829px;\" src=\"https:\/\/cdn.myikas.com\/images\/29cda3ed-e0be-4a8c-bcaf-7670e06cb6c9\/0d1089a2-557e-4322-8bac-95a209d759d5\/image_1080.webp\" alt=\"\" title=\"\"><\/p>\n<p>&nbsp;<\/p>\n<h2>Torcap Codla G Date Coding Long Bag Sealing Machine<\/h2>\n<p>&nbsp;<\/p>\n<p>Sonkaya Torcap Kodla G is an ideal sealing machine for horizontal and long bags such as phyllo bags and gusseted long coffee bags, phyllo bags thanks to its wide conveyor. This machine has the power to seal all types of bags and with its date coding feature, it can quickly perform two functions at once, greatly speeding up your production.<\/p>\n<p>&nbsp;<\/p>\n<p><strong>Features:<\/strong><\/p>\n<p>&nbsp;<\/p>\n<ul>\n<li><strong>Bag Sealing<\/strong> The bags are sealed in a 4-stage process. In the first stage, the bags are picked up by the conveyor and sealed with heating jaws that are 12 mm wide and adjustable up to 300 degrees. <a href=\"https:\/\/sonkaya.com.tr\/teflo-otomatik-poset-kapatma-makinasi-teflon-banti\" rel=\"nofollow noopener\" target=\"_blank\">Teflon tapes<\/a>allows high temperature sealing without damaging the bags.<\/li>\n<li><strong>Sudden Cooling<\/strong> In the second stage, the bags are rapidly cooled using cooling blocks at the bottom and top.<\/li>\n<li><strong>Full Adhesion<\/strong> In the third stage, the cooled bag mouth is pressed between the metal ball and rubber rollers to ensure full adhesion.<\/li>\n<li><strong>Date Coding:<\/strong> In the fourth stage, ink is taken from the ink cannon to the date coding plate with a capacity of 3 lines and the desired date is automatically coded on the pouch opening. This process makes the use of a date coding machine unnecessary.<\/li>\n<\/ul>\n<p>&nbsp;<\/p>\n<p><strong>Application Areas:<\/strong><\/p>\n<p>&nbsp;<\/p>\n<ul>\n<li>Autoclave bags (sterilization bags)<\/li>\n<li>Metalized bags<\/li>\n<li>Nylon bags<\/li>\n<li>Aluminum bags<\/li>\n<li>Side gusseted bags<\/li>\n<li>Sitting bags (doypack bags)<\/li>\n<li>Ziplock bags (zip lock bags)<\/li>\n<li>Kraft bags<\/li>\n<\/ul>\n<p>&nbsp;<\/p>\n<p><strong>Consumables<\/strong> In stock\u00a0<span style=\"font-family: 'Twemoji Country Flags', Inter, sans-serif; font-size: 14px; font-style: normal; font-weight: 400;\">continuously\u00a0<\/span><a style=\"background-color: #ffffff; font-style: normal; font-weight: 400; font-size: 14px; font-family: &#039;Twemoji Country Flags&#039;, Inter, sans-serif;\" href=\"https:\/\/sonkaya.com.tr\/teflo-otomatik-poset-kapatma-makinasi-teflon-banti\" rel=\"nofollow noopener\" target=\"_blank\">teflon tape<\/a><span style=\"font-family: 'Twemoji Country Flags', Inter, sans-serif; font-size: 14px; font-style: normal; font-weight: 400;\">toothed belt,\u00a0<\/span><a style=\"background-color: #ffffff; font-style: normal; font-weight: 400; font-size: 14px; font-family: &#039;Twemoji Country Flags&#039;, Inter, sans-serif;\" href=\"https:\/\/sonkaya.com.tr\/murto-16-poset-kapatma-makinasi-kati-murekkep-topu-36x16mm\" rel=\"nofollow noopener\" target=\"_blank\">ink balls<\/a><span style=\"font-family: 'Twemoji Country Flags', Inter, sans-serif; font-size: 14px; font-style: normal; font-weight: 400;\">heater<\/span>\u00a0consumables such as heating elements.<\/p>\n<p>&nbsp;<\/p>\n<p>&nbsp;<\/p>\n<h3 class=\"\">Technical Specifications Table:<\/h3>\n<p>&nbsp;<\/p>\n<table border=\"1\" cellspacing=\"0\" cellpadding=\"8\">\n<tbody>\n<tr>\n<th><b>Feature<\/b><\/th>\n<th><b>Detail<\/b><\/th>\n<\/tr>\n<tr>\n<td style=\"border: 1px solid #dee2e6; padding: 0.75rem; vertical-align: top;\">Closing Width<\/td>\n<td style=\"border: 1px solid #dee2e6; padding: 0.75rem; vertical-align: top;\">6mm - 12mm<\/td>\n<\/tr>\n<tr>\n<td style=\"border: 1px solid #dee2e6; padding: 0.75rem; vertical-align: top;\">Bag Thickness<\/td>\n<td style=\"border: 1px solid #dee2e6; padding: 0.75rem; vertical-align: top;\">300 - 800 microns<\/td>\n<\/tr>\n<tr>\n<td style=\"border: 1px solid #dee2e6; padding: 0.75rem; vertical-align: top;\">Bag Types<\/td>\n<td style=\"border: 1px solid #dee2e6; padding: 0.75rem; vertical-align: top;\">Nylon (PP\/PE), metalized, zip lock, ziplock, gusseted, aluminum bags, sterilization bags, autoclave bags<\/td>\n<\/tr>\n<tr>\n<td style=\"border: 1px solid #dee2e6; padding: 0.75rem; vertical-align: top;\">Conveyor Speed<\/td>\n<td style=\"border: 1px solid #dee2e6; padding: 0.75rem; vertical-align: top;\">Up to 12 meters\/minute<\/td>\n<\/tr>\n<tr>\n<td style=\"border: 1px solid #dee2e6; padding: 0.75rem; vertical-align: top;\">Transportation Capacity<\/td>\n<td style=\"border: 1px solid #dee2e6; padding: 0.75rem; vertical-align: top;\">Maximum 5 kilos<\/td>\n<\/tr>\n<tr>\n<td style=\"border: 1px solid #dee2e6; padding: 0.75rem; vertical-align: top;\">Material<\/td>\n<td style=\"border: 1px solid #dee2e6; padding: 0.75rem; vertical-align: top;\">Gluing jaws brass, casing stainless chrome material<\/td>\n<\/tr>\n<tr>\n<td style=\"border: 1px solid #dee2e6; padding: 0.75rem; vertical-align: top;\">Operating Voltage<\/td>\n<td style=\"border: 1px solid #dee2e6; padding: 0.75rem; vertical-align: top;\">220V \/ 50Hz<\/td>\n<\/tr>\n<tr>\n<td style=\"border: 1px solid #dee2e6; padding: 0.75rem; vertical-align: top;\">Power<\/td>\n<td style=\"border: 1px solid #dee2e6; padding: 0.75rem; vertical-align: top;\">750 Watt<\/td>\n<\/tr>\n<tr>\n<td style=\"border: 1px solid #dee2e6; padding: 0.75rem; vertical-align: top;\">Dimensions (W\/Length\/Load.)<\/td>\n<td style=\"border: 1px solid #dee2e6; padding: 0.75rem; vertical-align: top;\">90*39*30 cm<\/td>\n<\/tr>\n<tr>\n<td style=\"border: 1px solid #dee2e6; padding: 0.75rem; vertical-align: top;\">Weight<\/td>\n<td style=\"border: 1px solid #dee2e6; padding: 0.75rem; vertical-align: top;\">35 Kg<\/td>\n<\/tr>\n<\/tbody>\n<\/table>","protected":false},"excerpt":{"rendered":"<p>&nbsp; Torcap Kodla G Tarih Kodlamal\u0131 Uzun Po\u015fet Kapatma Makinas\u0131 &nbsp; Sonkaya Torcap Kodla G, geni\u015f konvey\u00f6r\u00fc sayesinde yufka po\u015fetler ve k\u00f6r\u00fckl\u00fc uzun kahve po\u015fetleri, yufka po\u015fetleri gibi yatay ve uzun po\u015fetler i\u00e7in ideal bir kapatma makinas\u0131d\u0131r. Bu makine, her t\u00fcrl\u00fc po\u015feti kapatma g\u00fcc\u00fcne sahiptir ve tarih kodlama \u00f6zelli\u011fi ile iki i\u015flevi tek seferde h\u0131zl\u0131ca [&hellip;]<\/p>","protected":false},"featured_media":7939,"comment_status":"open","ping_status":"closed","template":"","meta":[],"product_brand":[82],"product_cat":[118,111],"product_tag":[],"class_list":{"0":"post-7906","1":"product","2":"type-product","3":"status-publish","4":"has-post-thumbnail","6":"product_brand-sonkaya","7":"product_cat-poset-agzi-kapatma-makinalari","8":"product_cat-tum-urunlerimiz","10":"first","11":"instock","12":"shipping-taxable","13":"product-type-simple"},"_links":{"self":[{"href":"https:\/\/sonkaya.magneroagency.com\/en\/wp-json\/wp\/v2\/product\/7906","targetHints":{"allow":["GET"]}}],"collection":[{"href":"https:\/\/sonkaya.magneroagency.com\/en\/wp-json\/wp\/v2\/product"}],"about":[{"href":"https:\/\/sonkaya.magneroagency.com\/en\/wp-json\/wp\/v2\/types\/product"}],"replies":[{"embeddable":true,"href":"https:\/\/sonkaya.magneroagency.com\/en\/wp-json\/wp\/v2\/comments?post=7906"}],"wp:featuredmedia":[{"embeddable":true,"href":"https:\/\/sonkaya.magneroagency.com\/en\/wp-json\/wp\/v2\/media\/7939"}],"wp:attachment":[{"href":"https:\/\/sonkaya.magneroagency.com\/en\/wp-json\/wp\/v2\/media?parent=7906"}],"wp:term":[{"taxonomy":"product_brand","embeddable":true,"href":"https:\/\/sonkaya.magneroagency.com\/en\/wp-json\/wp\/v2\/product_brand?post=7906"},{"taxonomy":"product_cat","embeddable":true,"href":"https:\/\/sonkaya.magneroagency.com\/en\/wp-json\/wp\/v2\/product_cat?post=7906"},{"taxonomy":"product_tag","embeddable":true,"href":"https:\/\/sonkaya.magneroagency.com\/en\/wp-json\/wp\/v2\/product_tag?post=7906"}],"curies":[{"name":"wp","href":"https:\/\/api.w.org\/{rel}","templated":true}]}}