{"id":7871,"date":"2025-05-15T09:42:29","date_gmt":"2025-05-15T09:42:29","guid":{"rendered":"https:\/\/sonkaya.magneroagency.com\/?post_type=product&#038;p=7871"},"modified":"2025-08-04T12:50:45","modified_gmt":"2025-08-04T12:50:45","slug":"smapy310d-date-coded-conveyor-vertical-bag-sealing-machine","status":"publish","type":"product","link":"https:\/\/sonkaya.magneroagency.com\/en\/smapy310d-date-coded-conveyor-vertical-bag-sealing-machine\/","title":{"rendered":"SMAPY310D Automatic Continuous Vertical Bag Sealing Machine With Date Coder"},"content":{"rendered":"<div style=\"position: relative; padding-bottom: 56.25%; height: 0; overflow: hidden; background: #000;\"><\/div>\n<p>&nbsp;<\/p>\n<p>&nbsp;<\/p>\n<p>&nbsp;<\/p>\n<p><img decoding=\"async\" style=\"width: 828px;\" src=\"https:\/\/cdn.myikas.com\/images\/29cda3ed-e0be-4a8c-bcaf-7670e06cb6c9\/9cc535e3-8277-499e-b1bb-8dac3ecd04d1\/image_1080.webp\" alt=\"\" title=\"\"><img decoding=\"async\" style=\"width: 829px;\" src=\"https:\/\/cdn.myikas.com\/images\/29cda3ed-e0be-4a8c-bcaf-7670e06cb6c9\/2fc33b6c-82d7-4eec-a2e4-182ea230cf5d\/image_1080.webp\" alt=\"\" title=\"\"><img decoding=\"async\" style=\"width: 829px;\" src=\"https:\/\/cdn.myikas.com\/images\/29cda3ed-e0be-4a8c-bcaf-7670e06cb6c9\/198616b8-2060-4d83-8a8c-b7d1d1764e20\/image_1080.webp\" alt=\"\" title=\"\"><\/p>\n<h2 class=\"\"><\/h2>\n<h2 class=\"\">Torcap Kodla D Automatic Bag Sealing Machine with Date Printer<\/h2>\n<p>&nbsp;<\/p>\n<p>Sonkaya Torcap Kodla D is a conveyorized vertical bag sealing machine made of stainless steel with a date coding capacity of up to 4 lines. This machine, which has the power to close all kinds of bags, also accelerates your production by performing the date coding function and fulfills the task of two machines alone.<\/p>\n<p>Our machine seals and date codes your bags in 4 steps:<\/p>\n<ol>\n<li><strong>Heating Phase:<\/strong> The bag is taken from the right side of the conveyor and sealed with 12 mm wide heating jaws at the top and bottom, which can be adjusted up to 400 degrees. Thanks to Teflon bands, the heating jaws do not damage the bag.<\/li>\n<li><strong>Cooling Phase:<\/strong> Exiting the heating jaws, the bag passes through top and bottom cooling blocks that provide immediate cooling.<\/li>\n<li><strong>Pressing Stage:<\/strong> The cooled bag mouth is pressed between the metal ball and rubber rollers to ensure full adhesion.<\/li>\n<li><strong>Coding Phase:<\/strong> The ink from the ink cannon is transferred to the date coding plate with a capacity of 4 lines and automatically encodes the desired date on the pouch opening. This process eliminates the need to use a date coding machine.<\/li>\n<\/ol>\n<p>All these operations are performed automatically in just one or two seconds, depending on the conveyor speed, and require no manual intervention.<\/p>\n<p>With our Torcap Kodla D machine, you can easily seal and date code all kinds of bags:<\/p>\n<ul>\n<li>Autoclave bags (sterilization bags)<\/li>\n<li>Metalized bags<\/li>\n<li>Nylon bags<\/li>\n<li>Aluminum bags<\/li>\n<li>Side gusseted bags<\/li>\n<li>Sitting bags (doypack bags)<\/li>\n<li>Ziplock bags (zip lock bags)<\/li>\n<li>Kraft bags<\/li>\n<\/ul>\n<p>As consumables, we always have Teflon tape, toothed belts, ink balls and heating elements in stock.<\/p>\n<p>&nbsp;<\/p>\n<p>Old product code: SMAPY310D<\/p>\n<p>&nbsp;<\/p>\n<h3 class=\"\">Technical Specifications Table<\/h3>\n<p>&nbsp;<\/p>\n<table border=\"1\" cellspacing=\"0\" cellpadding=\"8\">\n<tbody>\n<tr>\n<th><b>Feature<\/b><\/th>\n<th><b>Detail<\/b><\/th>\n<\/tr>\n<tr>\n<td style=\"border: 1px solid #dee2e6; padding: 0.75rem; vertical-align: top;\">Closing Width<\/td>\n<td style=\"border: 1px solid #dee2e6; padding: 0.75rem; vertical-align: top;\">6mm - 12mm<\/td>\n<\/tr>\n<tr>\n<td style=\"border: 1px solid #dee2e6; padding: 0.75rem; vertical-align: top;\">Bag Thickness<\/td>\n<td style=\"border: 1px solid #dee2e6; padding: 0.75rem; vertical-align: top;\">300 - 800 microns<\/td>\n<\/tr>\n<tr>\n<td style=\"border: 1px solid #dee2e6; padding: 0.75rem; vertical-align: top;\">Bag Types<\/td>\n<td style=\"border: 1px solid #dee2e6; padding: 0.75rem; vertical-align: top;\">Nylon (PP\/PE), metalized, zip lock, ziplock, gusseted, aluminum bags, sterilization bags, autoclave bags<\/td>\n<\/tr>\n<tr>\n<td style=\"border: 1px solid #dee2e6; padding: 0.75rem; vertical-align: top;\">Conveyor Speed<\/td>\n<td style=\"border: 1px solid #dee2e6; padding: 0.75rem; vertical-align: top;\">Up to 12 meters\/minute<\/td>\n<\/tr>\n<tr>\n<td style=\"border: 1px solid #dee2e6; padding: 0.75rem; vertical-align: top;\">Transportation Capacity<\/td>\n<td style=\"border: 1px solid #dee2e6; padding: 0.75rem; vertical-align: top;\">Maximum 5 kilos<\/td>\n<\/tr>\n<tr>\n<td style=\"border: 1px solid #dee2e6; padding: 0.75rem; vertical-align: top;\">Material<\/td>\n<td style=\"border: 1px solid #dee2e6; padding: 0.75rem; vertical-align: top;\">Gluing jaws brass, casing stainless chrome material<\/td>\n<\/tr>\n<tr>\n<td style=\"border: 1px solid #dee2e6; padding: 0.75rem; vertical-align: top;\">Operating Voltage<\/td>\n<td style=\"border: 1px solid #dee2e6; padding: 0.75rem; vertical-align: top;\">220V \/ 50Hz<\/td>\n<\/tr>\n<tr>\n<td style=\"border: 1px solid #dee2e6; padding: 0.75rem; vertical-align: top;\">Power<\/td>\n<td style=\"border: 1px solid #dee2e6; padding: 0.75rem; vertical-align: top;\">750 Watt<\/td>\n<\/tr>\n<tr>\n<td style=\"border: 1px solid #dee2e6; padding: 0.75rem; vertical-align: top;\">Dimensions (W\/Length\/Load.)<\/td>\n<td style=\"border: 1px solid #dee2e6; padding: 0.75rem; vertical-align: top;\">100*45*40 cm<\/td>\n<\/tr>\n<tr>\n<td style=\"border: 1px solid #dee2e6; padding: 0.75rem; vertical-align: top;\">Weight<\/td>\n<td style=\"border: 1px solid #dee2e6; padding: 0.75rem; vertical-align: top;\">30 Kg<\/td>\n<\/tr>\n<\/tbody>\n<\/table>","protected":false},"excerpt":{"rendered":"<p>&nbsp; &nbsp; &nbsp; Torcap Kodla D Otomatik Tarih Yaz\u0131c\u0131l\u0131 Po\u015fet Kapatma Makinas\u0131 &nbsp; Sonkaya Torcap Kodla D, paslanmaz malzemeden imal edilmi\u015f ve 4 sat\u0131ra kadar tarih kodlama kapasitesine sahip konvey\u00f6rl\u00fc dikey po\u015fet kapatma makinas\u0131d\u0131r. Her t\u00fcrl\u00fc po\u015feti kapatma g\u00fcc\u00fcne sahip olan bu makine, ayn\u0131 zamanda tarih kodlama i\u015flevini yerine getirerek \u00fcretiminizi h\u0131zland\u0131r\u0131r ve iki makinenin [&hellip;]<\/p>","protected":false},"featured_media":7903,"comment_status":"open","ping_status":"closed","template":"","meta":[],"product_brand":[82],"product_cat":[114,118,111],"product_tag":[],"class_list":{"0":"post-7871","1":"product","2":"type-product","3":"status-publish","4":"has-post-thumbnail","6":"product_brand-sonkaya","7":"product_cat-kapatma-makinalari","8":"product_cat-poset-agzi-kapatma-makinalari","9":"product_cat-tum-urunlerimiz","11":"first","12":"instock","13":"shipping-taxable","14":"product-type-simple"},"_links":{"self":[{"href":"https:\/\/sonkaya.magneroagency.com\/en\/wp-json\/wp\/v2\/product\/7871","targetHints":{"allow":["GET"]}}],"collection":[{"href":"https:\/\/sonkaya.magneroagency.com\/en\/wp-json\/wp\/v2\/product"}],"about":[{"href":"https:\/\/sonkaya.magneroagency.com\/en\/wp-json\/wp\/v2\/types\/product"}],"replies":[{"embeddable":true,"href":"https:\/\/sonkaya.magneroagency.com\/en\/wp-json\/wp\/v2\/comments?post=7871"}],"wp:featuredmedia":[{"embeddable":true,"href":"https:\/\/sonkaya.magneroagency.com\/en\/wp-json\/wp\/v2\/media\/7903"}],"wp:attachment":[{"href":"https:\/\/sonkaya.magneroagency.com\/en\/wp-json\/wp\/v2\/media?parent=7871"}],"wp:term":[{"taxonomy":"product_brand","embeddable":true,"href":"https:\/\/sonkaya.magneroagency.com\/en\/wp-json\/wp\/v2\/product_brand?post=7871"},{"taxonomy":"product_cat","embeddable":true,"href":"https:\/\/sonkaya.magneroagency.com\/en\/wp-json\/wp\/v2\/product_cat?post=7871"},{"taxonomy":"product_tag","embeddable":true,"href":"https:\/\/sonkaya.magneroagency.com\/en\/wp-json\/wp\/v2\/product_tag?post=7871"}],"curies":[{"name":"wp","href":"https:\/\/api.w.org\/{rel}","templated":true}]}}