{"id":8146,"date":"2025-05-15T09:59:54","date_gmt":"2025-05-15T09:59:54","guid":{"rendered":"https:\/\/sonkaya.magneroagency.com\/?post_type=product&#038;p=8146"},"modified":"2025-08-04T12:23:13","modified_gmt":"2025-08-04T12:23:13","slug":"%d8%b5%d9%8a%d9%86%d9%8a%d8%a9-%d8%aa%d8%ba%d8%b0%d9%8a%d8%a9-%d8%ae%d8%b7-%d8%a5%d9%86%d8%aa%d8%a7%d8%ac-%d8%ae%d8%b7-%d8%a5%d9%86%d8%aa%d8%a7%d8%ac-etitech-tb-%d8%b5%d9%8a%d9%86%d9%8a%d8%a9-%d8%aa","status":"publish","type":"product","link":"https:\/\/sonkaya.magneroagency.com\/ar\/%d8%b5%d9%8a%d9%86%d9%8a%d8%a9-%d8%aa%d8%ba%d8%b0%d9%8a%d8%a9-%d8%ae%d8%b7-%d8%a5%d9%86%d8%aa%d8%a7%d8%ac-%d8%ae%d8%b7-%d8%a5%d9%86%d8%aa%d8%a7%d8%ac-etitech-tb-%d8%b5%d9%8a%d9%86%d9%8a%d8%a9-%d8%aa\/","title":{"rendered":"\u062e\u0637 \u062a\u0639\u0628\u0626\u0629 \u062e\u0637 \u0627\u0644\u062a\u0639\u0628\u0626\u0629 Etitech TB \u0635\u064a\u0646\u064a\u0629 \u0627\u0644\u062a\u0639\u0628\u0626\u0629 \u0628\u0627\u0644\u062f\u0631\u062c \u0627\u0644\u062f\u0648\u0627\u0631"},"content":{"rendered":"<div style=\"position: relative; padding-bottom: 56.25%; height: 0; overflow: hidden; background: #000;\"><iframe style=\"position: absolute; top: 0; left: 0; width: 100%; height: 100%;\" title=\"\u0645\u0634\u063a\u0644 \u0641\u064a\u062f\u064a\u0648 \u064a\u0648\u062a\u064a\u0648\u0628\" src=\"https:\/\/www.youtube.com\/embed\/6eahRtPYm_0\" frameborder=\"0\" allowfullscreen=\"allowfullscreen\"><\/iframe><\/div>\n<h2 class=\"\"><\/h2>\n<h2 class=\"\"><b>\u0635\u064a\u0646\u064a\u0629 \u0627\u0644\u062a\u063a\u0630\u064a\u0629 \u0627\u0644\u062f\u0648\u0627\u0631\u0629 \u0644\u062e\u0637 \u0625\u0646\u062a\u0627\u062c Etitech TB \u062e\u0637 \u0625\u0646\u062a\u0627\u062c Etitech TB<\/b><\/h2>\n<p><strong>\u00a0<\/strong><\/p>\n<p>\u0635\u064f\u0645\u0645\u062a \u0627\u0644\u0635\u064a\u0646\u064a\u0629 \u0627\u0644\u062f\u0648\u0627\u0631\u0629 \u0644\u062a\u063a\u0630\u064a\u0629 \u062e\u0637 \u062a\u0639\u0628\u0626\u0629 \u062e\u0637 \u0627\u0644\u062a\u0639\u0628\u0626\u0629 Sonkaya Etitech TB \u0635\u064a\u0646\u064a\u0629 \u0627\u0644\u062a\u063a\u0630\u064a\u0629 \u0627\u0644\u062f\u0648\u0627\u0631\u0629 \u0644\u062d\u0644 \u0645\u0634\u0643\u0644\u0629 \u0636\u064a\u0627\u0639 \u0627\u0644\u0648\u0642\u062a \u0627\u0644\u0646\u0627\u062c\u0645 \u0639\u0646 \u062a\u063a\u0630\u064a\u0629 \u0627\u0644\u0632\u062c\u0627\u062c\u0627\u062a \u064a\u062f\u0648\u064a\u064b\u0627 \u0648\u0627\u062d\u062f\u0629 \u062a\u0644\u0648 \u0627\u0644\u0623\u062e\u0631\u0649 \u0641\u064a \u0628\u062f\u0627\u064a\u0629 \u062e\u0637 \u0627\u0644\u0625\u0646\u062a\u0627\u062c.<\/p>\n<p>&nbsp;<\/p>\n<h3 class=\"\">\u0627\u0644\u0645\u0632\u0627\u064a\u0627:<\/h3>\n<p>&nbsp;<\/p>\n<ul>\n<li><strong>\u0633\u0647\u0648\u0644\u0629 \u0627\u0644\u0627\u0633\u062a\u062e\u062f\u0627\u0645<\/strong>: \u0627\u0641\u062a\u062d\u064a \u0635\u064a\u0646\u064a\u0629 \u0627\u0644\u062a\u063a\u0630\u064a\u0629 \u0628\u0628\u0633\u0627\u0637\u0629 \u0639\u0646 \u0637\u0631\u064a\u0642 \u062a\u062f\u0648\u064a\u0631 \u0627\u0644\u0645\u0642\u0628\u0636. \u064a\u0645\u0643\u0646 \u0636\u0628\u0637\u0647 \u0628\u0628\u0633\u0627\u0637\u0629 \u0648\u0641\u0642\u064b\u0627 \u0644\u0642\u0637\u0631 \u0627\u0644\u0632\u062c\u0627\u062c\u0629.<\/li>\n<li><strong>\u0645\u0627\u062f\u0629 \u0627\u0644\u062c\u0633\u0645<\/strong>: \u0635\u064a\u0646\u064a\u062a\u0646\u0627 \u0645\u0635\u0646\u0648\u0639\u0629 \u0645\u0646 \u0645\u0627\u062f\u0629 \u063a\u064a\u0631 \u0642\u0627\u0628\u0644\u0629 \u0644\u0644\u0635\u062f\u0623 \u0648\u0645\u0646\u0627\u0633\u0628\u0629 \u0644\u0645\u0644\u0627\u0645\u0633\u0629 \u0627\u0644\u0637\u0639\u0627\u0645.<\/li>\n<\/ul>","protected":false},"excerpt":{"rendered":"<p>Etitech TB \u00dcretim Hatt\u0131 Besleme Tepsisi D\u00f6ner Tepsi \u00a0 Sonkaya Etitech TB Dolum Hatt\u0131 Besleme Tepsisi D\u00f6ner Tepsisi, \u00fcretim hatt\u0131n\u0131z\u0131n ba\u015flang\u0131c\u0131nda \u015fi\u015felerin tek tek el ile verilmesiyle olu\u015fan zaman kayb\u0131n\u0131 \u00e7\u00f6zmek i\u00e7in tasarlanm\u0131\u015ft\u0131r. &nbsp; \u00d6zellikler: &nbsp; Kullan\u0131m Kolayl\u0131\u011f\u0131: Besleme tepsimizi d\u00fc\u011fmeyi \u00e7evirerek a\u00e7man\u0131z yeterlidir. Basit\u00e7e \u015fi\u015fe \u00e7ap\u0131na g\u00f6re ayarlanabilir. G\u00f6vde Materyali: Tepsimiz g\u0131da temas\u0131na uygun [&hellip;]<\/p>","protected":false},"featured_media":8173,"comment_status":"open","ping_status":"closed","template":"","meta":[],"product_brand":[82],"product_cat":[121,111],"product_tag":[],"class_list":{"0":"post-8146","1":"product","2":"type-product","3":"status-publish","4":"has-post-thumbnail","6":"product_brand-sonkaya","7":"product_cat-etiketleme-makinalari","8":"product_cat-tum-urunlerimiz","10":"first","11":"instock","12":"shipping-taxable","13":"product-type-simple"},"_links":{"self":[{"href":"https:\/\/sonkaya.magneroagency.com\/ar\/wp-json\/wp\/v2\/product\/8146","targetHints":{"allow":["GET"]}}],"collection":[{"href":"https:\/\/sonkaya.magneroagency.com\/ar\/wp-json\/wp\/v2\/product"}],"about":[{"href":"https:\/\/sonkaya.magneroagency.com\/ar\/wp-json\/wp\/v2\/types\/product"}],"replies":[{"embeddable":true,"href":"https:\/\/sonkaya.magneroagency.com\/ar\/wp-json\/wp\/v2\/comments?post=8146"}],"wp:featuredmedia":[{"embeddable":true,"href":"https:\/\/sonkaya.magneroagency.com\/ar\/wp-json\/wp\/v2\/media\/8173"}],"wp:attachment":[{"href":"https:\/\/sonkaya.magneroagency.com\/ar\/wp-json\/wp\/v2\/media?parent=8146"}],"wp:term":[{"taxonomy":"product_brand","embeddable":true,"href":"https:\/\/sonkaya.magneroagency.com\/ar\/wp-json\/wp\/v2\/product_brand?post=8146"},{"taxonomy":"product_cat","embeddable":true,"href":"https:\/\/sonkaya.magneroagency.com\/ar\/wp-json\/wp\/v2\/product_cat?post=8146"},{"taxonomy":"product_tag","embeddable":true,"href":"https:\/\/sonkaya.magneroagency.com\/ar\/wp-json\/wp\/v2\/product_tag?post=8146"}],"curies":[{"name":"wp","href":"https:\/\/api.w.org\/{rel}","templated":true}]}}