{"id":8138,"date":"2025-05-15T10:09:46","date_gmt":"2025-05-15T10:09:46","guid":{"rendered":"https:\/\/sonkaya.magneroagency.com\/?post_type=product&#038;p=8138"},"modified":"2025-08-04T12:04:30","modified_gmt":"2025-08-04T12:04:30","slug":"%d9%85%d8%a7%d9%83%d9%8a%d9%86%d8%a9-%d9%88%d8%b6%d8%b9-%d8%a7%d9%84%d8%b9%d9%84%d8%a7%d9%85%d8%a7%d8%aa-%d8%b9%d9%84%d9%89-%d8%a7%d9%84%d8%b2%d8%ac%d8%a7%d8%ac%d8%a7%d8%aa-%d8%a7%d9%84%d8%a3%d8%b3","status":"publish","type":"product","link":"https:\/\/sonkaya.magneroagency.com\/ar\/%d9%85%d8%a7%d9%83%d9%8a%d9%86%d8%a9-%d9%88%d8%b6%d8%b9-%d8%a7%d9%84%d8%b9%d9%84%d8%a7%d9%85%d8%a7%d8%aa-%d8%b9%d9%84%d9%89-%d8%a7%d9%84%d8%b2%d8%ac%d8%a7%d8%ac%d8%a7%d8%aa-%d8%a7%d9%84%d8%a3%d8%b3\/","title":{"rendered":"\u0645\u0627\u0643\u064a\u0646\u0629 \u0648\u0636\u0639 \u0627\u0644\u0639\u0644\u0627\u0645\u0627\u062a \u0639\u0644\u0649 \u0627\u0644\u0632\u062c\u0627\u062c\u0627\u062a \u0627\u0644\u0623\u0633\u0637\u0648\u0627\u0646\u064a\u0629 \u0627\u0644\u0623\u0648\u062a\u0648\u0645\u0627\u062a\u064a\u0643\u064a\u0629 \u0628\u0627\u0644\u0643\u0627\u0645\u0644 \u0645\u0646 Etitech SE"},"content":{"rendered":"<div style=\"position: relative; padding-bottom: 56.25%; height: 0; overflow: hidden; background: #000;\"><iframe style=\"position: absolute; top: 0; left: 0; width: 100%; height: 100%;\" title=\"\u0645\u0634\u063a\u0644 \u0641\u064a\u062f\u064a\u0648 \u064a\u0648\u062a\u064a\u0648\u0628\" src=\"https:\/\/www.youtube.com\/embed\/6eahRtPYm_0\" frameborder=\"0\" allowfullscreen=\"allowfullscreen\"><\/iframe><\/div>\n<h2 class=\"\"><\/h2>\n<h2 class=\"\"><span style=\"font-weight: normal;\"><b>\u0645\u0627\u0643\u064a\u0646\u0629 \u0648\u0636\u0639 \u0627\u0644\u0639\u0644\u0627\u0645\u0627\u062a \u0639\u0644\u0649 \u0627\u0644\u0632\u062c\u0627\u062c\u0627\u062a \u0627\u0644\u0623\u0633\u0637\u0648\u0627\u0646\u064a\u0629 \u0627\u0644\u0623\u0648\u062a\u0648\u0645\u0627\u062a\u064a\u0643\u064a\u0629 \u0628\u0627\u0644\u0643\u0627\u0645\u0644 \u0645\u0646 Etitech SE<\/b><\/span><\/h2>\n<p><strong>\u00a0<\/strong><\/p>\n<p>\u0635\u064f\u0645\u0645\u062a Sonkaya Etitech SE \u0644\u062a\u0646\u0641\u064a\u0630 \u0639\u0645\u0644\u064a\u0629 \u0648\u0636\u0639 \u0627\u0644\u0645\u0644\u0635\u0642\u0627\u062a \u0627\u0644\u0623\u0633\u0637\u0648\u0627\u0646\u064a\u0629 \u0645\u062b\u0644 \u0627\u0644\u0632\u062c\u0627\u062c\u0627\u062a \u0648\u0627\u0644\u0628\u0631\u0637\u0645\u0627\u0646\u0627\u062a \u0648\u0627\u0644\u0642\u0648\u0627\u0631\u064a\u0631 \u0628\u0634\u0643\u0644 \u0622\u0644\u064a \u0628\u0627\u0644\u0643\u0627\u0645\u0644 \u0645\u0646 \u062e\u0644\u0627\u0644 \u0625\u0636\u0627\u0641\u062a\u0647\u0627 \u0625\u0644\u0649 \u062e\u0637 \u0627\u0644\u0625\u0646\u062a\u0627\u062c \u0627\u0644\u062e\u0627\u0635 \u0628\u0643.<\/p>\n<p>&nbsp;<\/p>\n<h3 class=\"\">\u0627\u0644\u0645\u0632\u0627\u064a\u0627:<\/h3>\n<p>&nbsp;<\/p>\n<ul>\n<li><strong>\u0633\u0647\u0648\u0644\u0629 \u0627\u0644\u0627\u0633\u062a\u062e\u062f\u0627\u0645<\/strong>: \u0628\u0641\u0636\u0644 \u0627\u0644\u0634\u0627\u0634\u0629 \u0627\u0644\u062a\u064a \u062a\u0639\u0645\u0644 \u0628\u0627\u0644\u0644\u0645\u0633\u060c \u0641\u0625\u0646 \u0627\u0644\u0622\u0644\u0629 \u0633\u0647\u0644\u0629 \u0627\u0644\u0627\u0633\u062a\u062e\u062f\u0627\u0645 \u0644\u0644\u063a\u0627\u064a\u0629 \u0648\u062a\u062a\u064a\u062d \u0644\u0643 \u0625\u062f\u0627\u0631\u0629 \u0639\u0645\u0644\u064a\u0627\u062a \u0627\u0644\u062a\u0634\u063a\u064a\u0644 \u0628\u0633\u0631\u0639\u0629.<\/li>\n<li><strong>\u0646\u0648\u0639 \u0627\u0644\u062a\u0633\u0645\u064a\u0629<\/strong>: \u0645\u0646\u0627\u0633\u0628 \u0644\u0644\u0645\u0644\u0635\u0642\u0627\u062a \u063a\u064a\u0631 \u0627\u0644\u0634\u0641\u0627\u0641\u0629 \u0623\u0648 \u0627\u0644\u0634\u0641\u0627\u0641\u0629. \u064a\u0631\u062c\u0649 \u062a\u062d\u062f\u064a\u062f \u0646\u0648\u0639 \u0627\u0644\u0645\u0644\u0635\u0642 \u0627\u0644\u062e\u0627\u0635 \u0628\u0643 \u0623\u062b\u0646\u0627\u0621 \u0639\u0645\u0644\u064a\u0629 \u0627\u0644\u0634\u0631\u0627\u0621.<\/li>\n<li><strong>\u0627\u0644\u0645\u0644\u062d\u0642\u0627\u062a \u0627\u0644\u0627\u062e\u062a\u064a\u0627\u0631\u064a\u0629<\/strong>: \u064a\u0645\u0643\u0646\u0643 \u062a\u0633\u0631\u064a\u0639 \u0639\u0645\u0644\u064a\u0629 \u0627\u0644\u062a\u0635\u0646\u064a\u0639 \u0627\u0644\u062e\u0627\u0635\u0629 \u0628\u0643 \u0639\u0646 \u0637\u0631\u064a\u0642 \u0625\u0636\u0627\u0641\u0629 \u0635\u064a\u0646\u064a\u0629 \u062a\u063a\u0630\u064a\u0629 Etitech TB \u0648\u0635\u064a\u0646\u064a\u0629 \u0627\u0646\u062a\u0642\u0627\u0621 Etitech TT \u0625\u0644\u0649 \u062e\u0637 \u0627\u0644\u0625\u0646\u062a\u0627\u062c \u0627\u0644\u062e\u0627\u0635 \u0628\u0643. \u062a\u0642\u0644\u064a\u0644 \u062a\u0643\u0644\u0641\u0629 \u0627\u0644\u0625\u0646\u062a\u0627\u062c \u0644\u062f\u064a\u0643.<\/li>\n<\/ul>","protected":false},"excerpt":{"rendered":"<p>Etitech SE Tam Otomatik Silindirik \u015ei\u015fe Etiketleme Makinas\u0131 \u00a0 Sonkaya Etitech SE, \u015fi\u015fe, kavanoz, flakon gibi silindirik etiketleme i\u015flemini \u00fcretim hatt\u0131n\u0131za ekleyerek tamamen otomatik olarak uygulamak i\u00e7in tasarland\u0131. &nbsp; \u00d6zellikler: &nbsp; Kullan\u0131m Kolayl\u0131\u011f\u0131: Dokunmatik ekran sayesinde makinenin kullan\u0131m\u0131 olduk\u00e7a basittir ve i\u015flem s\u00fcre\u00e7lerini h\u0131zl\u0131ca y\u00f6netmenizi sa\u011flar. Etiket T\u00fcr\u00fc: Opak veya \u015feffaf etiketlere uygundur. Sat\u0131n alma [&hellip;]<\/p>","protected":false},"featured_media":8161,"comment_status":"open","ping_status":"closed","template":"","meta":[],"product_brand":[82],"product_cat":[121,111],"product_tag":[],"class_list":{"0":"post-8138","1":"product","2":"type-product","3":"status-publish","4":"has-post-thumbnail","6":"product_brand-sonkaya","7":"product_cat-etiketleme-makinalari","8":"product_cat-tum-urunlerimiz","10":"first","11":"instock","12":"shipping-taxable","13":"product-type-simple"},"_links":{"self":[{"href":"https:\/\/sonkaya.magneroagency.com\/ar\/wp-json\/wp\/v2\/product\/8138","targetHints":{"allow":["GET"]}}],"collection":[{"href":"https:\/\/sonkaya.magneroagency.com\/ar\/wp-json\/wp\/v2\/product"}],"about":[{"href":"https:\/\/sonkaya.magneroagency.com\/ar\/wp-json\/wp\/v2\/types\/product"}],"replies":[{"embeddable":true,"href":"https:\/\/sonkaya.magneroagency.com\/ar\/wp-json\/wp\/v2\/comments?post=8138"}],"wp:featuredmedia":[{"embeddable":true,"href":"https:\/\/sonkaya.magneroagency.com\/ar\/wp-json\/wp\/v2\/media\/8161"}],"wp:attachment":[{"href":"https:\/\/sonkaya.magneroagency.com\/ar\/wp-json\/wp\/v2\/media?parent=8138"}],"wp:term":[{"taxonomy":"product_brand","embeddable":true,"href":"https:\/\/sonkaya.magneroagency.com\/ar\/wp-json\/wp\/v2\/product_brand?post=8138"},{"taxonomy":"product_cat","embeddable":true,"href":"https:\/\/sonkaya.magneroagency.com\/ar\/wp-json\/wp\/v2\/product_cat?post=8138"},{"taxonomy":"product_tag","embeddable":true,"href":"https:\/\/sonkaya.magneroagency.com\/ar\/wp-json\/wp\/v2\/product_tag?post=8138"}],"curies":[{"name":"wp","href":"https:\/\/api.w.org\/{rel}","templated":true}]}}