{"id":7983,"date":"2025-05-15T10:10:47","date_gmt":"2025-05-15T10:10:47","guid":{"rendered":"https:\/\/sonkaya.magneroagency.com\/?post_type=product&#038;p=7983"},"modified":"2025-08-04T11:59:48","modified_gmt":"2025-08-04T11:59:48","slug":"%d9%85%d8%a7%d9%83%d9%8a%d9%86%d8%a9-%d9%84%d8%b5%d9%82-%d8%a7%d9%84%d8%b7%d8%b1%d9%88%d8%af-smkb3-50x60-%d8%b3%d9%85","status":"publish","type":"product","link":"https:\/\/sonkaya.magneroagency.com\/ar\/%d9%85%d8%a7%d9%83%d9%8a%d9%86%d8%a9-%d9%84%d8%b5%d9%82-%d8%a7%d9%84%d8%b7%d8%b1%d9%88%d8%af-smkb3-50x60-%d8%b3%d9%85\/","title":{"rendered":"\u0645\u0627\u0643\u064a\u0646\u0629 \u062e\u062a\u0645 \u0627\u0644\u0637\u0631\u0648\u062f \u0627\u0644\u0644\u0627\u0635\u0642\u0629 KOBA 3 50x60 \u0633\u0645"},"content":{"rendered":"<h2 class=\"\"><strong>\u0645\u0627\u0643\u064a\u0646\u0629 \u0644\u0635\u0642 \u0627\u0644\u0637\u0631\u0648\u062f KOBA 3 - 50 \u00d7 60 \u0633\u0645<\/strong><\/h2>\n<p>&nbsp;<\/p>\n<p>\u0645\u0627\u0643\u064a\u0646\u0629 \u0644\u0635\u0642 \u0627\u0644\u0637\u0631\u0648\u062f \u0645\u0646 \u0633\u0648\u0646\u0643\u0627\u064a\u0627 KOBA 3 \u062a\u0644\u0635\u0642 \u0628\u0633\u0631\u0639\u0629 \u0643\u0644\u0627 \u062c\u0627\u0646\u0628\u064a \u0627\u0644\u0637\u0631\u0648\u062f \u0627\u0644\u062e\u0627\u0635\u0629 \u0628\u0643 \u0628\u0639\u0631\u0636 \u0648\u0627\u0631\u062a\u0641\u0627\u0639 \u0623\u0642\u0635\u0649 50\u00d760 \u0633\u0645 \u0648\u0648\u0632\u0646 \u0623\u0642\u0635\u0649 30 \u0643\u062c\u0645 \u0628\u0634\u0631\u064a\u0637 \u0644\u0627\u0635\u0642 \u0641\u064a \u0646\u0641\u0633 \u0627\u0644\u0648\u0642\u062a. \u062a\u0633\u0647\u0644 \u0647\u0630\u0647 \u0627\u0644\u0645\u0627\u0643\u064a\u0646\u0629 \u0627\u0644\u0641\u0639\u0627\u0644\u0629 \u0639\u0645\u0644\u064a\u0627\u062a \u0627\u0644\u062a\u063a\u0644\u064a\u0641 \u0627\u0644\u062e\u0627\u0635\u0629 \u0628\u0643 \u0648\u062a\u0648\u0641\u0631 \u0627\u0644\u0648\u0642\u062a.<\/p>","protected":false},"excerpt":{"rendered":"<p>KOBA 3 Koli Bantlama Makinas\u0131 &#8211; 50x60cm &nbsp; Sonkaya KOBA 3 Koli Bantlama Makinas\u0131, geni\u015fli\u011fi ve y\u00fcksekli\u011fi en fazla 50&#215;60 cm olan, maksimum 30 kg a\u011f\u0131rl\u0131\u011f\u0131ndaki kolilerinizi iki taraf\u0131n\u0131 da ayn\u0131 anda h\u0131zl\u0131ca koli bant\u0131yla yap\u0131\u015ft\u0131r\u0131r. Bu verimli makine, paketleme i\u015flemlerinizi kolayla\u015ft\u0131r\u0131r ve zaman tasarrufu sa\u011flar.<\/p>","protected":false},"featured_media":8029,"comment_status":"open","ping_status":"closed","template":"","meta":[],"product_brand":[82],"product_cat":[114,125,111],"product_tag":[],"class_list":{"0":"post-7983","1":"product","2":"type-product","3":"status-publish","4":"has-post-thumbnail","6":"product_brand-sonkaya","7":"product_cat-kapatma-makinalari","8":"product_cat-koli-bantlama-makinalari","9":"product_cat-tum-urunlerimiz","11":"first","12":"instock","13":"shipping-taxable","14":"product-type-simple"},"_links":{"self":[{"href":"https:\/\/sonkaya.magneroagency.com\/ar\/wp-json\/wp\/v2\/product\/7983","targetHints":{"allow":["GET"]}}],"collection":[{"href":"https:\/\/sonkaya.magneroagency.com\/ar\/wp-json\/wp\/v2\/product"}],"about":[{"href":"https:\/\/sonkaya.magneroagency.com\/ar\/wp-json\/wp\/v2\/types\/product"}],"replies":[{"embeddable":true,"href":"https:\/\/sonkaya.magneroagency.com\/ar\/wp-json\/wp\/v2\/comments?post=7983"}],"wp:featuredmedia":[{"embeddable":true,"href":"https:\/\/sonkaya.magneroagency.com\/ar\/wp-json\/wp\/v2\/media\/8029"}],"wp:attachment":[{"href":"https:\/\/sonkaya.magneroagency.com\/ar\/wp-json\/wp\/v2\/media?parent=7983"}],"wp:term":[{"taxonomy":"product_brand","embeddable":true,"href":"https:\/\/sonkaya.magneroagency.com\/ar\/wp-json\/wp\/v2\/product_brand?post=7983"},{"taxonomy":"product_cat","embeddable":true,"href":"https:\/\/sonkaya.magneroagency.com\/ar\/wp-json\/wp\/v2\/product_cat?post=7983"},{"taxonomy":"product_tag","embeddable":true,"href":"https:\/\/sonkaya.magneroagency.com\/ar\/wp-json\/wp\/v2\/product_tag?post=7983"}],"curies":[{"name":"wp","href":"https:\/\/api.w.org\/{rel}","templated":true}]}}