{"id":7974,"date":"2025-05-15T09:50:23","date_gmt":"2025-05-15T09:50:23","guid":{"rendered":"https:\/\/sonkaya.magneroagency.com\/?post_type=product&#038;p=7974"},"modified":"2025-08-04T12:33:05","modified_gmt":"2025-08-04T12:33:05","slug":"smspm120-isi-tunelli-l-kesim-shrink-makinasi-50x40cm","status":"publish","type":"product","link":"https:\/\/sonkaya.magneroagency.com\/ar\/smspm120-isi-tunelli-l-kesim-shrink-makinasi-50x40cm\/","title":{"rendered":"\u0645\u0627\u0643\u064a\u0646\u0629 \u0627\u0646\u0643\u0645\u0627\u0634 \u062d\u0631\u0627\u0631\u064a \u0646\u0641\u0642 \u062d\u0631\u0627\u0631\u064a LB CAPLA LB \u0622\u0644\u0629 \u0627\u0646\u0643\u0645\u0627\u0634 \u0627\u0644\u0642\u0637\u0639 50x40 \u0633\u0645"},"content":{"rendered":"<h2 class=\"\"><strong>\u0645\u0627\u0643\u064a\u0646\u0629 \u0627\u0646\u0643\u0645\u0627\u0634 \u062d\u0631\u0627\u0631\u064a \u0646\u0641\u0642 \u062d\u0631\u0627\u0631\u064a LB CAPLA LB \u0622\u0644\u0629 \u0627\u0646\u0643\u0645\u0627\u0634 \u0627\u0644\u0642\u0637\u0639 50x40 \u0633\u0645<\/strong><\/h2>\n<p><strong>\u00a0<\/strong><\/p>\n<p><strong>\u0645\u0627\u0643\u064a\u0646\u0629 \u0627\u0644\u0627\u0646\u0643\u0645\u0627\u0634 \u0627\u0644\u062d\u0631\u0627\u0631\u064a \u0627\u0644\u0646\u0641\u0642 \u0627\u0644\u062d\u0631\u0627\u0631\u064a CAPLA LB LB Cut Shrink<\/strong>\u064a\u0642\u0648\u0645 \u0628\u062a\u063a\u0644\u064a\u0641 \u0645\u0646\u062a\u062c\u0627\u062a\u0643 \u0628\u0641\u0639\u0627\u0644\u064a\u0629 \u062d\u062a\u0649 \u062d\u062c\u0645 450 \u00d7 350 \u00d7 200 \u0645\u0645. \u0641\u0647\u064a \u062a\u062d\u0645\u064a \u0645\u0646\u062a\u062c\u0627\u062a\u0643 \u0645\u0646 \u0627\u0644\u0639\u0648\u0627\u0645\u0644 \u0627\u0644\u062e\u0627\u0631\u062c\u064a\u0629 \u0645\u0646 \u062e\u0644\u0627\u0644 \u062a\u063a\u0644\u064a\u0641\u0647\u0627 \u0628\u0623\u063a\u0644\u0641\u0629 \u0645\u062e\u062a\u0644\u0641\u0629 \u0645\u062b\u0644 POF \u0648PVC \u0648PP \u0648\u062a\u0632\u064a\u062f \u0645\u0646 \u0633\u0644\u0627\u0645\u062a\u0647\u0627 \u0623\u062b\u0646\u0627\u0621 \u0627\u0644\u0646\u0642\u0644.<\/p>\n<p>&nbsp;<\/p>\n<h3 class=\"\"><strong>\u0623\u0628\u0631\u0632 \u0627\u0644\u0645\u0644\u0627\u0645\u062d:<\/strong><\/h3>\n<p><strong>\u00a0<\/strong><\/p>\n<ul>\n<li><strong>\u0645\u0633\u0627\u062d\u0629 \u062a\u0639\u0628\u0626\u0629 \u0643\u0628\u064a\u0631\u0629:<\/strong> \u0648\u0628\u0641\u0636\u0644 \u062a\u0635\u0645\u064a\u0645\u0647 \u0627\u0644\u0645\u0642\u0637\u0648\u0639 \u0639\u0644\u0649 \u0634\u0643\u0644 \u062d\u0631\u0641 L \u0645\u0642\u0627\u0633 50 \u00d7 40 \u0633\u0645\u060c \u0641\u0625\u0646\u0647 \u064a\u0645\u0643\u0646 \u062a\u0639\u0628\u0626\u0629 \u0627\u0644\u0645\u0646\u062a\u062c\u0627\u062a \u0627\u0644\u062a\u064a \u064a\u0628\u0644\u063a \u062d\u062c\u0645\u0647\u0627 450 \u00d7 350 \u00d7 200 \u0645\u0645 \u0628\u0633\u0647\u0648\u0644\u0629.<\/li>\n<li><strong>\u062e\u064a\u0627\u0631\u0627\u062a \u0627\u0644\u0623\u0641\u0644\u0627\u0645:<\/strong> \u062a\u0642\u062f\u0645 POF \u062d\u0644\u0648\u0644\u0627\u064b \u0644\u0645\u062e\u062a\u0644\u0641 \u0627\u062d\u062a\u064a\u0627\u062c\u0627\u062a \u0627\u0644\u062a\u0639\u0628\u0626\u0629 \u0648\u0627\u0644\u062a\u063a\u0644\u064a\u0641 \u0645\u0646 \u062e\u0644\u0627\u0644 \u0623\u063a\u0634\u064a\u0629 \u0627\u0644\u0628\u0648\u0644\u064a \u0641\u064a\u0646\u064a\u0644 \u0643\u0644\u0648\u0631\u064a\u062f \u0627\u0644\u0641\u064a\u0646\u064a\u0644 \u0648\u0627\u0644\u0628\u0648\u0644\u064a \u0628\u0631\u0648\u0628\u064a\u0644\u064a\u0646.<\/li>\n<li><strong>\u0627\u0644\u0646\u0641\u0642 \u0627\u0644\u062d\u0631\u0627\u0631\u064a<\/strong> \u0648\u0645\u0646 \u062e\u0644\u0627\u0644 \u062a\u0645\u0631\u064a\u0631 \u0627\u0644\u0645\u0646\u062a\u062c \u0639\u0628\u0631 \u0627\u0644\u0646\u0641\u0642 \u0627\u0644\u062d\u0631\u0627\u0631\u064a\u060c \u0641\u0625\u0646\u0647 \u064a\u062d\u0642\u0642 \u0627\u0644\u062a\u063a\u0644\u064a\u0641 \u0628\u0634\u0643\u0644 \u0645\u062b\u0627\u0644\u064a \u0648\u064a\u0636\u0645\u0646 \u062a\u063a\u0644\u064a\u0641\u064b\u0627 \u0645\u062d\u0643\u0645\u064b\u0627 \u0644\u0644\u0639\u0628\u0648\u0629.<\/li>\n<li><strong>\u062e\u0627\u0635\u064a\u0629 \u0627\u0644\u0627\u0633\u062a\u0631\u062c\u0627\u0639:<\/strong> \u064a\u0632\u064a\u062f \u062a\u0645\u0631\u064a\u0631 \u0627\u0644\u0645\u0646\u062a\u062c \u0645\u0646 \u062e\u0644\u0627\u0644 \u0627\u0644\u0646\u0641\u0642 \u0627\u0644\u062d\u0631\u0627\u0631\u064a \u0648\u0627\u0644\u0639\u0648\u062f\u0629 \u0645\u0646 \u0643\u0641\u0627\u0621\u0629 \u0627\u0644\u0639\u0645\u0644\u064a\u0629 \u0648\u064a\u0636\u0645\u0646 \u062c\u0648\u062f\u0629 \u0637\u0644\u0627\u0621 \u0627\u0644\u0641\u064a\u0644\u0645.<\/li>\n<\/ul>\n<p><strong>\u0645\u062c\u0627\u0644\u0627\u062a \u0627\u0644\u0627\u0633\u062a\u062e\u062f\u0627\u0645:<\/strong><\/p>\n<ul>\n<li>\u062d\u0645\u0627\u064a\u0629 \u0627\u0644\u0645\u0646\u062a\u062c \u0648\u062a\u063a\u0644\u064a\u0641\u0647<\/li>\n<li>\u062a\u063a\u0644\u064a\u0641 \u0645\u0646\u062a\u062c\u0627\u062a \u0627\u0644\u062a\u062c\u0632\u0626\u0629 \u0648\u0627\u0644\u0645\u0646\u062a\u062c\u0627\u062a \u0627\u0644\u0635\u0646\u0627\u0639\u064a\u0629<\/li>\n<li>\u0639\u0628\u0648\u0627\u062a \u0627\u0644\u0632\u062c\u0627\u062c\u0627\u062a \u0648\u0627\u0644\u0628\u0631\u0637\u0645\u0627\u0646\u0627\u062a<\/li>\n<\/ul>\n<p><strong>\u0645\u0627\u0643\u064a\u0646\u0629 \u0627\u0644\u062a\u0642\u0644\u064a\u0635 \u0627\u0644\u062d\u0631\u0627\u0631\u064a \u0627\u0644\u0646\u0641\u0642 \u0627\u0644\u062d\u0631\u0627\u0631\u064a Capla LB L Cut Shrink Machine<\/strong>\u064a\u063a\u0644\u0641 \u0645\u0646\u062a\u062c\u0627\u062a\u0643 \u0628\u0623\u0645\u0627\u0646 \u0648\u064a\u062d\u0645\u064a\u0647\u0627 \u0645\u0646 \u0627\u0644\u0639\u0648\u0627\u0645\u0644 \u0627\u0644\u062e\u0627\u0631\u062c\u064a\u0629. \u0648\u0628\u0641\u0636\u0644 \u0639\u0645\u0644\u064a\u0629 \u0627\u0644\u0646\u0641\u0642 \u0627\u0644\u062d\u0631\u0627\u0631\u064a\u060c \u0641\u0625\u0646\u0647 \u064a\u0648\u0641\u0631 \u0637\u0628\u0642\u0629 \u062a\u063a\u0644\u064a\u0641 \u0645\u0645\u062a\u0627\u0632\u0629 \u0648\u064a\u0632\u064a\u062f \u0645\u0646 \u0627\u0644\u0643\u0641\u0627\u0621\u0629 \u0627\u0644\u062a\u0634\u063a\u064a\u0644\u064a\u0629.<\/p>","protected":false},"excerpt":{"rendered":"<p>CAPLA LB Is\u0131 T\u00fcnelli L Kesim Shrink Makinas\u0131 50x40cm \u00a0 CAPLA LB Is\u0131 T\u00fcnelli L Kesim Shrink Makinas\u0131, 450x350x200mm ebat\u0131na kadar \u00fcr\u00fcnlerinizi etkili bir \u015fekilde ambalajlar. POF, PVC ve PP gibi \u00e7e\u015fitli filmlerle \u00fcr\u00fcnlerinizi sararak d\u0131\u015f etkenlerden korur ve ta\u015f\u0131ma s\u0131ras\u0131nda g\u00fcvenli\u011fini art\u0131r\u0131r. &nbsp; \u00d6ne \u00c7\u0131kan \u00d6zellikler: \u00a0 Geni\u015f Paketleme Alan\u0131: 50x40cm L kesim tasar\u0131m\u0131 [&hellip;]<\/p>","protected":false},"featured_media":8022,"comment_status":"open","ping_status":"closed","template":"","meta":[],"product_brand":[82],"product_cat":[130,111],"product_tag":[],"class_list":{"0":"post-7974","1":"product","2":"type-product","3":"status-publish","4":"has-post-thumbnail","6":"product_brand-sonkaya","7":"product_cat-shrink-ambalaj-makinalari","8":"product_cat-tum-urunlerimiz","10":"first","11":"instock","12":"shipping-taxable","13":"product-type-simple"},"_links":{"self":[{"href":"https:\/\/sonkaya.magneroagency.com\/ar\/wp-json\/wp\/v2\/product\/7974","targetHints":{"allow":["GET"]}}],"collection":[{"href":"https:\/\/sonkaya.magneroagency.com\/ar\/wp-json\/wp\/v2\/product"}],"about":[{"href":"https:\/\/sonkaya.magneroagency.com\/ar\/wp-json\/wp\/v2\/types\/product"}],"replies":[{"embeddable":true,"href":"https:\/\/sonkaya.magneroagency.com\/ar\/wp-json\/wp\/v2\/comments?post=7974"}],"wp:featuredmedia":[{"embeddable":true,"href":"https:\/\/sonkaya.magneroagency.com\/ar\/wp-json\/wp\/v2\/media\/8022"}],"wp:attachment":[{"href":"https:\/\/sonkaya.magneroagency.com\/ar\/wp-json\/wp\/v2\/media?parent=7974"}],"wp:term":[{"taxonomy":"product_brand","embeddable":true,"href":"https:\/\/sonkaya.magneroagency.com\/ar\/wp-json\/wp\/v2\/product_brand?post=7974"},{"taxonomy":"product_cat","embeddable":true,"href":"https:\/\/sonkaya.magneroagency.com\/ar\/wp-json\/wp\/v2\/product_cat?post=7974"},{"taxonomy":"product_tag","embeddable":true,"href":"https:\/\/sonkaya.magneroagency.com\/ar\/wp-json\/wp\/v2\/product_tag?post=7974"}],"curies":[{"name":"wp","href":"https:\/\/api.w.org\/{rel}","templated":true}]}}