{"id":7973,"date":"2025-05-15T10:09:21","date_gmt":"2025-05-15T10:09:21","guid":{"rendered":"https:\/\/sonkaya.magneroagency.com\/?post_type=product&#038;p=7973"},"modified":"2025-08-04T12:05:25","modified_gmt":"2025-08-04T12:05:25","slug":"%d9%85%d8%a7%d9%83%d9%8a%d9%86%d8%a9-%d8%ae%d8%aa%d9%85-%d8%a7%d9%84%d8%a3%d9%83%d9%8a%d8%a7%d8%b3-%d8%a7%d9%84%d9%86%d8%a7%d9%82%d9%84%d8%a9-%d8%a7%d9%84%d8%b9%d8%b1%d9%8a%d8%b6%d8%a9-smapy300g","status":"publish","type":"product","link":"https:\/\/sonkaya.magneroagency.com\/ar\/%d9%85%d8%a7%d9%83%d9%8a%d9%86%d8%a9-%d8%ae%d8%aa%d9%85-%d8%a7%d9%84%d8%a3%d9%83%d9%8a%d8%a7%d8%b3-%d8%a7%d9%84%d9%86%d8%a7%d9%82%d9%84%d8%a9-%d8%a7%d9%84%d8%b9%d8%b1%d9%8a%d8%b6%d8%a9-smapy300g\/","title":{"rendered":"\u0645\u0627\u0643\u064a\u0646\u0629 \u062e\u062a\u0645 \u0627\u0644\u0623\u0643\u064a\u0627\u0633 \u0627\u0644\u0637\u0648\u064a\u0644\u0629 \u0627\u0644\u0623\u0648\u062a\u0648\u0645\u0627\u062a\u064a\u0643\u064a\u0629 TORCAP EKO G"},"content":{"rendered":"<h2 class=\"\"><img decoding=\"async\" style=\"width: 828px;\" src=\"https:\/\/cdn.myikas.com\/images\/29cda3ed-e0be-4a8c-bcaf-7670e06cb6c9\/828d4076-14a7-40c9-adec-6f0a1fbeb26e\/image_1080.webp\" alt=\"\" title=\"\"><img decoding=\"async\" style=\"width: 829px;\" src=\"https:\/\/cdn.myikas.com\/images\/29cda3ed-e0be-4a8c-bcaf-7670e06cb6c9\/7fe04568-f7c8-4aa7-84b3-7c829a9fdb87\/image_1080.webp\" alt=\"\" title=\"\"><img decoding=\"async\" style=\"width: 829px;\" src=\"https:\/\/cdn.myikas.com\/images\/29cda3ed-e0be-4a8c-bcaf-7670e06cb6c9\/c2517674-8f4d-447c-85c4-f608d9cb2c48\/image_1080.webp\" alt=\"\" title=\"\"><strong><br \/>\n<\/strong><\/h2>\n<h2 class=\"\"><\/h2>\n<h2 class=\"\"><strong>\u0645\u0627\u0643\u064a\u0646\u0629 \u062e\u062a\u0645 \u0627\u0644\u0623\u0643\u064a\u0627\u0633 \u0627\u0644\u0623\u0648\u062a\u0648\u0645\u0627\u062a\u064a\u0643\u064a\u0629 Torcap Eko G \u0627\u0644\u0645\u0632\u0648\u062f\u0629 \u0628\u062d\u0632\u0627\u0645 \u0639\u0631\u064a\u0636 \u0645\u062a\u062d\u0631\u0643<\/strong><\/h2>\n<p><strong>\u00a0<\/strong><\/p>\n<p>\u0633\u0648\u0646\u0643\u0627\u064a\u0632 <strong>\u0622\u0644\u0629 \u062e\u062a\u0645 \u0627\u0644\u0623\u0643\u064a\u0627\u0633 \u0627\u0644\u0623\u0648\u062a\u0648\u0645\u0627\u062a\u064a\u0643\u064a\u0629 \u0627\u0644\u0639\u0631\u064a\u0636\u0629 Torcap Eko G<\/strong>\u062a\u062a\u0645\u064a\u0632 \u0628\u0646\u0627\u0642\u0644\u0647\u0627 \u0627\u0644\u0639\u0631\u064a\u0636 \u0627\u0644\u0645\u0635\u0645\u0645 \u062e\u0635\u064a\u0635\u064b\u0627 \u0644\u0644\u0623\u0643\u064a\u0627\u0633 \u0627\u0644\u0623\u0641\u0642\u064a\u0629 \u0648\u0627\u0644\u0637\u0648\u064a\u0644\u0629. \u0625\u0646\u0647 \u0627\u0644\u062d\u0644 \u0627\u0644\u0623\u0645\u062b\u0644 \u0644\u0625\u063a\u0644\u0627\u0642 \u0633\u0631\u064a\u0639 \u0648\u0645\u0648\u062b\u0648\u0642 \u0644\u0623\u0646\u0648\u0627\u0639 \u0645\u062e\u062a\u0644\u0641\u0629 \u0645\u0646 \u0627\u0644\u0623\u0643\u064a\u0627\u0633 \u0645\u062b\u0644 \u0623\u0643\u064a\u0627\u0633 \u0641\u064a\u0644\u0648 \u0648\u0623\u0643\u064a\u0627\u0633 \u0627\u0644\u0642\u0647\u0648\u0629 \u0627\u0644\u0637\u0648\u064a\u0644\u0629 \u0627\u0644\u0645\u062c\u0645\u0639\u0629 \u0648\u0645\u0627 \u0625\u0644\u0649 \u0630\u0644\u0643.<\/p>\n<p>&nbsp;<\/p>\n<h3 class=\"\"><strong>\u0623\u0628\u0631\u0632 \u0627\u0644\u0645\u0644\u0627\u0645\u062d:<\/strong><\/h3>\n<p><strong>\u00a0<\/strong><\/p>\n<ul>\n<li><strong>\u0646\u0627\u0642\u0644 \u0639\u0631\u064a\u0636:<\/strong> \u062a\u062a\u0639\u0627\u0645\u0644 \u0628\u0633\u0647\u0648\u0644\u0629 \u0645\u0639 \u062c\u0645\u064a\u0639 \u0623\u0646\u0648\u0627\u0639 \u0627\u0644\u0623\u0643\u064a\u0627\u0633 \u0628\u0641\u0636\u0644 \u062a\u0635\u0645\u064a\u0645 \u0627\u0644\u0646\u0627\u0642\u0644 \u0627\u0644\u0639\u0631\u064a\u0636 \u0644\u0625\u063a\u0644\u0627\u0642 \u0627\u0644\u0623\u0643\u064a\u0627\u0633 \u0627\u0644\u0637\u0648\u064a\u0644\u0629 \u0648\u0627\u0644\u0623\u0641\u0642\u064a\u0629.<\/li>\n<li><strong>\u0639\u0645\u0644\u064a\u0629 \u0627\u0644\u0625\u063a\u0644\u0627\u0642 \u0639\u0644\u0649 \u062b\u0644\u0627\u062b \u0645\u0631\u0627\u062d\u0644:<\/strong>\n<ul>\n<li><strong>\u0627\u0644\u062a\u062f\u0641\u0626\u0629<\/strong> \u0639\u0646\u062f\u0645\u0627 \u064a\u062a\u0645 \u0623\u062e\u0630 \u0627\u0644\u0643\u064a\u0633 \u0645\u0646 \u0627\u0644\u062c\u0627\u0646\u0628 \u0627\u0644\u0623\u064a\u0645\u0646 \u0645\u0646 \u0627\u0644\u0646\u0627\u0642\u0644\u060c \u064a\u062a\u0645 \u0625\u062d\u0643\u0627\u0645 \u063a\u0644\u0642\u0647 \u0641\u064a \u062f\u0631\u062c\u0629 \u062d\u0631\u0627\u0631\u0629 \u0639\u0627\u0644\u064a\u0629 \u0642\u0627\u0628\u0644\u0629 \u0644\u0644\u062a\u0639\u062f\u064a\u0644 \u062d\u062a\u0649 300 \u062f\u0631\u062c\u0629 \u0645\u0639 \u0641\u0643\u064a\u0646 \u062a\u0633\u062e\u064a\u0646 \u0628\u0639\u0631\u0636 12 \u0645\u0645 \u0641\u064a \u0627\u0644\u0623\u0633\u0641\u0644 \u0648\u0627\u0644\u0623\u0639\u0644\u0649. <a style=\"font-style: normal; font-weight: 400; font-size: 14px;\" href=\"https:\/\/sonkaya.com.tr\/teflo-otomatik-poset-kapatma-makinasi-teflon-banti\" rel=\"nofollow noopener\" target=\"_blank\">\u0623\u0634\u0631\u0637\u0629 \u0627\u0644\u062a\u0641\u0644\u0648\u0646<\/a><span style=\"font-style: normal; font-weight: 400; font-size: 14px;\">,<\/span>\u00a0\u064a\u0645\u0646\u0639 \u0641\u0643\u064a \u0627\u0644\u062a\u0633\u062e\u064a\u0646 \u0645\u0646 \u0625\u062a\u0644\u0627\u0641 \u0627\u0644\u0643\u064a\u0633.<\/li>\n<li><strong>\u0627\u0644\u062a\u0628\u0631\u064a\u062f<\/strong> \u0628\u0639\u062f \u0627\u0644\u062a\u0633\u062e\u064a\u0646\u060c \u062a\u0648\u0641\u0631 \u0643\u062a\u0644 \u0627\u0644\u062a\u0628\u0631\u064a\u062f \u0627\u0644\u0639\u0644\u0648\u064a\u0629 \u0648\u0627\u0644\u0633\u0641\u0644\u064a\u0629 \u062a\u0628\u0631\u064a\u062f\u064b\u0627 \u0641\u0648\u0631\u064a\u064b\u0627.<\/li>\n<li><strong>\u0627\u0644\u0636\u063a\u0637<\/strong> \u064a\u0645\u0631 \u0627\u0644\u0643\u064a\u0633 \u0627\u0644\u0645\u0628\u0631\u062f \u0628\u064a\u0646 \u0627\u0644\u0643\u0631\u0629 \u0627\u0644\u0645\u0639\u062f\u0646\u064a\u0629 \u0648\u0627\u0644\u0628\u0643\u0631\u0627\u062a \u0627\u0644\u0645\u0637\u0627\u0637\u064a\u0629 \u0644\u0636\u0645\u0627\u0646 \u0627\u0644\u0627\u0644\u062a\u0635\u0627\u0642 \u0627\u0644\u0643\u0627\u0645\u0644.<\/li>\n<\/ul>\n<\/li>\n<li><strong>\u062a\u0634\u063a\u064a\u0644 \u0633\u0631\u064a\u0639 \u0648\u062a\u0644\u0642\u0627\u0626\u064a:<\/strong> \u0627\u0639\u062a\u0645\u0627\u062f\u064b\u0627 \u0639\u0644\u0649 \u0633\u0631\u0639\u0629 \u0627\u0644\u0646\u0627\u0642\u0644\u060c \u064a\u062a\u0645 \u062a\u0646\u0641\u064a\u0630 \u062c\u0645\u064a\u0639 \u0647\u0630\u0647 \u0627\u0644\u0639\u0645\u0644\u064a\u0627\u062a \u062a\u0644\u0642\u0627\u0626\u064a\u064b\u0627 \u0641\u064a \u062b\u0627\u0646\u064a\u0629 \u0648\u0627\u062d\u062f\u0629 \u0623\u0648 \u062b\u0627\u0646\u064a\u062a\u064a\u0646 \u0641\u0642\u0637 - \u0644\u0627 \u064a\u0644\u0632\u0645 \u0627\u0644\u062a\u062f\u062e\u0644 \u0627\u0644\u064a\u062f\u0648\u064a.<\/li>\n<\/ul>\n<p><strong>\u0645\u062c\u0627\u0644\u0627\u062a \u0627\u0644\u062a\u0637\u0628\u064a\u0642:<\/strong>\u064a\u0645\u0643\u0646 \u0644 Torcap Eko G \u0625\u063a\u0644\u0627\u0642 \u0623\u0646\u0648\u0627\u0639 \u0645\u062e\u062a\u0644\u0641\u0629 \u0645\u0646 \u0627\u0644\u0623\u0643\u064a\u0627\u0633\u060c \u0628\u0645\u0627 \u0641\u064a \u0630\u0644\u0643<\/p>\n<p>&nbsp;<\/p>\n<ul>\n<li>\u0623\u0643\u064a\u0627\u0633 \u0627\u0644\u0623\u0648\u062a\u0648\u0643\u0644\u0627\u0641 (\u0623\u0643\u064a\u0627\u0633 \u0627\u0644\u062a\u0639\u0642\u064a\u0645)<\/li>\n<li>\u0623\u0643\u064a\u0627\u0633 \u0645\u0639\u062f\u0646\u064a\u0629<\/li>\n<li>\u0623\u0643\u064a\u0627\u0633 \u0646\u0627\u064a\u0644\u0648\u0646<\/li>\n<li>\u0623\u0643\u064a\u0627\u0633 \u0627\u0644\u0623\u0644\u0648\u0645\u0646\u064a\u0648\u0645<\/li>\n<li>\u0623\u0643\u064a\u0627\u0633 \u0645\u062c\u0645\u0639\u0629 \u062c\u0627\u0646\u0628\u064a\u0629<\/li>\n<li>\u062d\u0642\u0627\u0626\u0628 \u0627\u0644\u062c\u0644\u0648\u0633 (\u062d\u0642\u0627\u0626\u0628 \u062f\u0648\u064a\u0628\u0627\u0643)<\/li>\n<li>\u0623\u0643\u064a\u0627\u0633 \u0632\u064a\u0628\u0644\u0648\u0643 (\u0623\u0643\u064a\u0627\u0633 \u062a\u063a\u0644\u0642 \u0628\u0633\u062d\u0627\u0628)<\/li>\n<li>\u0623\u0643\u064a\u0627\u0633 \u0643\u0631\u0627\u0641\u062a<\/li>\n<\/ul>\n<p><strong>\u0627\u0644\u0645\u0648\u0627\u062f \u0627\u0644\u0627\u0633\u062a\u0647\u0644\u0627\u0643\u064a\u0629:<\/strong>\u0645\u062a\u0648\u0641\u0631 \u0641\u064a \u0627\u0644\u0645\u062e\u0632\u0648\u0646\u00a0<span style=\", inter, sans-serif;font-size: 14px; font-style: normal; font-weight: 400;\">\u0645\u0633\u062a\u0645\u0631\u00a0<\/span><a style=\"font-style: normal; font-weight: 400; font-size: 14px;\" href=\"https:\/\/sonkaya.com.tr\/teflo-otomatik-poset-kapatma-makinasi-teflon-banti\" rel=\"nofollow noopener\" target=\"_blank\">\u0634\u0631\u064a\u0637 \u062a\u0641\u0644\u0648\u0646<\/a><span style=\", inter, sans-serif;font-size: 14px; font-style: normal; font-weight: 400;\">\u062d\u0632\u0627\u0645 \u0645\u0633\u0646\u0646,\u00a0<\/span><a style=\"font-style: normal; font-weight: 400; font-size: 14px;\" href=\"https:\/\/sonkaya.com.tr\/murto-16-poset-kapatma-makinasi-kati-murekkep-topu-36x16mm\" rel=\"nofollow noopener\" target=\"_blank\">\u0643\u0631\u0627\u062a \u0627\u0644\u062d\u0628\u0631<\/a><span style=\", inter, sans-serif;font-size: 14px; font-style: normal; font-weight: 400;\">,<\/span>\u00a0\u0627\u0644\u0645\u0648\u0627\u062f \u0627\u0644\u0627\u0633\u062a\u0647\u0644\u0627\u0643\u064a\u0629 \u0645\u062b\u0644 \u0645\u0642\u0627\u0648\u0645\u0627\u062a \u0627\u0644\u062a\u0633\u062e\u064a\u0646 \u0645\u062a\u0648\u0641\u0631\u0629.<\/p>\n<p>&nbsp;<\/p>\n<p><strong>\u0623\u063a\u0644\u0642 \u0623\u0643\u064a\u0627\u0633\u0643 \u0628\u0633\u0631\u0639\u0629 \u0648\u0641\u0639\u0627\u0644\u064a\u0629 \u0648\u0645\u0648\u062b\u0648\u0642\u064a\u0629 \u0645\u0639 \u0645\u0627\u0643\u064a\u0646\u0627\u062a Sonkaya Torcap Eko G. \u0627\u062d\u0635\u0644 \u0639\u0644\u0649 \u0646\u062a\u0627\u0626\u062c \u0645\u062b\u0627\u0644\u064a\u0629 \u0628\u0641\u0636\u0644 \u062a\u0635\u0645\u064a\u0645 \u0627\u0644\u0646\u0627\u0642\u0644 \u0627\u0644\u0639\u0631\u064a\u0636 \u0648\u0639\u0645\u0644\u064a\u0629 \u0627\u0644\u0625\u063a\u0644\u0627\u0642 \u062b\u0644\u0627\u062b\u064a\u0629 \u0627\u0644\u0645\u0631\u0627\u062d\u0644!<\/strong><\/p>\n<p><strong>\u00a0<\/strong><\/p>\n<h3 class=\"\"><strong>\u062c\u062f\u0648\u0644 \u0627\u0644\u0645\u0648\u0627\u0635\u0641\u0627\u062a \u0627\u0644\u0641\u0646\u064a\u0629:<\/strong><\/h3>\n<h3 class=\"\"><\/h3>\n<p>&nbsp;<\/p>\n<table border=\"1\">\n<thead>\n<tr>\n<th><b>\u0627\u0644\u0645\u064a\u0632\u0629<\/b><\/th>\n<th><b>\u0627\u0644\u0642\u064a\u0645\u0629<\/b><\/th>\n<\/tr>\n<\/thead>\n<tbody>\n<tr>\n<td style=\"border: 1px solid #dee2e6; padding: 0.75rem; vertical-align: top;\">\u0627\u0644\u0639\u0644\u0627\u0645\u0629 \u0627\u0644\u062a\u062c\u0627\u0631\u064a\u0629<\/td>\n<td style=\"border: 1px solid #dee2e6; padding: 0.75rem; vertical-align: top;\">\u0633\u0648\u0646\u0643\u0627\u064a\u0627<\/td>\n<\/tr>\n<tr>\n<td style=\"border: 1px solid #dee2e6; padding: 0.75rem; vertical-align: top;\">\u0627\u0644\u0637\u0631\u0627\u0632<\/td>\n<td style=\"border: 1px solid #dee2e6; padding: 0.75rem; vertical-align: top;\">\u062a\u0648\u0631\u0643\u0627\u0628 \u0625\u064a\u0643\u0648 \u062c\u064a<\/td>\n<\/tr>\n<tr>\n<td style=\"border: 1px solid #dee2e6; padding: 0.75rem; vertical-align: top;\">\u0639\u0631\u0636 \u0627\u0644\u0625\u063a\u0644\u0627\u0642<\/td>\n<td style=\"border: 1px solid #dee2e6; padding: 0.75rem; vertical-align: top;\">6 \u0645\u0645 - 12 \u0645\u0645<\/td>\n<\/tr>\n<tr>\n<td style=\"border: 1px solid #dee2e6; padding: 0.75rem; vertical-align: top;\">\u0633\u064f\u0645\u0643 \u0627\u0644\u0643\u064a\u0633<\/td>\n<td style=\"border: 1px solid #dee2e6; padding: 0.75rem; vertical-align: top;\">300 - 800 \u0645\u064a\u0643\u0631\u0648\u0646<\/td>\n<\/tr>\n<tr>\n<td style=\"border: 1px solid #dee2e6; padding: 0.75rem; vertical-align: top;\">\u0623\u0646\u0648\u0627\u0639 \u0627\u0644\u062d\u0642\u0627\u0626\u0628<\/td>\n<td style=\"border: 1px solid #dee2e6; padding: 0.75rem; vertical-align: top;\">\u0646\u0627\u064a\u0644\u0648\u0646 (PP\/PE)\u060c \u0645\u0639\u062f\u0646\u064a\u060c \u0645\u0639\u062f\u0646\u064a\u060c \u0642\u0641\u0644 \u0628\u0633\u062d\u0627\u0628\u060c \u0642\u0641\u0644 \u0628\u0633\u062d\u0627\u0628\u060c \u0645\u062c\u0645\u0651\u0639\u060c \u0623\u0643\u064a\u0627\u0633 \u0623\u0644\u0648\u0645\u0646\u064a\u0648\u0645\u060c \u0623\u0643\u064a\u0627\u0633 \u062a\u0639\u0642\u064a\u0645\u060c \u0623\u0643\u064a\u0627\u0633 \u062a\u0639\u0642\u064a\u0645\u060c \u0623\u0643\u064a\u0627\u0633 \u062a\u0639\u0642\u064a\u0645<\/td>\n<\/tr>\n<tr>\n<td style=\"border: 1px solid #dee2e6; padding: 0.75rem; vertical-align: top;\">\u0633\u0631\u0639\u0629 \u0627\u0644\u0646\u0627\u0642\u0644<\/td>\n<td style=\"border: 1px solid #dee2e6; padding: 0.75rem; vertical-align: top;\">\u0628\u062d\u062f \u0623\u0642\u0635\u0649 12 \u0645\u062a\u0631\/\u062f\u0642\u064a\u0642\u0629 \u0643\u062d\u062f \u0623\u0642\u0635\u0649<\/td>\n<\/tr>\n<tr>\n<td style=\"border: 1px solid #dee2e6; padding: 0.75rem; vertical-align: top;\">\u0627\u0644\u0642\u062f\u0631\u0629 \u0627\u0644\u0627\u0633\u062a\u064a\u0639\u0627\u0628\u064a\u0629<\/td>\n<td style=\"border: 1px solid #dee2e6; padding: 0.75rem; vertical-align: top;\">5 \u0643\u064a\u0644\u0648\u063a\u0631\u0627\u0645\u0627\u062a \u0643\u062d\u062f \u0623\u0642\u0635\u0649<\/td>\n<\/tr>\n<tr>\n<td style=\"border: 1px solid #dee2e6; padding: 0.75rem; vertical-align: top;\">\u0627\u0644\u0645\u0648\u0627\u062f<\/td>\n<td style=\"border: 1px solid #dee2e6; padding: 0.75rem; vertical-align: top;\">\u0641\u0643\u064a \u0627\u0644\u0644\u0635\u0642 \u0645\u0646 \u0627\u0644\u0646\u062d\u0627\u0633 \u0627\u0644\u0623\u0635\u0641\u0631\u060c \u0648\u0627\u0644\u063a\u0644\u0627\u0641 \u0645\u0646 \u0645\u0627\u062f\u0629 \u0627\u0644\u0643\u0631\u0648\u0645 \u0627\u0644\u0645\u0642\u0627\u0648\u0645 \u0644\u0644\u0635\u062f\u0623<\/td>\n<\/tr>\n<tr>\n<td style=\"border: 1px solid #dee2e6; padding: 0.75rem; vertical-align: top;\">\u062c\u0647\u062f \u0627\u0644\u062a\u0634\u063a\u064a\u0644<\/td>\n<td style=\"border: 1px solid #dee2e6; padding: 0.75rem; vertical-align: top;\">220 \u0641\u0648\u0644\u062a \/ 50 \u0647\u0631\u062a\u0632<\/td>\n<\/tr>\n<tr>\n<td style=\"border: 1px solid #dee2e6; padding: 0.75rem; vertical-align: top;\">\u0627\u0644\u0637\u0627\u0642\u0629<\/td>\n<td style=\"border: 1px solid #dee2e6; padding: 0.75rem; vertical-align: top;\">650 \u0648\u0627\u062a<\/td>\n<\/tr>\n<tr>\n<td style=\"border: 1px solid #dee2e6; padding: 0.75rem; vertical-align: top;\">\u0627\u0644\u0623\u0628\u0639\u0627\u062f (\u0627\u0644\u0639\u0631\u0636\/\u0627\u0644\u0637\u0648\u0644\/\u0627\u0644\u062d\u0645\u0648\u0644\u0629.)<\/td>\n<td style=\"border: 1px solid #dee2e6; padding: 0.75rem; vertical-align: top;\">90*39*30 \u0633\u0645<\/td>\n<\/tr>\n<tr>\n<td style=\"border: 1px solid #dee2e6; padding: 0.75rem; vertical-align: top;\">\u0627\u0644\u0648\u0632\u0646<\/td>\n<td style=\"border: 1px solid #dee2e6; padding: 0.75rem; vertical-align: top;\">30 \u0643\u062c\u0645<\/td>\n<\/tr>\n<\/tbody>\n<\/table>","protected":false},"excerpt":{"rendered":"<p>Torcap Eko G Geni\u015f Y\u00fcr\u00fcyen Bantl\u0131 Otomatik Po\u015fet Yap\u0131\u015ft\u0131rma Makinas\u0131 \u00a0 Sonkaya&#8217;n\u0131n Torcap Eko G Geni\u015f Otomatik Po\u015fet Yap\u0131\u015ft\u0131rma Makinas\u0131, \u00f6zellikle yatay ve uzun po\u015fetler i\u00e7in tasarlanm\u0131\u015f geni\u015f konvey\u00f6r\u00fc ile \u00f6ne \u00e7\u0131kar. Yufka po\u015fetleri, k\u00f6r\u00fckl\u00fc uzun kahve po\u015fetleri gibi farkl\u0131 po\u015fet t\u00fcrlerini h\u0131zl\u0131 ve g\u00fcvenilir bir \u015fekilde kapatmak i\u00e7in m\u00fckemmel bir \u00e7\u00f6z\u00fcmd\u00fcr. &nbsp; \u00d6ne \u00c7\u0131kan [&hellip;]<\/p>","protected":false},"featured_media":8020,"comment_status":"open","ping_status":"closed","template":"","meta":[],"product_brand":[82],"product_cat":[114,118,111],"product_tag":[],"class_list":{"0":"post-7973","1":"product","2":"type-product","3":"status-publish","4":"has-post-thumbnail","6":"product_brand-sonkaya","7":"product_cat-kapatma-makinalari","8":"product_cat-poset-agzi-kapatma-makinalari","9":"product_cat-tum-urunlerimiz","11":"first","12":"instock","13":"shipping-taxable","14":"product-type-simple"},"_links":{"self":[{"href":"https:\/\/sonkaya.magneroagency.com\/ar\/wp-json\/wp\/v2\/product\/7973","targetHints":{"allow":["GET"]}}],"collection":[{"href":"https:\/\/sonkaya.magneroagency.com\/ar\/wp-json\/wp\/v2\/product"}],"about":[{"href":"https:\/\/sonkaya.magneroagency.com\/ar\/wp-json\/wp\/v2\/types\/product"}],"replies":[{"embeddable":true,"href":"https:\/\/sonkaya.magneroagency.com\/ar\/wp-json\/wp\/v2\/comments?post=7973"}],"wp:featuredmedia":[{"embeddable":true,"href":"https:\/\/sonkaya.magneroagency.com\/ar\/wp-json\/wp\/v2\/media\/8020"}],"wp:attachment":[{"href":"https:\/\/sonkaya.magneroagency.com\/ar\/wp-json\/wp\/v2\/media?parent=7973"}],"wp:term":[{"taxonomy":"product_brand","embeddable":true,"href":"https:\/\/sonkaya.magneroagency.com\/ar\/wp-json\/wp\/v2\/product_brand?post=7973"},{"taxonomy":"product_cat","embeddable":true,"href":"https:\/\/sonkaya.magneroagency.com\/ar\/wp-json\/wp\/v2\/product_cat?post=7973"},{"taxonomy":"product_tag","embeddable":true,"href":"https:\/\/sonkaya.magneroagency.com\/ar\/wp-json\/wp\/v2\/product_tag?post=7973"}],"curies":[{"name":"wp","href":"https:\/\/api.w.org\/{rel}","templated":true}]}}