{"id":7947,"date":"2025-05-15T10:09:46","date_gmt":"2025-05-15T10:09:46","guid":{"rendered":"https:\/\/sonkaya.magneroagency.com\/?post_type=product&#038;p=7947"},"modified":"2025-08-04T12:02:57","modified_gmt":"2025-08-04T12:02:57","slug":"%d9%85%d8%a7%d9%83%d9%8a%d9%86%d8%a9-%d9%84%d8%b5%d9%82-%d8%a7%d9%84%d8%b7%d8%b1%d9%88%d8%af-%d8%a7%d9%84%d9%83%d8%a8%d9%8a%d8%b1%d8%a9-smkb5-70x80-%d8%b3%d9%85","status":"publish","type":"product","link":"https:\/\/sonkaya.magneroagency.com\/ar\/%d9%85%d8%a7%d9%83%d9%8a%d9%86%d8%a9-%d9%84%d8%b5%d9%82-%d8%a7%d9%84%d8%b7%d8%b1%d9%88%d8%af-%d8%a7%d9%84%d9%83%d8%a8%d9%8a%d8%b1%d8%a9-smkb5-70x80-%d8%b3%d9%85\/","title":{"rendered":"\u0645\u0627\u0643\u064a\u0646\u0629 \u0644\u0635\u0642 \u0627\u0644\u0637\u0631\u0648\u062f \u0627\u0644\u0643\u0628\u064a\u0631\u0629 KOBA 5 \u0643\u0628\u064a\u0631\u0629 \u0627\u0644\u062d\u062c\u0645 70 \u00d7 80 \u0633\u0645"},"content":{"rendered":"<h2 class=\"\"><strong>\u0645\u0627\u0643\u064a\u0646\u0629 \u0644\u0635\u0642 \u0627\u0644\u0637\u0631\u0648\u062f \u0627\u0644\u0643\u0628\u064a\u0631\u0629 KOBA 5 \u0643\u0628\u064a\u0631\u0629 \u0627\u0644\u062d\u062c\u0645 70 \u00d7 80 \u0633\u0645<\/strong><\/h2>\n<h2 class=\"\"><strong><strong>\u00a0<\/strong><\/strong><\/h2>\n<p><strong>\u062a\u0639\u0645\u0644 \u0645\u0627\u0643\u064a\u0646\u0629 \u0644\u0635\u0642 \u0627\u0644\u0637\u0631\u0648\u062f \u0627\u0644\u0643\u0628\u064a\u0631\u0629 KOBA 5 \u0645\u0646 \u0633\u0648\u0646\u0643\u0627\u064a\u0627 \u0639\u0644\u0649 \u0644\u0635\u0642 \u0627\u0644\u0637\u0631\u0648\u062f \u0627\u0644\u0643\u0628\u064a\u0631\u0629 \u0628\u0633\u0631\u0639\u0629 \u0639\u0644\u0649 \u062c\u0627\u0646\u0628\u064a \u0627\u0644\u0637\u0631\u0648\u062f \u0627\u0644\u0643\u0628\u064a\u0631\u0629 \u0628\u0639\u0631\u0636 \u064a\u0635\u0644 \u0625\u0644\u0649 70 \u0633\u0645 \u0648\u0627\u0631\u062a\u0641\u0627\u0639 80 \u0633\u0645 \u0648\u0648\u0632\u0646 100 \u0643\u062c\u0645 \u0641\u064a \u0646\u0641\u0633 \u0627\u0644\u0648\u0642\u062a. \u062a\u0648\u0641\u0631 \u062d\u0644\u0627\u064b \u0645\u062b\u0627\u0644\u064a\u064b\u0627 \u0644\u0627\u062d\u062a\u064a\u0627\u062c\u0627\u062a\u0643 \u0645\u0646 \u0627\u0644\u062a\u063a\u0644\u064a\u0641 \u0639\u0644\u0649 \u0646\u0637\u0627\u0642 \u0648\u0627\u0633\u0639.<\/strong><\/p>","protected":false},"excerpt":{"rendered":"<p>KOBA 5 B\u00fcy\u00fck Koli Bantlama Makinas\u0131 70x80cm \u00a0 Sonkaya KOBA 5 B\u00fcy\u00fck Koli Bantlama Makinas\u0131, geni\u015fli\u011fi en fazla 70 cm, y\u00fcksekli\u011fi 80 cm ve a\u011f\u0131rl\u0131\u011f\u0131 100 kg olan b\u00fcy\u00fck kolilerinizi iki taraf\u0131n\u0131 da ayn\u0131 anda h\u0131zl\u0131ca bantlayarak yap\u0131\u015ft\u0131r\u0131r. B\u00fcy\u00fck \u00f6l\u00e7ekli paketleme ihtiya\u00e7lar\u0131n\u0131z i\u00e7in ideal bir \u00e7\u00f6z\u00fcm sunar.<\/p>","protected":false},"featured_media":7988,"comment_status":"open","ping_status":"closed","template":"","meta":[],"product_brand":[82],"product_cat":[114,125,111],"product_tag":[],"class_list":{"0":"post-7947","1":"product","2":"type-product","3":"status-publish","4":"has-post-thumbnail","6":"product_brand-sonkaya","7":"product_cat-kapatma-makinalari","8":"product_cat-koli-bantlama-makinalari","9":"product_cat-tum-urunlerimiz","11":"first","12":"instock","13":"shipping-taxable","14":"product-type-simple"},"_links":{"self":[{"href":"https:\/\/sonkaya.magneroagency.com\/ar\/wp-json\/wp\/v2\/product\/7947","targetHints":{"allow":["GET"]}}],"collection":[{"href":"https:\/\/sonkaya.magneroagency.com\/ar\/wp-json\/wp\/v2\/product"}],"about":[{"href":"https:\/\/sonkaya.magneroagency.com\/ar\/wp-json\/wp\/v2\/types\/product"}],"replies":[{"embeddable":true,"href":"https:\/\/sonkaya.magneroagency.com\/ar\/wp-json\/wp\/v2\/comments?post=7947"}],"wp:featuredmedia":[{"embeddable":true,"href":"https:\/\/sonkaya.magneroagency.com\/ar\/wp-json\/wp\/v2\/media\/7988"}],"wp:attachment":[{"href":"https:\/\/sonkaya.magneroagency.com\/ar\/wp-json\/wp\/v2\/media?parent=7947"}],"wp:term":[{"taxonomy":"product_brand","embeddable":true,"href":"https:\/\/sonkaya.magneroagency.com\/ar\/wp-json\/wp\/v2\/product_brand?post=7947"},{"taxonomy":"product_cat","embeddable":true,"href":"https:\/\/sonkaya.magneroagency.com\/ar\/wp-json\/wp\/v2\/product_cat?post=7947"},{"taxonomy":"product_tag","embeddable":true,"href":"https:\/\/sonkaya.magneroagency.com\/ar\/wp-json\/wp\/v2\/product_tag?post=7947"}],"curies":[{"name":"wp","href":"https:\/\/api.w.org\/{rel}","templated":true}]}}