{"id":7906,"date":"2025-05-15T10:10:00","date_gmt":"2025-05-15T10:10:00","guid":{"rendered":"https:\/\/sonkaya.magneroagency.com\/?post_type=product&#038;p=7906"},"modified":"2025-08-04T12:00:46","modified_gmt":"2025-08-04T12:00:46","slug":"%d9%85%d8%a7%d9%83%d9%8a%d9%86%d8%a9-%d8%ae%d8%aa%d9%85-%d8%a7%d9%84%d8%a3%d9%83%d9%8a%d8%a7%d8%b3-%d8%a7%d9%84%d9%86%d8%a7%d9%82%d9%84%d8%a9-%d8%a7%d9%84%d8%b9%d8%b1%d9%8a%d8%b6%d8%a9-%d8%a7%d9%84","status":"publish","type":"product","link":"https:\/\/sonkaya.magneroagency.com\/ar\/%d9%85%d8%a7%d9%83%d9%8a%d9%86%d8%a9-%d8%ae%d8%aa%d9%85-%d8%a7%d9%84%d8%a3%d9%83%d9%8a%d8%a7%d8%b3-%d8%a7%d9%84%d9%86%d8%a7%d9%82%d9%84%d8%a9-%d8%a7%d9%84%d8%b9%d8%b1%d9%8a%d8%b6%d8%a9-%d8%a7%d9%84\/","title":{"rendered":"\u0645\u0627\u0643\u064a\u0646\u0629 \u062e\u062a\u0645 \u0627\u0644\u0623\u0643\u064a\u0627\u0633 \u0627\u0644\u0637\u0648\u064a\u0644\u0629 \u0644\u062a\u0631\u0645\u064a\u0632 \u0627\u0644\u062a\u0627\u0631\u064a\u062e TORCAP CODE G"},"content":{"rendered":"<p><img decoding=\"async\" style=\"width: 828px;\" src=\"https:\/\/cdn.myikas.com\/images\/29cda3ed-e0be-4a8c-bcaf-7670e06cb6c9\/0a609755-83e0-48e1-8c86-cedca745aaa6\/image_1080.webp\" alt=\"\" title=\"\"><img decoding=\"async\" style=\"width: 829px;\" src=\"https:\/\/cdn.myikas.com\/images\/29cda3ed-e0be-4a8c-bcaf-7670e06cb6c9\/0c733c6e-27c0-4459-949f-110632508af4\/image_1080.webp\" alt=\"\" title=\"\"><img decoding=\"async\" style=\"width: 829px;\" src=\"https:\/\/cdn.myikas.com\/images\/29cda3ed-e0be-4a8c-bcaf-7670e06cb6c9\/0d1089a2-557e-4322-8bac-95a209d759d5\/image_1080.webp\" alt=\"\" title=\"\"><\/p>\n<p>&nbsp;<\/p>\n<h2>\u0645\u0627\u0643\u064a\u0646\u0629 \u062e\u062a\u0645 \u0627\u0644\u0623\u0643\u064a\u0627\u0633 \u0627\u0644\u0637\u0648\u064a\u0644\u0629 \u0644\u062a\u0631\u0645\u064a\u0632 \u0627\u0644\u062a\u0648\u0627\u0631\u064a\u062e Torcap Codla G<\/h2>\n<p>&nbsp;<\/p>\n<p>\u062a\u064f\u0639\u062f Sonkaya Torcap Torcap Kodla G \u0645\u0627\u0643\u064a\u0646\u0629 \u062e\u062a\u0645 \u0645\u062b\u0627\u0644\u064a\u0629 \u0644\u0644\u0623\u0643\u064a\u0627\u0633 \u0627\u0644\u0623\u0641\u0642\u064a\u0629 \u0648\u0627\u0644\u0637\u0648\u064a\u0644\u0629 \u0645\u062b\u0644 \u0623\u0643\u064a\u0627\u0633 \u0641\u064a\u0644\u0648 \u0648\u0623\u0643\u064a\u0627\u0633 \u0627\u0644\u0642\u0647\u0648\u0629 \u0627\u0644\u0637\u0648\u064a\u0644\u0629 \u0627\u0644\u0645\u062c\u0645\u0639\u0629 \u0648\u0623\u0643\u064a\u0627\u0633 \u0641\u064a\u0644\u0648 \u0628\u0641\u0636\u0644 \u0646\u0627\u0642\u0644\u0647\u0627 \u0627\u0644\u0639\u0631\u064a\u0636. \u062a\u062a\u0645\u062a\u0639 \u0647\u0630\u0647 \u0627\u0644\u0645\u0627\u0643\u064a\u0646\u0629 \u0628\u0627\u0644\u0642\u062f\u0631\u0629 \u0639\u0644\u0649 \u062e\u062a\u0645 \u062c\u0645\u064a\u0639 \u0623\u0646\u0648\u0627\u0639 \u0627\u0644\u0623\u0643\u064a\u0627\u0633 \u0648\u0628\u0641\u0636\u0644 \u062e\u0627\u0635\u064a\u0629 \u062a\u0631\u0645\u064a\u0632 \u0627\u0644\u062a\u0648\u0627\u0631\u064a\u062e\u060c \u0641\u0625\u0646\u0647\u0627 \u062a\u0624\u062f\u064a \u0648\u0638\u064a\u0641\u062a\u064a\u0646 \u0628\u0633\u0631\u0639\u0629 \u062f\u0641\u0639\u0629 \u0648\u0627\u062d\u062f\u0629\u060c \u0645\u0645\u0627 \u064a\u0633\u0631\u0639 \u0645\u0646 \u0625\u0646\u062a\u0627\u062c\u0643 \u0628\u0634\u0643\u0644 \u0643\u0628\u064a\u0631.<\/p>\n<p>&nbsp;<\/p>\n<p><strong>\u0627\u0644\u0645\u0632\u0627\u064a\u0627:<\/strong><\/p>\n<p>&nbsp;<\/p>\n<ul>\n<li><strong>\u062e\u062a\u0645 \u0627\u0644\u0643\u064a\u0633:<\/strong> \u064a\u062a\u0645 \u062e\u062a\u0645 \u0627\u0644\u0623\u0643\u064a\u0627\u0633 \u0641\u064a \u0639\u0645\u0644\u064a\u0629 \u0645\u0646 4 \u0645\u0631\u0627\u062d\u0644. \u0641\u064a \u0627\u0644\u0645\u0631\u062d\u0644\u0629 \u0627\u0644\u0623\u0648\u0644\u0649\u060c \u064a\u062a\u0645 \u062e\u062a\u0645 \u0627\u0644\u0623\u0643\u064a\u0627\u0633 \u0627\u0644\u0645\u0623\u062e\u0648\u0630\u0629 \u0628\u0648\u0627\u0633\u0637\u0629 \u0627\u0644\u0646\u0627\u0642\u0644 \u0628\u0641\u0643\u0648\u0643 \u062a\u0633\u062e\u064a\u0646 \u0628\u0639\u0631\u0636 12 \u0645\u0645 \u0648\u0642\u0627\u0628\u0644\u0629 \u0644\u0644\u062a\u0639\u062f\u064a\u0644 \u062d\u062a\u0649 300 \u062f\u0631\u062c\u0629. <a href=\"https:\/\/sonkaya.com.tr\/teflo-otomatik-poset-kapatma-makinasi-teflon-banti\" rel=\"nofollow noopener\" target=\"_blank\">\u0623\u0634\u0631\u0637\u0629 \u0627\u0644\u062a\u0641\u0644\u0648\u0646<\/a>\u064a\u0648\u0641\u0631 \u0625\u063a\u0644\u0627\u0642\u0627\u064b \u0628\u062f\u0631\u062c\u0629 \u062d\u0631\u0627\u0631\u0629 \u0639\u0627\u0644\u064a\u0629 \u062f\u0648\u0646 \u0625\u062a\u0644\u0627\u0641 \u0627\u0644\u0623\u0643\u064a\u0627\u0633.<\/li>\n<li><strong>\u0627\u0644\u062a\u0628\u0631\u064a\u062f \u0627\u0644\u0645\u0641\u0627\u062c\u0626<\/strong> \u0641\u064a \u0627\u0644\u0645\u0631\u062d\u0644\u0629 \u0627\u0644\u062b\u0627\u0646\u064a\u0629\u060c \u064a\u062a\u0645 \u062a\u0628\u0631\u064a\u062f \u0627\u0644\u0623\u0643\u064a\u0627\u0633 \u0628\u0633\u0631\u0639\u0629 \u0628\u0627\u0633\u062a\u062e\u062f\u0627\u0645 \u0643\u062a\u0644 \u0627\u0644\u062a\u0628\u0631\u064a\u062f \u0641\u064a \u0627\u0644\u0623\u0633\u0641\u0644 \u0648\u0627\u0644\u0623\u0639\u0644\u0649.<\/li>\n<li><strong>\u0627\u0644\u062a\u0635\u0627\u0642 \u0643\u0627\u0645\u0644:<\/strong> \u0641\u064a \u0627\u0644\u0645\u0631\u062d\u0644\u0629 \u0627\u0644\u062b\u0627\u0644\u062b\u0629\u060c \u064a\u062a\u0645 \u0636\u063a\u0637 \u0641\u0645 \u0627\u0644\u0643\u064a\u0633 \u0627\u0644\u0645\u0628\u0631\u062f \u0628\u064a\u0646 \u0627\u0644\u0643\u0631\u0629 \u0627\u0644\u0645\u0639\u062f\u0646\u064a\u0629 \u0648\u0627\u0644\u0628\u0643\u0631\u0627\u062a \u0627\u0644\u0645\u0637\u0627\u0637\u064a\u0629 \u0644\u0636\u0645\u0627\u0646 \u0627\u0644\u0627\u0644\u062a\u0635\u0627\u0642 \u0627\u0644\u0643\u0627\u0645\u0644.<\/li>\n<li><strong>\u062a\u0631\u0645\u064a\u0632 \u0627\u0644\u062a\u0627\u0631\u064a\u062e:<\/strong> \u0641\u064a \u0627\u0644\u0645\u0631\u062d\u0644\u0629 \u0627\u0644\u0631\u0627\u0628\u0639\u0629\u060c \u064a\u062a\u0645 \u0623\u062e\u0630 \u0627\u0644\u062d\u0628\u0631 \u0645\u0646 \u0643\u0631\u0629 \u0627\u0644\u062d\u0628\u0631 \u0625\u0644\u0649 \u0644\u0648\u062d\u0629 \u062a\u0631\u0645\u064a\u0632 \u0627\u0644\u062a\u0627\u0631\u064a\u062e \u0628\u0633\u0639\u0629 3 \u0623\u0633\u0637\u0631 \u0648\u064a\u062a\u0645 \u062a\u0631\u0645\u064a\u0632 \u0627\u0644\u062a\u0627\u0631\u064a\u062e \u0627\u0644\u0645\u0637\u0644\u0648\u0628 \u062a\u0644\u0642\u0627\u0626\u064a\u064b\u0627 \u0639\u0644\u0649 \u0641\u0648\u0647\u0629 \u0627\u0644\u0643\u064a\u0633. \u0647\u0630\u0647 \u0627\u0644\u0639\u0645\u0644\u064a\u0629 \u062a\u062c\u0639\u0644 \u0627\u0633\u062a\u062e\u062f\u0627\u0645 \u0622\u0644\u0629 \u062a\u0631\u0645\u064a\u0632 \u0627\u0644\u062a\u0627\u0631\u064a\u062e \u063a\u064a\u0631 \u0636\u0631\u0648\u0631\u064a.<\/li>\n<\/ul>\n<p>&nbsp;<\/p>\n<p><strong>\u0645\u062c\u0627\u0644\u0627\u062a \u0627\u0644\u062a\u0637\u0628\u064a\u0642:<\/strong><\/p>\n<p>&nbsp;<\/p>\n<ul>\n<li>\u0623\u0643\u064a\u0627\u0633 \u0627\u0644\u0623\u0648\u062a\u0648\u0643\u0644\u0627\u0641 (\u0623\u0643\u064a\u0627\u0633 \u0627\u0644\u062a\u0639\u0642\u064a\u0645)<\/li>\n<li>\u0623\u0643\u064a\u0627\u0633 \u0645\u0639\u062f\u0646\u064a\u0629<\/li>\n<li>\u0623\u0643\u064a\u0627\u0633 \u0646\u0627\u064a\u0644\u0648\u0646<\/li>\n<li>\u0623\u0643\u064a\u0627\u0633 \u0627\u0644\u0623\u0644\u0648\u0645\u0646\u064a\u0648\u0645<\/li>\n<li>\u0623\u0643\u064a\u0627\u0633 \u0645\u062c\u0645\u0639\u0629 \u062c\u0627\u0646\u0628\u064a\u0629<\/li>\n<li>\u062d\u0642\u0627\u0626\u0628 \u0627\u0644\u062c\u0644\u0648\u0633 (\u062d\u0642\u0627\u0626\u0628 \u062f\u0648\u064a\u0628\u0627\u0643)<\/li>\n<li>\u0623\u0643\u064a\u0627\u0633 \u0632\u064a\u0628\u0644\u0648\u0643 (\u0623\u0643\u064a\u0627\u0633 \u062a\u063a\u0644\u0642 \u0628\u0633\u062d\u0627\u0628)<\/li>\n<li>\u0623\u0643\u064a\u0627\u0633 \u0643\u0631\u0627\u0641\u062a<\/li>\n<\/ul>\n<p>&nbsp;<\/p>\n<p><strong>\u0627\u0644\u0645\u0648\u0627\u062f \u0627\u0644\u0627\u0633\u062a\u0647\u0644\u0627\u0643\u064a\u0629<\/strong> \u0645\u062a\u0648\u0641\u0631 \u0641\u064a \u0627\u0644\u0645\u062e\u0632\u0648\u0646\u00a0<span style=\"font-family: 'Twemoji Country Flags', Inter, sans-serif; font-size: 14px; font-style: normal; font-weight: 400;\">\u0628\u0634\u0643\u0644 \u0645\u0633\u062a\u0645\u0631\u00a0<\/span><a style=\"background-color: #ffffff; font-style: normal; font-weight: 400; font-size: 14px; font-family: &#039;Twemoji Country Flags&#039;, Inter, sans-serif;\" href=\"https:\/\/sonkaya.com.tr\/teflo-otomatik-poset-kapatma-makinasi-teflon-banti\" rel=\"nofollow noopener\" target=\"_blank\">\u0634\u0631\u064a\u0637 \u062a\u0641\u0644\u0648\u0646<\/a><span style=\"font-family: 'Twemoji Country Flags', Inter, sans-serif; font-size: 14px; font-style: normal; font-weight: 400;\">\u062d\u0632\u0627\u0645 \u0645\u0633\u0646\u0646,\u00a0<\/span><a style=\"background-color: #ffffff; font-style: normal; font-weight: 400; font-size: 14px; font-family: &#039;Twemoji Country Flags&#039;, Inter, sans-serif;\" href=\"https:\/\/sonkaya.com.tr\/murto-16-poset-kapatma-makinasi-kati-murekkep-topu-36x16mm\" rel=\"nofollow noopener\" target=\"_blank\">\u0643\u0631\u0627\u062a \u0627\u0644\u062d\u0628\u0631<\/a><span style=\"font-family: 'Twemoji Country Flags', Inter, sans-serif; font-size: 14px; font-style: normal; font-weight: 400;\">\u0633\u062e\u0627\u0646<\/span>\u00a0\u0647\u0646\u0627\u0643 \u0645\u0648\u0627\u062f \u0645\u0633\u062a\u0647\u0644\u0643\u0629 \u0645\u062b\u0644 \u0639\u0646\u0627\u0635\u0631 \u0627\u0644\u062a\u0633\u062e\u064a\u0646.<\/p>\n<p>&nbsp;<\/p>\n<p>&nbsp;<\/p>\n<h3 class=\"\">\u062c\u062f\u0648\u0644 \u0627\u0644\u0645\u0648\u0627\u0635\u0641\u0627\u062a \u0627\u0644\u0641\u0646\u064a\u0629:<\/h3>\n<p>&nbsp;<\/p>\n<table border=\"1\" cellspacing=\"0\" cellpadding=\"8\">\n<tbody>\n<tr>\n<th><b>\u0627\u0644\u0645\u064a\u0632\u0629<\/b><\/th>\n<th><b>\u0627\u0644\u062a\u0641\u0627\u0635\u064a\u0644<\/b><\/th>\n<\/tr>\n<tr>\n<td style=\"border: 1px solid #dee2e6; padding: 0.75rem; vertical-align: top;\">\u0639\u0631\u0636 \u0627\u0644\u0625\u063a\u0644\u0627\u0642<\/td>\n<td style=\"border: 1px solid #dee2e6; padding: 0.75rem; vertical-align: top;\">6 \u0645\u0645 - 12 \u0645\u0645<\/td>\n<\/tr>\n<tr>\n<td style=\"border: 1px solid #dee2e6; padding: 0.75rem; vertical-align: top;\">\u0633\u064f\u0645\u0643 \u0627\u0644\u0643\u064a\u0633<\/td>\n<td style=\"border: 1px solid #dee2e6; padding: 0.75rem; vertical-align: top;\">300 - 800 \u0645\u064a\u0643\u0631\u0648\u0646<\/td>\n<\/tr>\n<tr>\n<td style=\"border: 1px solid #dee2e6; padding: 0.75rem; vertical-align: top;\">\u0623\u0646\u0648\u0627\u0639 \u0627\u0644\u062d\u0642\u0627\u0626\u0628<\/td>\n<td style=\"border: 1px solid #dee2e6; padding: 0.75rem; vertical-align: top;\">\u0646\u0627\u064a\u0644\u0648\u0646 (PP\/PE)\u060c \u0645\u0639\u062f\u0646\u064a\u060c \u0645\u0639\u062f\u0646\u064a\u060c \u0642\u0641\u0644 \u0628\u0633\u062d\u0627\u0628\u060c \u0642\u0641\u0644 \u0628\u0633\u062d\u0627\u0628\u060c \u0645\u062c\u0645\u0651\u0639\u060c \u0623\u0643\u064a\u0627\u0633 \u0623\u0644\u0648\u0645\u0646\u064a\u0648\u0645\u060c \u0623\u0643\u064a\u0627\u0633 \u062a\u0639\u0642\u064a\u0645\u060c \u0623\u0643\u064a\u0627\u0633 \u062a\u0639\u0642\u064a\u0645\u060c \u0623\u0643\u064a\u0627\u0633 \u062a\u0639\u0642\u064a\u0645<\/td>\n<\/tr>\n<tr>\n<td style=\"border: 1px solid #dee2e6; padding: 0.75rem; vertical-align: top;\">\u0633\u0631\u0639\u0629 \u0627\u0644\u0646\u0627\u0642\u0644<\/td>\n<td style=\"border: 1px solid #dee2e6; padding: 0.75rem; vertical-align: top;\">\u0628\u062d\u062f \u0623\u0642\u0635\u0649 12 \u0645\u062a\u0631\/\u062f\u0642\u064a\u0642\u0629 \u0643\u062d\u062f \u0623\u0642\u0635\u0649<\/td>\n<\/tr>\n<tr>\n<td style=\"border: 1px solid #dee2e6; padding: 0.75rem; vertical-align: top;\">\u0627\u0644\u0642\u062f\u0631\u0629 \u0627\u0644\u0627\u0633\u062a\u064a\u0639\u0627\u0628\u064a\u0629<\/td>\n<td style=\"border: 1px solid #dee2e6; padding: 0.75rem; vertical-align: top;\">5 \u0643\u064a\u0644\u0648\u063a\u0631\u0627\u0645\u0627\u062a \u0643\u062d\u062f \u0623\u0642\u0635\u0649<\/td>\n<\/tr>\n<tr>\n<td style=\"border: 1px solid #dee2e6; padding: 0.75rem; vertical-align: top;\">\u0627\u0644\u0645\u0648\u0627\u062f<\/td>\n<td style=\"border: 1px solid #dee2e6; padding: 0.75rem; vertical-align: top;\">\u0641\u0643\u064a \u0627\u0644\u0644\u0635\u0642 \u0645\u0646 \u0627\u0644\u0646\u062d\u0627\u0633 \u0627\u0644\u0623\u0635\u0641\u0631\u060c \u0648\u0627\u0644\u063a\u0644\u0627\u0641 \u0645\u0646 \u0645\u0627\u062f\u0629 \u0627\u0644\u0643\u0631\u0648\u0645 \u0627\u0644\u0645\u0642\u0627\u0648\u0645 \u0644\u0644\u0635\u062f\u0623<\/td>\n<\/tr>\n<tr>\n<td style=\"border: 1px solid #dee2e6; padding: 0.75rem; vertical-align: top;\">\u062c\u0647\u062f \u0627\u0644\u062a\u0634\u063a\u064a\u0644<\/td>\n<td style=\"border: 1px solid #dee2e6; padding: 0.75rem; vertical-align: top;\">220 \u0641\u0648\u0644\u062a \/ 50 \u0647\u0631\u062a\u0632<\/td>\n<\/tr>\n<tr>\n<td style=\"border: 1px solid #dee2e6; padding: 0.75rem; vertical-align: top;\">\u0627\u0644\u0637\u0627\u0642\u0629<\/td>\n<td style=\"border: 1px solid #dee2e6; padding: 0.75rem; vertical-align: top;\">750 \u0648\u0627\u0637<\/td>\n<\/tr>\n<tr>\n<td style=\"border: 1px solid #dee2e6; padding: 0.75rem; vertical-align: top;\">\u0627\u0644\u0623\u0628\u0639\u0627\u062f (\u0627\u0644\u0639\u0631\u0636\/\u0627\u0644\u0637\u0648\u0644\/\u0627\u0644\u062d\u0645\u0648\u0644\u0629.)<\/td>\n<td style=\"border: 1px solid #dee2e6; padding: 0.75rem; vertical-align: top;\">90*39*30 \u0633\u0645<\/td>\n<\/tr>\n<tr>\n<td style=\"border: 1px solid #dee2e6; padding: 0.75rem; vertical-align: top;\">\u0627\u0644\u0648\u0632\u0646<\/td>\n<td style=\"border: 1px solid #dee2e6; padding: 0.75rem; vertical-align: top;\">35 \u0643\u062c\u0645<\/td>\n<\/tr>\n<\/tbody>\n<\/table>","protected":false},"excerpt":{"rendered":"<p>&nbsp; Torcap Kodla G Tarih Kodlamal\u0131 Uzun Po\u015fet Kapatma Makinas\u0131 &nbsp; Sonkaya Torcap Kodla G, geni\u015f konvey\u00f6r\u00fc sayesinde yufka po\u015fetler ve k\u00f6r\u00fckl\u00fc uzun kahve po\u015fetleri, yufka po\u015fetleri gibi yatay ve uzun po\u015fetler i\u00e7in ideal bir kapatma makinas\u0131d\u0131r. Bu makine, her t\u00fcrl\u00fc po\u015feti kapatma g\u00fcc\u00fcne sahiptir ve tarih kodlama \u00f6zelli\u011fi ile iki i\u015flevi tek seferde h\u0131zl\u0131ca [&hellip;]<\/p>","protected":false},"featured_media":7939,"comment_status":"open","ping_status":"closed","template":"","meta":[],"product_brand":[82],"product_cat":[118,111],"product_tag":[],"class_list":{"0":"post-7906","1":"product","2":"type-product","3":"status-publish","4":"has-post-thumbnail","6":"product_brand-sonkaya","7":"product_cat-poset-agzi-kapatma-makinalari","8":"product_cat-tum-urunlerimiz","10":"first","11":"instock","12":"shipping-taxable","13":"product-type-simple"},"_links":{"self":[{"href":"https:\/\/sonkaya.magneroagency.com\/ar\/wp-json\/wp\/v2\/product\/7906","targetHints":{"allow":["GET"]}}],"collection":[{"href":"https:\/\/sonkaya.magneroagency.com\/ar\/wp-json\/wp\/v2\/product"}],"about":[{"href":"https:\/\/sonkaya.magneroagency.com\/ar\/wp-json\/wp\/v2\/types\/product"}],"replies":[{"embeddable":true,"href":"https:\/\/sonkaya.magneroagency.com\/ar\/wp-json\/wp\/v2\/comments?post=7906"}],"wp:featuredmedia":[{"embeddable":true,"href":"https:\/\/sonkaya.magneroagency.com\/ar\/wp-json\/wp\/v2\/media\/7939"}],"wp:attachment":[{"href":"https:\/\/sonkaya.magneroagency.com\/ar\/wp-json\/wp\/v2\/media?parent=7906"}],"wp:term":[{"taxonomy":"product_brand","embeddable":true,"href":"https:\/\/sonkaya.magneroagency.com\/ar\/wp-json\/wp\/v2\/product_brand?post=7906"},{"taxonomy":"product_cat","embeddable":true,"href":"https:\/\/sonkaya.magneroagency.com\/ar\/wp-json\/wp\/v2\/product_cat?post=7906"},{"taxonomy":"product_tag","embeddable":true,"href":"https:\/\/sonkaya.magneroagency.com\/ar\/wp-json\/wp\/v2\/product_tag?post=7906"}],"curies":[{"name":"wp","href":"https:\/\/api.w.org\/{rel}","templated":true}]}}