{"id":7887,"date":"2025-05-15T10:08:22","date_gmt":"2025-05-15T10:08:22","guid":{"rendered":"https:\/\/sonkaya.magneroagency.com\/?post_type=product&#038;p=7887"},"modified":"2025-08-04T12:08:27","modified_gmt":"2025-08-04T12:08:27","slug":"%d9%85%d8%a7%d9%83%d9%8a%d9%86%d8%a9-%d8%ae%d8%aa%d9%85-%d8%a7%d9%84%d8%a3%d9%83%d9%8a%d8%a7%d8%b3-%d8%a7%d9%84%d9%83%d8%a8%d9%8a%d8%b1%d8%a9-%d8%a7%d9%84%d9%85%d8%b1%d9%85%d8%b2%d8%a9-%d8%a8%d8%a7","status":"publish","type":"product","link":"https:\/\/sonkaya.magneroagency.com\/ar\/%d9%85%d8%a7%d9%83%d9%8a%d9%86%d8%a9-%d8%ae%d8%aa%d9%85-%d8%a7%d9%84%d8%a3%d9%83%d9%8a%d8%a7%d8%b3-%d8%a7%d9%84%d9%83%d8%a8%d9%8a%d8%b1%d8%a9-%d8%a7%d9%84%d9%85%d8%b1%d9%85%d8%b2%d8%a9-%d8%a8%d8%a7\/","title":{"rendered":"\u0645\u0627\u0643\u064a\u0646\u0629 \u062e\u062a\u0645 \u0627\u0644\u0623\u0643\u064a\u0627\u0633 \u0627\u0644\u0643\u0628\u064a\u0631\u0629 \u0627\u0644\u0645\u0631\u0645\u0632\u0629 \u0628\u0627\u0644\u062a\u0627\u0631\u064a\u062e TORCAP PRO2"},"content":{"rendered":"<h2 class=\"\"><strong>\u0645\u0627\u0643\u064a\u0646\u0629 \u062e\u062a\u0645 \u0627\u0644\u0623\u0643\u064a\u0627\u0633 \u0627\u0644\u0643\u0628\u064a\u0631\u0629 \u0627\u0644\u0645\u0631\u0645\u0632\u0629 \u0628\u0627\u0644\u062a\u0648\u0627\u0631\u064a\u062e Torcap Pro2<\/strong><\/h2>\n<p><strong>\u00a0<\/strong><\/p>\n<p><strong>\u0633\u0648\u0646\u0643\u0627\u064a\u0627 \u062a\u0648\u0631\u0643\u0627\u0628 \u0628\u0631\u06482<\/strong>\u0647\u064a \u0622\u0644\u0629 \u062e\u062a\u0645 \u0634\u0628\u0647 \u0623\u0648\u062a\u0648\u0645\u0627\u062a\u064a\u0643\u064a\u0629 \u0645\u0635\u0645\u0645\u0629 \u0644\u0644\u0623\u0643\u064a\u0627\u0633 \u0648\u0627\u0644\u0623\u0643\u064a\u0627\u0633 \u0627\u0644\u0643\u0628\u064a\u0631\u0629. \u0644\u062f\u064a\u0647\u0627 \u0627\u0644\u0642\u062f\u0631\u0629 \u0639\u0644\u0649 \u063a\u0644\u0642 \u0623\u0641\u0648\u0627\u0647 \u0627\u0644\u0623\u0643\u064a\u0627\u0633 \u0627\u0644\u0643\u0628\u064a\u0631\u0629 \u0628\u0633\u0631\u0639\u0629 \u0648\u0641\u0639\u0627\u0644\u064a\u0629 \u062e\u0627\u0635\u0629 \u0628\u0637\u0648\u0644 70 \u0633\u0645 \u0648\u0648\u0632\u0646 \u064a\u0635\u0644 \u0625\u0644\u0649 15 \u0643\u062c\u0645\u060c \u0648\u0641\u064a \u0646\u0641\u0633 \u0627\u0644\u0648\u0642\u062a \u062a\u0631\u0645\u064a\u0632 \u0627\u0644\u062a\u0627\u0631\u064a\u062e. \u062a\u0636\u064a\u0641 \u0647\u0630\u0647 \u0627\u0644\u0622\u0644\u0629 \u0627\u0644\u0642\u0648\u064a\u0629 \u0627\u0644\u0645\u0635\u0646\u0648\u0639\u0629 \u0645\u0646 \u0627\u0644\u0641\u0648\u0644\u0627\u0630 \u0627\u0644\u0645\u0642\u0627\u0648\u0645 \u0644\u0644\u0635\u062f\u0623 \u0642\u064a\u0645\u0629 \u0645\u0636\u0627\u0641\u0629 \u0625\u0644\u0649 \u0639\u0645\u0644\u064a\u0627\u062a\u0643 \u0627\u0644\u062a\u062c\u0627\u0631\u064a\u0629 \u0628\u0641\u0636\u0644 \u0645\u062a\u0627\u0646\u062a\u0647\u0627 \u0648\u0623\u062f\u0627\u0626\u0647\u0627 \u0627\u0644\u0630\u064a \u064a\u062f\u0648\u0645 \u0637\u0648\u064a\u0644\u0627\u064b.<\/p>\n<p>&nbsp;<\/p>\n<h3 class=\"\"><strong>\u0623\u0628\u0631\u0632 \u0627\u0644\u0645\u0644\u0627\u0645\u062d:<\/strong><\/h3>\n<p><strong>\u00a0<\/strong><\/p>\n<ul>\n<li><strong>\u0625\u064a\u0642\u0627\u0641 \u0627\u0644\u062a\u0634\u063a\u064a\u0644 \u0634\u0628\u0647 \u0627\u0644\u062a\u0644\u0642\u0627\u0626\u064a:<\/strong> \u062a\u063a\u0644\u0642 \u0627\u0644\u0623\u0643\u064a\u0627\u0633 \u0648\u0627\u0644\u0623\u0643\u064a\u0627\u0633 \u0627\u0644\u0643\u0628\u064a\u0631\u0629 \u0628\u0633\u0631\u0639\u0629\u060c \u0645\u0645\u0627 \u064a\u0632\u064a\u062f \u0645\u0646 \u0643\u0641\u0627\u0621\u0629 \u0639\u0645\u0644\u0643.<\/li>\n<li><strong>\u062e\u0627\u0635\u064a\u0629 \u062a\u0631\u0645\u064a\u0632 \u0627\u0644\u062a\u0627\u0631\u064a\u062e:<\/strong> \u064a\u0642\u0648\u0645 \u062a\u0644\u0642\u0627\u0626\u064a\u064b\u0627 \u0628\u062a\u0631\u0645\u064a\u0632 \u0645\u0639\u0644\u0648\u0645\u0627\u062a \u0627\u0644\u062a\u0627\u0631\u064a\u062e \u0627\u0644\u0645\u0637\u0644\u0648\u0628\u0629 \u0639\u0644\u0649 \u0627\u0644\u0623\u0643\u064a\u0627\u0633\u060c \u0644\u0630\u0644\u0643 \u0644\u0627 \u062a\u062d\u062a\u0627\u062c \u0625\u0644\u0649 \u0622\u0644\u0629 \u0645\u0646\u0641\u0635\u0644\u0629 \u0644\u062a\u0631\u0645\u064a\u0632 \u0627\u0644\u062a\u0627\u0631\u064a\u062e.<\/li>\n<li><strong>\u0645\u0627\u062f\u0629 \u0627\u0644\u0641\u0648\u0644\u0627\u0630 \u0627\u0644\u0645\u0642\u0627\u0648\u0645 \u0644\u0644\u0635\u062f\u0623:<\/strong> \u0645\u0635\u0646\u0648\u0639 \u0645\u0646 \u0627\u0644\u0641\u0648\u0644\u0627\u0630 \u0627\u0644\u0645\u0642\u0627\u0648\u0645 \u0644\u0644\u0635\u062f\u0623 \u0627\u0644\u0645\u062a\u064a\u0646\u060c \u064a\u062f\u0648\u0645 \u0637\u0648\u064a\u0644\u0627\u064b \u0648\u0633\u0647\u0644 \u0627\u0644\u062a\u0646\u0638\u064a\u0641.<\/li>\n<li><strong>\u0627\u0631\u062a\u0641\u0627\u0639 \u0627\u0644\u062d\u0642\u064a\u0628\u0629 \u0642\u0627\u0628\u0644 \u0644\u0644\u062a\u0639\u062f\u064a\u0644:<\/strong> \u064a\u0645\u0643\u0646 \u062a\u0639\u062f\u064a\u0644 \u0627\u0631\u062a\u0641\u0627\u0639 \u0627\u0644\u062d\u0642\u064a\u0628\u0629 \u0628\u0633\u0647\u0648\u0644\u0629 \u0628\u062d\u064a\u062b \u062a\u0639\u0645\u0644 \u0628\u0634\u0643\u0644 \u062c\u064a\u062f \u0645\u0639 \u0627\u0644\u062d\u0642\u0627\u0626\u0628 \u0630\u0627\u062a \u0627\u0644\u0623\u062d\u062c\u0627\u0645 \u0627\u0644\u0645\u062e\u062a\u0644\u0641\u0629.<\/li>\n<li><strong>\u0645\u062f\u0645\u062c\u0629 \u0648\u0642\u0648\u064a\u0629:<\/strong> \u062a\u063a\u0644\u0642 \u0627\u0644\u0623\u0643\u064a\u0627\u0633 \u0627\u0644\u0643\u0628\u064a\u0631\u0629 \u0627\u0644\u062a\u064a \u064a\u0635\u0644 \u0648\u0632\u0646\u0647\u0627 \u0625\u0644\u0649 15 \u0643\u062c\u0645\u060c \u0648\u0647\u064a \u0645\u062b\u0627\u0644\u064a\u0629 \u0644\u0639\u0645\u0644\u064a\u0627\u062a \u0627\u0644\u062a\u0639\u0628\u0626\u0629 \u0648\u0627\u0644\u062a\u063a\u0644\u064a\u0641 \u0639\u0644\u0649 \u0646\u0637\u0627\u0642 \u0648\u0627\u0633\u0639.<\/li>\n<\/ul>\n<p><strong>\u0645\u062c\u0627\u0644\u0627\u062a \u0627\u0644\u0627\u0633\u062a\u062e\u062f\u0627\u0645:<\/strong><\/p>\n<ul>\n<li>\u0623\u0643\u064a\u0627\u0633 \u0643\u0628\u064a\u0631\u0629<\/li>\n<li>\u0623\u0643\u064a\u0627\u0633 \u0639\u0627\u0644\u064a\u0629 \u0627\u0644\u0633\u0639\u0629<\/li>\n<li>\u0639\u0628\u0648\u0627\u062a \u0645\u0631\u0645\u0632\u0629 \u0628\u0627\u0644\u062a\u0627\u0631\u064a\u062e<\/li>\n<\/ul>\n<p><strong>\u062a\u0633\u0647\u0644 Sonkaya Torcap Pro2 \u0639\u0645\u0644\u064a\u0627\u062a\u0643 \u0627\u0644\u062a\u062c\u0627\u0631\u064a\u0629 \u0645\u0646 \u062e\u0644\u0627\u0644 \u062a\u0631\u0645\u064a\u0632 \u0627\u0644\u062a\u0627\u0631\u064a\u062e \u0623\u062b\u0646\u0627\u0621 \u0625\u063a\u0644\u0627\u0642 \u0627\u0644\u0623\u0643\u064a\u0627\u0633 \u0627\u0644\u0643\u0628\u064a\u0631\u0629 \u0628\u0633\u0631\u0639\u0629 \u0648\u0643\u0641\u0627\u0621\u0629 \u0648\u0645\u0648\u062b\u0648\u0642\u064a\u0629. \u0625\u0646\u0647 \u062d\u0644 \u062a\u063a\u0644\u064a\u0641 \u0645\u062b\u0627\u0644\u064a \u0628\u0641\u0636\u0644 \u0647\u064a\u0643\u0644\u0647 \u0627\u0644\u0642\u0648\u064a \u0648\u0645\u064a\u0632\u0627\u062a\u0647 \u0627\u0644\u0645\u0641\u064a\u062f\u0629.<\/strong><\/p>\n<p><strong>\u00a0<\/strong><\/p>\n<p>\u0631\u0645\u0632 \u0627\u0644\u0645\u0646\u062a\u062c \u0627\u0644\u0642\u062f\u064a\u0645: SMAPY540<\/p>","protected":false},"excerpt":{"rendered":"<p>Torcap Pro2 Tarih Kodlamal\u0131 B\u00fcy\u00fck Po\u015fet \u00c7uval Kapatma Makinas\u0131 \u00a0 Sonkaya Torcap Pro2, b\u00fcy\u00fck po\u015fet ve torbalar i\u00e7in tasarlanm\u0131\u015f yar\u0131 otomatik bir kapatma makinesidir. \u00d6zellikle 70 cm uzunlu\u011fundaki ve 15 kilo a\u011f\u0131rl\u0131\u011f\u0131ndaki b\u00fcy\u00fck po\u015fetlerin a\u011f\u0131zlar\u0131n\u0131 h\u0131zl\u0131 ve etkili bir \u015fekilde kapat\u0131rken, ayn\u0131 zamanda tarih kodlamas\u0131 yapma yetene\u011fine sahiptir. Paslanmaz malzemeden \u00fcretilmi\u015f bu sa\u011flam makine, dayan\u0131kl\u0131l\u0131\u011f\u0131 [&hellip;]<\/p>","protected":false},"featured_media":7921,"comment_status":"open","ping_status":"closed","template":"","meta":[],"product_brand":[82],"product_cat":[114,118,111],"product_tag":[],"class_list":{"0":"post-7887","1":"product","2":"type-product","3":"status-publish","4":"has-post-thumbnail","6":"product_brand-sonkaya","7":"product_cat-kapatma-makinalari","8":"product_cat-poset-agzi-kapatma-makinalari","9":"product_cat-tum-urunlerimiz","11":"first","12":"instock","13":"shipping-taxable","14":"product-type-simple"},"_links":{"self":[{"href":"https:\/\/sonkaya.magneroagency.com\/ar\/wp-json\/wp\/v2\/product\/7887","targetHints":{"allow":["GET"]}}],"collection":[{"href":"https:\/\/sonkaya.magneroagency.com\/ar\/wp-json\/wp\/v2\/product"}],"about":[{"href":"https:\/\/sonkaya.magneroagency.com\/ar\/wp-json\/wp\/v2\/types\/product"}],"replies":[{"embeddable":true,"href":"https:\/\/sonkaya.magneroagency.com\/ar\/wp-json\/wp\/v2\/comments?post=7887"}],"wp:featuredmedia":[{"embeddable":true,"href":"https:\/\/sonkaya.magneroagency.com\/ar\/wp-json\/wp\/v2\/media\/7921"}],"wp:attachment":[{"href":"https:\/\/sonkaya.magneroagency.com\/ar\/wp-json\/wp\/v2\/media?parent=7887"}],"wp:term":[{"taxonomy":"product_brand","embeddable":true,"href":"https:\/\/sonkaya.magneroagency.com\/ar\/wp-json\/wp\/v2\/product_brand?post=7887"},{"taxonomy":"product_cat","embeddable":true,"href":"https:\/\/sonkaya.magneroagency.com\/ar\/wp-json\/wp\/v2\/product_cat?post=7887"},{"taxonomy":"product_tag","embeddable":true,"href":"https:\/\/sonkaya.magneroagency.com\/ar\/wp-json\/wp\/v2\/product_tag?post=7887"}],"curies":[{"name":"wp","href":"https:\/\/api.w.org\/{rel}","templated":true}]}}