{"id":7882,"date":"2025-05-15T09:42:58","date_gmt":"2025-05-15T09:42:58","guid":{"rendered":"https:\/\/sonkaya.magneroagency.com\/?post_type=product&#038;p=7882"},"modified":"2025-08-04T12:49:05","modified_gmt":"2025-08-04T12:49:05","slug":"smds100y-100ml-yari-otomatik-sivi-dolum-makinasi","status":"publish","type":"product","link":"https:\/\/sonkaya.magneroagency.com\/ar\/smds100y-100ml-yari-otomatik-sivi-dolum-makinasi\/","title":{"rendered":"\u0645\u0627\u0643\u064a\u0646\u0629 \u062a\u0639\u0628\u0626\u0629 \u0627\u0644\u0633\u0648\u0627\u0626\u0644 \u0627\u0644\u0623\u0648\u062a\u0648\u0645\u0627\u062a\u064a\u0643\u064a\u0629 DOLAY S100 100 \u0645\u0644"},"content":{"rendered":"<h2 class=\"\"><strong>\u0645\u0627\u0643\u064a\u0646\u0629 \u062a\u0639\u0628\u0626\u0629 \u0627\u0644\u0633\u0648\u0627\u0626\u0644 \u0627\u0644\u0623\u0648\u062a\u0648\u0645\u0627\u062a\u064a\u0643\u064a\u0629 Dolay S100: \u062d\u0644 \u062a\u0639\u0628\u0626\u0629 \u062f\u0642\u064a\u0642 \u0648\u0641\u0639\u0627\u0644<\/strong><\/h2>\n<p><strong>\u00a0<\/strong><\/p>\n<p>\u062a\u0642\u0648\u0645 \u0622\u0644\u0629 \u062a\u0639\u0628\u0626\u0629 \u0627\u0644\u0633\u0648\u0627\u0626\u0644 \u0634\u0628\u0647 \u0627\u0644\u0623\u0648\u062a\u0648\u0645\u0627\u062a\u064a\u0643\u064a\u0629 Dolay S100 \u0628\u062a\u0639\u0628\u0626\u0629 \u0627\u0644\u0645\u0646\u062a\u062c\u0627\u062a \u0627\u0644\u0633\u0627\u0626\u0644\u0629 \u0628\u064a\u0646 10 \u0645\u0644 \u0648100 \u0645\u0644 \u0628\u062f\u0642\u0629 %0.5. \u0648\u0628\u0641\u0636\u0644 \u0647\u0630\u0647 \u0627\u0644\u0645\u064a\u0632\u0629\u060c \u062a\u0639\u0645\u0644 \u0647\u0630\u0647 \u0627\u0644\u0645\u0627\u0643\u064a\u0646\u0629 \u0639\u0644\u0649 \u062a\u062d\u0633\u064a\u0646 \u0639\u0645\u0644\u064a\u0627\u062a \u0627\u0644\u0625\u0646\u062a\u0627\u062c \u0645\u0646 \u062e\u0644\u0627\u0644 \u0627\u0644\u062a\u0639\u0628\u0626\u0629 \u0628\u062f\u0642\u0629 \u0648\u0643\u0641\u0627\u0621\u0629 \u0639\u0627\u0644\u064a\u0629.<\/p>\n<p>&nbsp;<\/p>\n<h3 class=\"\">\u0627\u0644\u0645\u0632\u0627\u064a\u0627:<\/h3>\n<p>&nbsp;<\/p>\n<ul>\n<li><strong>\u0627\u0644\u062a\u0639\u0628\u0626\u0629 \u0627\u0644\u062f\u0642\u064a\u0642\u0629<\/strong>: \u064a\u0645\u0644\u0623 % \u0628\u062f\u0642\u0629 0.5\u060c \u0648\u064a\u0645\u0644\u0623 \u0627\u0644\u0643\u0645\u064a\u0629 \u0627\u0644\u0645\u0646\u0627\u0633\u0628\u0629 \u0645\u0646 \u0627\u0644\u0633\u0627\u0626\u0644 \u0628\u0633\u0631\u0639\u0629 \u0648\u0645\u0648\u062b\u0648\u0642\u064a\u0629 \u0641\u064a \u0643\u0644 \u0645\u0631\u0629.<\/li>\n<li><strong>\u0646\u0637\u0627\u0642 \u0633\u0639\u0629 \u0648\u0627\u0633\u0639\u0629<\/strong>: \u064a\u0648\u0641\u0651\u0631 \u062e\u064a\u0627\u0631\u0627\u062a \u062a\u0639\u0628\u0626\u0629 \u0645\u0631\u0646\u0629 \u0645\u0646 10 \u0645\u0644 \u0625\u0644\u0649 100 \u0645\u0644\u060c \u0644\u0630\u0627 \u0641\u0647\u0648 \u064a\u062a\u0643\u064a\u0641 \u0645\u0639 \u0639\u0628\u0648\u0627\u062a \u0627\u0644\u0645\u0646\u062a\u062c\u0627\u062a \u0627\u0644\u0645\u062e\u062a\u0644\u0641\u0629.<\/li>\n<li><strong>\u0627\u0644\u0645\u0639\u0627\u0644\u062c\u0629 \u0627\u0644\u0622\u0644\u064a\u0629<\/strong>: \u062a\u062a\u064a\u062d \u0648\u0638\u064a\u0641\u0629 \u0627\u0644\u062a\u0639\u0628\u0626\u0629 \u0627\u0644\u062a\u0644\u0642\u0627\u0626\u064a\u0629 \u0639\u0645\u0644\u064a\u0629 \u0633\u0647\u0644\u0629 \u0627\u0644\u0627\u0633\u062a\u062e\u062f\u0627\u0645 \u0648\u062a\u0648\u0641\u0631 \u0627\u0644\u0648\u0642\u062a \u0641\u064a \u0639\u0645\u0644\u064a\u0629 \u0627\u0644\u062a\u0639\u0628\u0626\u0629.<\/li>\n<\/ul>\n<p>&nbsp;<\/p>\n<p>\u064a\u064f\u0639\u062f Dolay S100 \u062e\u064a\u0627\u0631\u064b\u0627 \u0645\u062b\u0627\u0644\u064a\u064b\u0627 \u0644\u0639\u0645\u0644\u064a\u0627\u062a \u0627\u0644\u0625\u0646\u062a\u0627\u062c \u0627\u0644\u062a\u064a \u062a\u062a\u0637\u0644\u0628 \u062a\u0639\u0628\u0626\u0629 \u062f\u0642\u064a\u0642\u0629 \u0628\u0634\u0643\u0644 \u062e\u0627\u0635. \u0648\u0628\u0641\u0636\u0644 \u062f\u0642\u062a\u0647 \u0627\u0644\u0639\u0627\u0644\u064a\u0629 \u0648\u0646\u0637\u0627\u0642 \u0627\u0644\u062a\u0639\u0628\u0626\u0629 \u0627\u0644\u0645\u0631\u0646\u060c \u0641\u0625\u0646\u0647 \u064a\u0648\u0641\u0631 \u062d\u0644\u0627\u064b \u0645\u0648\u062b\u0648\u0642\u064b\u0627 \u0644\u062a\u0644\u0628\u064a\u0629 \u0627\u062d\u062a\u064a\u0627\u062c\u0627\u062a\u0643 \u0627\u0644\u0625\u0646\u062a\u0627\u062c\u064a\u0629.<\/p>\n<p>&nbsp;<\/p>\n<p>\u0645\u0627\u0643\u064a\u0646\u0629 \u062a\u0639\u0628\u0626\u0629 \u0627\u0644\u0633\u0648\u0627\u0626\u0644 \u0644\u062f\u064a\u0646\u0627, <b>\u0627\u0644\u0635\u0627\u0628\u0648\u0646 \u0627\u0644\u0633\u0627\u0626\u0644\u060c \u0648\u0645\u0636\u0627\u062f \u0627\u0644\u062a\u062c\u0645\u062f\u060c \u0648\u0627\u0644\u062d\u0644\u064a\u0628\u060c \u0648\u0627\u0644\u0632\u064a\u062a\u060c \u0648\u0627\u0644\u0632\u064a\u062a\u060c \u0648\u0627\u0644\u0632\u064a\u062a\u060c \u0648\u0627\u0644\u0639\u0637\u0648\u0631\u060c \u0648\u0627\u0644\u062c\u0644\u0633\u0631\u064a\u0646\u060c \u0648\u0627\u0644\u0644\u064a\u0645\u0648\u0646\u060c \u0648\u0627\u0644\u0644\u0628\u0646\u060c \u0648\u0627\u0644\u0644\u0628\u0646\u060c \u0648\u0639\u0635\u064a\u0631 \u0627\u0644\u0641\u0627\u0643\u0647\u0629\u060c \u0648\u0627\u0644\u0645\u0646\u0643\u0647\u0627\u062a<\/b> \u062a\u0632\u064a\u062f \u0645\u0646 \u0643\u0641\u0627\u0621\u0629 \u0627\u0644\u0625\u0646\u062a\u0627\u062c \u0648\u062a\u062a\u0643\u064a\u0641 \u062a\u0645\u0627\u0645\u064b\u0627 \u0645\u0639 \u0627\u062d\u062a\u064a\u0627\u062c\u0627\u062a \u0639\u0645\u0644\u0643 \u0645\u0646 \u062e\u0644\u0627\u0644 \u062a\u0639\u0628\u0626\u0629 \u062c\u0645\u064a\u0639 \u0623\u0646\u0648\u0627\u0639 \u0627\u0644\u0633\u0648\u0627\u0626\u0644 \u0627\u0644\u0633\u0627\u0626\u0644\u0629 \u0628\u0633\u0631\u0639\u0629 \u0648\u062f\u0642\u0629.<\/p>\n<p>&nbsp;<\/p>\n<p>\u0628\u0639\u062f \u0627\u0644\u0645\u0644\u0621 <a href=\"https:\/\/sonkaya.com.tr\/etiketleme-makinalari\" rel=\"nofollow noopener\" target=\"_blank\">\u0625\u064a\u062a\u064a\u0643<\/a>\u00a0\u064a\u0645\u0643\u0646\u0643 \u0628\u0633\u0647\u0648\u0644\u0629 \u0648\u0636\u0639 \u0627\u0644\u0645\u0644\u0635\u0642\u0627\u062a \u0639\u0644\u0649 \u0627\u0644\u0628\u0631\u0637\u0645\u0627\u0646\u0627\u062a \u0628\u0627\u0633\u062a\u062e\u062f\u0627\u0645 \u0645\u0627\u0643\u064a\u0646\u0629 \u0648\u0636\u0639 \u0627\u0644\u0645\u0644\u0635\u0642\u0627\u062a \u0639\u0644\u0649 \u0627\u0644\u0632\u062c\u0627\u062c\u0627\u062a \u0627\u0644\u062e\u0627\u0635\u0629 \u0628\u0646\u0627.<\/p>\n<p>&nbsp;<\/p>\n<p>\u0645\u0639 \u0645\u0627\u0643\u064a\u0646\u0627\u062a \u0627\u0644\u062a\u063a\u0637\u064a\u0629 \u0627\u0644\u062e\u0627\u0635\u0629 \u0628\u0646\u0627\u060c \u064a\u0645\u0643\u0646\u0643 \u0625\u063a\u0644\u0627\u0642 \u063a\u0637\u0627\u0621 \u0627\u0644\u0632\u062c\u0627\u062c\u0627\u062a \u0627\u0644\u062e\u0627\u0635\u0629 \u0628\u0643 \u0628\u0633\u0631\u0639\u0629 <a href=\"https:\/\/sonkaya.com.tr\/folyo-kapatma-makinalari\" rel=\"nofollow noopener\" target=\"_blank\">\u0641\u0648\u0644\u0643\u0627<\/a> \u064a\u0645\u0643\u0646\u0643 \u0623\u064a\u0636\u064b\u0627 \u0625\u063a\u0644\u0627\u0642 \u0627\u0644\u063a\u0637\u0627\u0621 \u0628\u0627\u0633\u062a\u062e\u062f\u0627\u0645 \u0645\u0627\u0643\u064a\u0646\u0629 \u062e\u062a\u0645 \u0631\u0642\u0627\u0626\u0642 \u0627\u0644\u0623\u0644\u0648\u0645\u0646\u064a\u0648\u0645 \u0627\u0644\u062e\u0627\u0635\u0629 \u0628\u0646\u0627.<\/p>\n<p>&nbsp;<\/p>\n<p>Eski \u00fcr\u00fcn kodu:\u00a0SMDS100Y<\/p>","protected":false},"excerpt":{"rendered":"<p>Dolay S100 Otomatik S\u0131v\u0131 Dolum Makinas\u0131: Hassas ve Verimli Dolum \u00c7\u00f6z\u00fcm\u00fc \u00a0 Dolay S100 Yar\u0131 Otomatik S\u0131v\u0131 Dolum Makinas\u0131, 10ml ile 100ml aras\u0131 ak\u0131\u015fkan \u00fcr\u00fcnleri %0.5 hassasiyetle doldurur. Bu \u00f6zelli\u011fi sayesinde, y\u00fcksek do\u011fruluk ve verimlilikle dolum yaparak, \u00fcretim s\u00fcre\u00e7lerinizi optimize eder. &nbsp; \u00d6zellikler: &nbsp; Hassas Dolum: %0.5 hassasiyetle dolum yaparak, her seferinde do\u011fru miktarda s\u0131v\u0131y\u0131 [&hellip;]<\/p>","protected":false},"featured_media":7920,"comment_status":"open","ping_status":"closed","template":"","meta":[],"product_brand":[82],"product_cat":[129,111],"product_tag":[],"class_list":{"0":"post-7882","1":"product","2":"type-product","3":"status-publish","4":"has-post-thumbnail","6":"product_brand-sonkaya","7":"product_cat-akiskan-sivi-dolum-makinalari","8":"product_cat-tum-urunlerimiz","10":"first","11":"instock","12":"shipping-taxable","13":"product-type-simple"},"_links":{"self":[{"href":"https:\/\/sonkaya.magneroagency.com\/ar\/wp-json\/wp\/v2\/product\/7882","targetHints":{"allow":["GET"]}}],"collection":[{"href":"https:\/\/sonkaya.magneroagency.com\/ar\/wp-json\/wp\/v2\/product"}],"about":[{"href":"https:\/\/sonkaya.magneroagency.com\/ar\/wp-json\/wp\/v2\/types\/product"}],"replies":[{"embeddable":true,"href":"https:\/\/sonkaya.magneroagency.com\/ar\/wp-json\/wp\/v2\/comments?post=7882"}],"wp:featuredmedia":[{"embeddable":true,"href":"https:\/\/sonkaya.magneroagency.com\/ar\/wp-json\/wp\/v2\/media\/7920"}],"wp:attachment":[{"href":"https:\/\/sonkaya.magneroagency.com\/ar\/wp-json\/wp\/v2\/media?parent=7882"}],"wp:term":[{"taxonomy":"product_brand","embeddable":true,"href":"https:\/\/sonkaya.magneroagency.com\/ar\/wp-json\/wp\/v2\/product_brand?post=7882"},{"taxonomy":"product_cat","embeddable":true,"href":"https:\/\/sonkaya.magneroagency.com\/ar\/wp-json\/wp\/v2\/product_cat?post=7882"},{"taxonomy":"product_tag","embeddable":true,"href":"https:\/\/sonkaya.magneroagency.com\/ar\/wp-json\/wp\/v2\/product_tag?post=7882"}],"curies":[{"name":"wp","href":"https:\/\/api.w.org\/{rel}","templated":true}]}}