{"id":7857,"date":"2025-05-15T09:42:16","date_gmt":"2025-05-15T09:42:16","guid":{"rendered":"https:\/\/sonkaya.magneroagency.com\/?post_type=product&#038;p=7857"},"modified":"2025-12-23T16:28:41","modified_gmt":"2025-12-23T13:28:41","slug":"murto-32-tarih-kodlama-makinasi-murekkep-topu-36x32mm","status":"publish","type":"product","link":"https:\/\/sonkaya.magneroagency.com\/ar\/murto-32-tarih-kodlama-makinasi-murekkep-topu-36x32mm\/","title":{"rendered":"\u0645\u0627\u0643\u064a\u0646\u0629 \u062a\u0631\u0645\u064a\u0632 \u0627\u0644\u062a\u0627\u0631\u064a\u062e MURTO 32 \u0622\u0644\u0629 \u062a\u0631\u0645\u064a\u0632 \u0627\u0644\u062a\u0627\u0631\u064a\u062e \u0628\u0627\u0644\u062d\u0628\u0631 \u0627\u0644\u0635\u0644\u0628 \u0643\u0631\u0629 \u062d\u0628\u0631 \u0635\u0644\u0628 36 \u00d7 32 \u0645\u0645"},"content":{"rendered":"<h2 class=\"\">\u0622\u0644\u0629 \u062a\u0631\u0645\u064a\u0632 \u0627\u0644\u062a\u0627\u0631\u064a\u062e \u0645\u0648\u0631\u062a\u0648 32 \u0643\u0631\u0629 \u062d\u0628\u0631 \u0622\u0644\u0629 \u062a\u0631\u0645\u064a\u0632 \u0627\u0644\u062a\u0627\u0631\u064a\u062e 36 \u00d7 32 \u0645\u0645<\/h2>\n<p>&nbsp;<\/p>\n<p>\u0633\u0648\u0646\u0643\u0627\u064a\u0627 <strong>\u0645\u0648\u0631\u062a\u0648 32<\/strong>\u00a0\u0625\u0646\u0647\u0627 \u0643\u0631\u0629 \u062d\u0628\u0631 \u062a\u0645 \u0625\u0646\u062a\u0627\u062c\u0647\u0627 \u062e\u0635\u064a\u0635\u064b\u0627 \u0644\u0622\u0644\u0629 \u062a\u0631\u0645\u064a\u0632 \u0627\u0644\u062a\u0645\u0648\u0631. \u064a\u062a\u0645 \u062a\u0635\u0646\u064a\u0639\u0647\u0627 \u0628\u0627\u0633\u062a\u062e\u062f\u0627\u0645 \u062a\u0642\u0646\u064a\u0629 \u0627\u0644\u062d\u0628\u0631 \u0627\u0644\u0635\u0644\u0628 \u0648\u064a\u0628\u0644\u063a \u0633\u0645\u0643 \u0643\u0631\u0629 \u0627\u0644\u062d\u0628\u0631 32 \u0645\u0645 \u0648\u0642\u0637\u0631\u0647\u0627 36 \u0645\u0645.<\/p>\n<p>&nbsp;<\/p>\n<p><strong>\u0645\u0648\u0627\u0635\u0641\u0627\u062a \u0627\u0644\u0645\u0646\u062a\u062c:<\/strong><\/p>\n<p><strong>\u00a0<\/strong><\/p>\n<ul>\n<li><strong>\u0633\u0639\u0629 \u0627\u0644\u062a\u0631\u0645\u064a\u0632:<\/strong> \u062a\u0628\u0644\u063a \u0633\u0639\u0629 \u0645\u062f\u0641\u0639 \u0627\u0644\u062d\u0628\u0631 \u0645\u0627 \u064a\u0642\u0631\u0628 \u0645\u0646 30,000 - 40,000 \u062a\u0631\u0645\u064a\u0632\u060c \u0627\u0639\u062a\u0645\u0627\u062f\u064b\u0627 \u0639\u0644\u0649 \u0639\u062f\u062f \u0627\u0644\u0623\u062d\u0631\u0641 \u0627\u0644\u062a\u064a \u062a\u0642\u0648\u0645 \u0628\u062a\u0631\u0645\u064a\u0632\u0647\u0627. \u0648\u0647\u0630\u0627 \u064a\u062c\u0639\u0644 \u0643\u0631\u0629 \u0627\u0644\u062d\u0628\u0631 \u0648\u0627\u062d\u062f\u0629 \u0645\u0646 \u0623\u0643\u062b\u0631 \u062d\u0644\u0648\u0644 \u0627\u0644\u062a\u0631\u0645\u064a\u0632 \u0627\u0642\u062a\u0635\u0627\u062f\u064a\u0629.<\/li>\n<li><strong>\u0627\u0644\u062d\u0631\u0627\u0631\u0629 \u0648\u0627\u0644\u062a\u062c\u0641\u064a\u0641:<\/strong> \u0639\u0646\u062f \u062f\u0631\u062c\u0629 \u062d\u0631\u0627\u0631\u0629 90-100 \u062f\u0631\u062c\u0629\u060c \u064a\u0644\u062a\u0635\u0642 \u0627\u0644\u062d\u0628\u0631 \u0628\u0633\u0631\u0639\u0629 \u0648\u0628\u0642\u0648\u0629 \u0639\u0644\u0649 \u0633\u0637\u062d \u0627\u0644\u0639\u0628\u0648\u0629. \u064a\u062c\u0641 \u0639\u0644\u0649 \u0627\u0644\u0641\u0648\u0631\u060c \u0644\u0630\u0644\u0643 \u0644\u0627 \u062a\u0648\u062c\u062f \u0645\u0634\u0643\u0644\u0629 \u0641\u064a \u0627\u0644\u062a\u0634\u062a\u062a \u0623\u0648 \u0627\u0644\u062a\u062f\u0641\u0642.<\/li>\n<li><strong>\u0627\u0644\u062a\u0646\u0641\u064a\u0630:<\/strong> \u064a\u0645\u0643\u0646 \u0627\u0633\u062a\u062e\u062f\u0627\u0645 \u0643\u0631\u0629 \u0627\u0644\u062d\u0628\u0631 \u0627\u0644\u0635\u0644\u0628\u0629 \u0628\u0623\u0645\u0627\u0646 \u0648\u062a\u0648\u0627\u0641\u0642\u0647\u0627 \u0645\u0639 \u0645\u0627\u0643\u064a\u0646\u0627\u062a \u062a\u0631\u0645\u064a\u0632 \u0627\u0644\u062a\u0648\u0627\u0631\u064a\u062e SMTK217 \u0648 SMTK228 \u0648 SMTK130RP \u0645\u0646 Sonkaya.<\/li>\n<\/ul>\n<p><strong>\u0627\u0644\u0645\u0639\u0644\u0648\u0645\u0627\u062a \u0627\u0644\u0641\u0646\u064a\u0629:<\/strong><\/p>\n<ul>\n<li><strong>\u0627\u0644\u0642\u0637\u0631:<\/strong> 36 \u0645\u0645<\/li>\n<li><strong>\u0627\u0644\u0633\u064f\u0645\u0643:<\/strong> 32 \u0645\u0645<\/li>\n<\/ul>\n<p>\u064a\u064f\u0631\u062c\u0649 \u0637\u0644\u0628 \u0645\u0639\u0644\u0648\u0645\u0627\u062a \u0639\u0646 \u0627\u0644\u0623\u0633\u0639\u0627\u0631 \u0644\u0634\u0631\u0627\u0621 \u0627\u0644\u0643\u0645\u064a\u0629.<\/p>\n<p>&nbsp;<\/p>\n<p>\u0631\u0645\u0632 \u0627\u0644\u0645\u0646\u062a\u062c \u0627\u0644\u0642\u062f\u064a\u0645: SMTK9041-SIYYAH<\/p>","protected":false},"excerpt":{"rendered":"<p>Murto 32 Tarih Kodlama Makinas\u0131 M\u00fcrekkep Topu 36x32mm &nbsp; Sonkaya Murto 32\u00a0tarih kodlama makinas\u0131 i\u00e7in \u00f6zel olarak \u00fcretilmi\u015f m\u00fcrekkep topudur. Kat\u0131 m\u00fcrekkep (solid ink) teknolojisi kullan\u0131larak \u00fcretilmi\u015ftir ve m\u00fcrekkep topunun kal\u0131nl\u0131\u011f\u0131 32 mm, \u00e7ap\u0131 ise 36 mm&#8217;dir. &nbsp; \u00dcr\u00fcn \u00d6zellikleri: \u00a0 Kodlama Kapasitesi: M\u00fcrekkep topu, kodlama yapt\u0131\u011f\u0131n\u0131z karakter say\u0131s\u0131na ba\u011fl\u0131 olarak yakla\u015f\u0131k 30.000 &#8211; 40.000 [&hellip;]<\/p>","protected":false},"featured_media":7885,"comment_status":"open","ping_status":"closed","template":"","meta":[],"product_brand":[82],"product_cat":[111],"product_tag":[],"class_list":{"0":"post-7857","1":"product","2":"type-product","3":"status-publish","4":"has-post-thumbnail","6":"product_brand-sonkaya","7":"product_cat-tum-urunlerimiz","9":"first","10":"instock","11":"shipping-taxable","12":"product-type-variable"},"_links":{"self":[{"href":"https:\/\/sonkaya.magneroagency.com\/ar\/wp-json\/wp\/v2\/product\/7857","targetHints":{"allow":["GET"]}}],"collection":[{"href":"https:\/\/sonkaya.magneroagency.com\/ar\/wp-json\/wp\/v2\/product"}],"about":[{"href":"https:\/\/sonkaya.magneroagency.com\/ar\/wp-json\/wp\/v2\/types\/product"}],"replies":[{"embeddable":true,"href":"https:\/\/sonkaya.magneroagency.com\/ar\/wp-json\/wp\/v2\/comments?post=7857"}],"wp:featuredmedia":[{"embeddable":true,"href":"https:\/\/sonkaya.magneroagency.com\/ar\/wp-json\/wp\/v2\/media\/7885"}],"wp:attachment":[{"href":"https:\/\/sonkaya.magneroagency.com\/ar\/wp-json\/wp\/v2\/media?parent=7857"}],"wp:term":[{"taxonomy":"product_brand","embeddable":true,"href":"https:\/\/sonkaya.magneroagency.com\/ar\/wp-json\/wp\/v2\/product_brand?post=7857"},{"taxonomy":"product_cat","embeddable":true,"href":"https:\/\/sonkaya.magneroagency.com\/ar\/wp-json\/wp\/v2\/product_cat?post=7857"},{"taxonomy":"product_tag","embeddable":true,"href":"https:\/\/sonkaya.magneroagency.com\/ar\/wp-json\/wp\/v2\/product_tag?post=7857"}],"curies":[{"name":"wp","href":"https:\/\/api.w.org\/{rel}","templated":true}]}}